{"id":15255,"date":"2025-02-24T22:48:26","date_gmt":"2025-02-24T21:48:26","guid":{"rendered":"https:\/\/staviori.com.pl\/product\/srebrny-pierscionek-pdm4420\/"},"modified":"2026-02-11T00:09:10","modified_gmt":"2026-02-10T23:09:10","slug":"srebrny-pierscionek-pdm4420","status":"publish","type":"product","link":"https:\/\/staviori.com.pl\/en\/product\/srebrny-pierscionek-pdm4420\/","title":{"rendered":"silver modern X ring with marcasites"},"content":{"rendered":"<p>Model: PDM4420<br \/>\nWeight approx. 3.40g<\/p>\n<p>Ring.<br \/>\n0.925 silver.<br \/>\nMarcasites.<br \/>\nPosiada dwa r\u00f3\u017cne rozmiary &#8211; w szerz i wzd\u0142u\u017c<\/p>\n<p>Only some sizes available - please ask<br \/>\nW przypadku braku rozmiaru &#8211; mo\u017cemy przyj\u0105\u0107 zam\u00f3wienie danego rozmiaru w nadchodz\u0105cej kolejnej dostawie.<\/p>","protected":false},"excerpt":{"rendered":"<p>Nowoczesny i intryguj\u0105cy pier\u015bcionek w formie litery X, wykonany ze srebra pr\u00f3by 0,925 i ozdobiony markazytami. Geometryczna forma nadaje mu wyj\u0105tkowego charakteru, a b\u0142ysk kamieni pi\u0119knie kontrastuje z ch\u0142odnym po\u0142yskiem srebra. Idealny wyb\u00f3r dla kobiet ceni\u0105cych unikalny design i bi\u017cuteri\u0119 z wyrazem.<\/p>","protected":false},"featured_media":5802,"comment_status":"closed","ping_status":"closed","template":"","meta":{"om_disable_all_campaigns":false},"product_brand":[2284],"product_cat":[1384,801,2206,1817,145],"product_tag":[4754,5088,2425,2569,5210,5160,5211,2427],"class_list":{"0":"post-15255","1":"product","2":"type-product","3":"status-publish","4":"has-post-thumbnail","6":"product_brand-staviori","7":"product_cat-bizuteria","8":"product_cat-pierscionki","9":"product_cat-srebrny-pierscionek","10":"product_cat-srebro-2","11":"product_cat-srebro","12":"product_tag-designerski-pierscionek","13":"product_tag-geometryczny-pierscionek","14":"product_tag-markazyty","15":"product_tag-nowoczesna-bizuteria","16":"product_tag-pdm4420","17":"product_tag-pierscionek-srebrny","18":"product_tag-pierscionek-x","19":"product_tag-srebro-925","20":"pa_dostawca-markazyty-hong","21":"pa_kamien-markazyty","22":"pa_kruszec-srebro","23":"pa_proba-0-925","24":"pa_rozmiar-4355","25":"pa_rozmiar-2352","26":"pa_rozmiar-2354","27":"pa_rozmiar-2357","28":"pa_rozmiar-4356","29":"pa_rozmiar-4862","30":"pa_waga-340g","32":"first","33":"instock","34":"purchasable","35":"product-type-simple"},"aioseo_notices":[],"_links":{"self":[{"href":"https:\/\/staviori.com.pl\/en\/wp-json\/wp\/v2\/product\/15255","targetHints":{"allow":["GET"]}}],"collection":[{"href":"https:\/\/staviori.com.pl\/en\/wp-json\/wp\/v2\/product"}],"about":[{"href":"https:\/\/staviori.com.pl\/en\/wp-json\/wp\/v2\/types\/product"}],"replies":[{"embeddable":true,"href":"https:\/\/staviori.com.pl\/en\/wp-json\/wp\/v2\/comments?post=15255"}],"wp:featuredmedia":[{"embeddable":true,"href":"https:\/\/staviori.com.pl\/en\/wp-json\/wp\/v2\/media\/5802"}],"wp:attachment":[{"href":"https:\/\/staviori.com.pl\/en\/wp-json\/wp\/v2\/media?parent=15255"}],"wp:term":[{"taxonomy":"product_brand","embeddable":true,"href":"https:\/\/staviori.com.pl\/en\/wp-json\/wp\/v2\/product_brand?post=15255"},{"taxonomy":"product_cat","embeddable":true,"href":"https:\/\/staviori.com.pl\/en\/wp-json\/wp\/v2\/product_cat?post=15255"},{"taxonomy":"product_tag","embeddable":true,"href":"https:\/\/staviori.com.pl\/en\/wp-json\/wp\/v2\/product_tag?post=15255"}],"curies":[{"name":"wp","href":"https:\/\/api.w.org\/{rel}","templated":true}]}}