{"id":15230,"date":"2025-02-24T22:48:26","date_gmt":"2025-02-24T21:48:26","guid":{"rendered":"https:\/\/staviori.com.pl\/product\/srebrny-pierscionek-pdk2020\/"},"modified":"2026-04-13T15:11:09","modified_gmt":"2026-04-13T13:11:09","slug":"srebrny-pierscionek-pdk2020","status":"publish","type":"product","link":"https:\/\/staviori.com.pl\/en\/product\/srebrny-pierscionek-pdk2020\/","title":{"rendered":"silver beautiful large ring with coral and marcasites"},"content":{"rendered":"<p>Model: PDK2020<br \/>\nWaga ok. 6,80g<\/p>\n<p>Ring.<br \/>\n0.925 silver.<br \/>\nKoral.<br \/>\nMarcasites.<\/p>\n<p>\u015arednica korony ok. 18&#215;28 mm.<br \/>\nWysoko\u015b\u0107 9 mm.<\/p>\n<p>Only some sizes available - please ask<\/p>","protected":false},"excerpt":{"rendered":"<p>Wyrazisty pier\u015bcionek wykonany z najwy\u017cszej jako\u015bci srebra pr\u00f3by 0,925, ozdobiony intensywnie czerwonym koralem o pod\u0142u\u017cnym szlifie. Efektown\u0105 opraw\u0119 stanowi\u0105 l\u015bni\u0105ce markazyty, kt\u00f3re nadaj\u0105 kompozycji szlachetnego, lekko vintage&#8217;owego charakteru. Ten model to doskona\u0142y wyb\u00f3r dla kobiet ceni\u0105cych odwa\u017cne, a jednocze\u015bnie eleganckie akcenty bi\u017cuteryjne.<\/p>","protected":false},"featured_media":22756,"comment_status":"closed","ping_status":"closed","template":"","meta":{"om_disable_all_campaigns":false},"product_brand":[2284,2350],"product_cat":[801,2206,1817],"product_tag":[3003,5202,3759,2425,5204,5183,5160,4843,5203,2427],"class_list":{"0":"post-15230","1":"product","2":"type-product","3":"status-publish","4":"has-post-thumbnail","6":"product_brand-staviori","7":"product_brand-verona","8":"product_cat-pierscionki","9":"product_cat-srebrny-pierscionek","10":"product_cat-srebro-2","11":"product_tag-bizuteria-vintage","12":"product_tag-duzy-pierscionek","13":"product_tag-koral","14":"product_tag-markazyty","15":"product_tag-pdk2020","16":"product_tag-pierscionek-retro","17":"product_tag-pierscionek-srebrny","18":"product_tag-pierscionek-z-kamieniem","19":"product_tag-spz3505","20":"product_tag-srebro-925","21":"pa_kamien-koral","22":"pa_kamien-markazyty","23":"pa_kruszec-srebro","24":"pa_proba-0-925","25":"pa_rozmiar-2352","26":"pa_rozmiar-2354","27":"pa_rozmiar-2356","28":"pa_rozmiar-2357","29":"pa_rozmiar-2360","30":"pa_rozmiar-4356","31":"pa_rozmiar-4357","32":"pa_rozmiar-4358","33":"pa_rozmiar-4359","34":"pa_srednica-korony-ok-18x28mm","35":"pa_waga-680g","36":"pa_wysokosc-9mm","38":"first","39":"outofstock","40":"purchasable","41":"product-type-variable"},"aioseo_notices":[],"_links":{"self":[{"href":"https:\/\/staviori.com.pl\/en\/wp-json\/wp\/v2\/product\/15230","targetHints":{"allow":["GET"]}}],"collection":[{"href":"https:\/\/staviori.com.pl\/en\/wp-json\/wp\/v2\/product"}],"about":[{"href":"https:\/\/staviori.com.pl\/en\/wp-json\/wp\/v2\/types\/product"}],"replies":[{"embeddable":true,"href":"https:\/\/staviori.com.pl\/en\/wp-json\/wp\/v2\/comments?post=15230"}],"wp:featuredmedia":[{"embeddable":true,"href":"https:\/\/staviori.com.pl\/en\/wp-json\/wp\/v2\/media\/22756"}],"wp:attachment":[{"href":"https:\/\/staviori.com.pl\/en\/wp-json\/wp\/v2\/media?parent=15230"}],"wp:term":[{"taxonomy":"product_brand","embeddable":true,"href":"https:\/\/staviori.com.pl\/en\/wp-json\/wp\/v2\/product_brand?post=15230"},{"taxonomy":"product_cat","embeddable":true,"href":"https:\/\/staviori.com.pl\/en\/wp-json\/wp\/v2\/product_cat?post=15230"},{"taxonomy":"product_tag","embeddable":true,"href":"https:\/\/staviori.com.pl\/en\/wp-json\/wp\/v2\/product_tag?post=15230"}],"curies":[{"name":"wp","href":"https:\/\/api.w.org\/{rel}","templated":true}]}}