{"id":15196,"date":"2025-02-24T22:48:22","date_gmt":"2025-02-24T21:48:22","guid":{"rendered":"https:\/\/staviori.com.pl\/product\/srebrny-pierscionek-pcs6525\/"},"modified":"2026-04-20T01:07:39","modified_gmt":"2026-04-19T23:07:39","slug":"srebrny-pierscionek-pcs6525","status":"publish","type":"product","link":"https:\/\/staviori.com.pl\/en\/product\/srebrny-pierscionek-pcs6525\/","title":{"rendered":"Srebrny pier\u015bcionek X srebro rodowane  PCS6525"},"content":{"rendered":"<p>Model: PCS6525<br \/>\nWaga ok. 2,01g<\/p>\n<p>Ring.<br \/>\n0.925 rhodium-plated silver.<\/p>\n<p>Only some sizes available - please ask<\/p>","protected":false},"excerpt":{"rendered":"<p>Nowoczesny pier\u015bcionek wykonany z rodowanego srebra pr\u00f3by 0,925, zachwyca subtelnym, ale jednocze\u015bnie wyrazistym designem. Skrzy\u017cowane obr\u0119cze tworz\u0105 elegancki motyw litery &#8222;X&#8221;, symbolizuj\u0105cy si\u0142\u0119, balans i harmoni\u0119. B\u0142yszcz\u0105ca powierzchnia nadaje ca\u0142o\u015bci szlachetnego charakteru. Idealny wyb\u00f3r dla kobiet ceni\u0105cych minimalizm z nut\u0105 oryginalno\u015bci.<\/p>","protected":false},"featured_media":15197,"comment_status":"closed","ping_status":"closed","template":"","meta":{"om_disable_all_campaigns":false},"product_brand":[2284,2350],"product_cat":[1384,801,2206,1817,145],"product_tag":[5162,5164,5165,5161,5160,2291,3101,2426,5163],"class_list":{"0":"post-15196","1":"product","2":"type-product","3":"status-publish","4":"has-post-thumbnail","6":"product_brand-staviori","7":"product_brand-verona","8":"product_cat-bizuteria","9":"product_cat-pierscionki","10":"product_cat-srebrny-pierscionek","11":"product_cat-srebro-2","12":"product_cat-srebro","13":"product_tag-bizuteria-minimal","14":"product_tag-p046564","15":"product_tag-pcs6525","16":"product_tag-pierscionek-nowoczesny","17":"product_tag-pierscionek-srebrny","18":"product_tag-prezent-dla-niej","19":"product_tag-srebrna-bizuteria","20":"product_tag-srebro-rodowane","21":"product_tag-symbol-x","22":"pa_kruszec-srebro-rodowane","23":"pa_proba-0-925","24":"pa_rozmiar-2351","25":"pa_rozmiar-2352","26":"pa_rozmiar-2353","27":"pa_rozmiar-2354","28":"pa_rozmiar-2355","29":"pa_waga-205g","31":"first","32":"instock","33":"purchasable","34":"product-type-variable"},"aioseo_notices":[],"_links":{"self":[{"href":"https:\/\/staviori.com.pl\/en\/wp-json\/wp\/v2\/product\/15196","targetHints":{"allow":["GET"]}}],"collection":[{"href":"https:\/\/staviori.com.pl\/en\/wp-json\/wp\/v2\/product"}],"about":[{"href":"https:\/\/staviori.com.pl\/en\/wp-json\/wp\/v2\/types\/product"}],"replies":[{"embeddable":true,"href":"https:\/\/staviori.com.pl\/en\/wp-json\/wp\/v2\/comments?post=15196"}],"wp:featuredmedia":[{"embeddable":true,"href":"https:\/\/staviori.com.pl\/en\/wp-json\/wp\/v2\/media\/15197"}],"wp:attachment":[{"href":"https:\/\/staviori.com.pl\/en\/wp-json\/wp\/v2\/media?parent=15196"}],"wp:term":[{"taxonomy":"product_brand","embeddable":true,"href":"https:\/\/staviori.com.pl\/en\/wp-json\/wp\/v2\/product_brand?post=15196"},{"taxonomy":"product_cat","embeddable":true,"href":"https:\/\/staviori.com.pl\/en\/wp-json\/wp\/v2\/product_cat?post=15196"},{"taxonomy":"product_tag","embeddable":true,"href":"https:\/\/staviori.com.pl\/en\/wp-json\/wp\/v2\/product_tag?post=15196"}],"curies":[{"name":"wp","href":"https:\/\/api.w.org\/{rel}","templated":true}]}}