{"id":15175,"date":"2025-02-24T22:48:18","date_gmt":"2025-02-24T21:48:18","guid":{"rendered":"https:\/\/staviori.com.pl\/product\/pierscionek-z-diamentem-pbd6103\/"},"modified":"2026-02-11T00:09:09","modified_gmt":"2026-02-10T23:09:09","slug":"pierscionek-z-diamentem-pbd6103","status":"publish","type":"product","link":"https:\/\/staviori.com.pl\/en\/product\/pierscionek-z-diamentem-pbd6103\/","title":{"rendered":"Exclusive | beautiful star ring with diamonds in 750 gold"},"content":{"rendered":"<p>Model: PBD6103<br \/>\nWaga ok. 1,70g<\/p>\n<p>Ring.<br \/>\nWhite Gold 0.750.<br \/>\n17 Diament\u00f3w, szlif brylantowy, o masie 0,14ct, barwa G, czysto\u015b\u0107 VS1-SI2.<\/p>\n<p>Can be manufactured in a different gold colour.<br \/>\nProduct in any size, available on request only, lead time approx. 2 weeks.<\/p>","protected":false},"excerpt":{"rendered":"<p>Uroczy pier\u015bcionek z bia\u0142ego z\u0142ota pr\u00f3by 0,750, kt\u00f3rego sercem jest kwiatowy motyw uformowany z 17 diament\u00f3w w szlifie brylantowym (o \u0142\u0105cznej masie 0,14 ct). Delikatna obr\u0105czka i misternie u\u0142o\u017cone p\u0142atki tworz\u0105 harmonijn\u0105 ca\u0142o\u015b\u0107, pe\u0142n\u0105 kobiecego wdzi\u0119ku i subtelnego blasku. Idealna propozycja dla mi\u0142o\u015bniczek bi\u017cuterii inspirowanej natur\u0105 \u2013 romantyczna, lekka i ol\u015bniewaj\u0105ca.<\/p>","protected":false},"featured_media":5638,"comment_status":"closed","ping_status":"closed","template":"","meta":{"om_disable_all_campaigns":false},"product_brand":[2284],"product_cat":[1803,1838,2182,6741,801],"product_tag":[2308,4679,5115,5114,4708,2579],"class_list":{"0":"post-15175","1":"product","2":"type-product","3":"status-publish","4":"has-post-thumbnail","6":"product_brand-staviori","7":"product_cat-brylanty-exclusive","8":"product_cat-diamenty","9":"product_cat-pierscionek-z-diamentem","10":"product_cat-pierscionki-brylanty-exclusive","11":"product_cat-pierscionki","12":"product_tag-biale-zloto","13":"product_tag-delikatny-pierscionek","14":"product_tag-elegancki-styl","15":"product_tag-motyw-kwiatu","16":"product_tag-pierscionek-z-diamentami","17":"product_tag-romantyczna-bizuteria","18":"pa_barwa-g-2","19":"pa_czystosc-vs1","20":"pa_dostawca-hosgor","21":"pa_kamien-brylanty","22":"pa_kolor-biale","23":"pa_kruszec-zloto","24":"pa_okazja-idealne-na-zareczyny","25":"pa_proba-0-750","26":"pa_waga-170g","28":"first","29":"onbackorder","30":"purchasable","31":"product-type-simple"},"aioseo_notices":[],"_links":{"self":[{"href":"https:\/\/staviori.com.pl\/en\/wp-json\/wp\/v2\/product\/15175","targetHints":{"allow":["GET"]}}],"collection":[{"href":"https:\/\/staviori.com.pl\/en\/wp-json\/wp\/v2\/product"}],"about":[{"href":"https:\/\/staviori.com.pl\/en\/wp-json\/wp\/v2\/types\/product"}],"replies":[{"embeddable":true,"href":"https:\/\/staviori.com.pl\/en\/wp-json\/wp\/v2\/comments?post=15175"}],"wp:featuredmedia":[{"embeddable":true,"href":"https:\/\/staviori.com.pl\/en\/wp-json\/wp\/v2\/media\/5638"}],"wp:attachment":[{"href":"https:\/\/staviori.com.pl\/en\/wp-json\/wp\/v2\/media?parent=15175"}],"wp:term":[{"taxonomy":"product_brand","embeddable":true,"href":"https:\/\/staviori.com.pl\/en\/wp-json\/wp\/v2\/product_brand?post=15175"},{"taxonomy":"product_cat","embeddable":true,"href":"https:\/\/staviori.com.pl\/en\/wp-json\/wp\/v2\/product_cat?post=15175"},{"taxonomy":"product_tag","embeddable":true,"href":"https:\/\/staviori.com.pl\/en\/wp-json\/wp\/v2\/product_tag?post=15175"}],"curies":[{"name":"wp","href":"https:\/\/api.w.org\/{rel}","templated":true}]}}