{"id":15174,"date":"2025-02-24T22:48:18","date_gmt":"2025-02-24T21:48:18","guid":{"rendered":"https:\/\/staviori.com.pl\/product\/pierscionek-z-diamentem-pbd6098\/"},"modified":"2026-02-11T00:09:08","modified_gmt":"2026-02-10T23:09:08","slug":"pierscionek-z-diamentem-pbd6098","status":"publish","type":"product","link":"https:\/\/staviori.com.pl\/en\/product\/pierscionek-z-diamentem-pbd6098\/","title":{"rendered":"Excslusive | beautiful diamond ring in 18 carat gold"},"content":{"rendered":"<p>Model: PBD6098<br \/>\nWaga ok. 2,02g<\/p>\n<p>Ring.<br \/>\nWhite Gold 0.750.<br \/>\n20 Diament\u00f3w, szlif brylantowy, o masie 0,15ct, barwa G, czysto\u015b\u0107 VS1-SI2.<\/p>\n<p>Can be manufactured in a different gold colour.<br \/>\nProduct in any size, available on request only, lead time approx. 2 weeks.<\/p>","protected":false},"excerpt":{"rendered":"<p>Elegancki pier\u015bcionek z bia\u0142ego z\u0142ota pr\u00f3by 0,750 o subtelnym, skrzy\u017cowanym kszta\u0142cie, ozdobiony 20 diamentami w szlifie brylantowym o \u0142\u0105cznej masie 0,15 ct. L\u015bni\u0105ce linie biegn\u0105ce r\u00f3wnolegle w harmonijnym uk\u0142adzie podkre\u015blaj\u0105 nowoczesny, a zarazem klasyczny charakter tej bi\u017cuterii. Idealny wyb\u00f3r dla kobiet poszukuj\u0105cych stylowego dodatku o ponadczasowym uroku.<\/p>","protected":false},"featured_media":5633,"comment_status":"closed","ping_status":"closed","template":"","meta":{"om_disable_all_campaigns":false},"product_brand":[2284],"product_cat":[1803,1838,2182,801],"product_tag":[2308,3781,5110,5109,4923,4993,4928,2317,3831,5112,4071,4073,5113,2983,5106,5108,5111,5107,3777],"class_list":{"0":"post-15174","1":"product","2":"type-product","3":"status-publish","4":"has-post-thumbnail","6":"product_brand-staviori","7":"product_cat-brylanty-exclusive","8":"product_cat-diamenty","9":"product_cat-pierscionek-z-diamentem","10":"product_cat-pierscionki","11":"product_tag-biale-zloto","12":"product_tag-bile-zlato","13":"product_tag-classic-design","14":"product_tag-crossover-ring","15":"product_tag-diamantovy-prsten","16":"product_tag-diamentowy-pierscionek","17":"product_tag-diamond-ring","18":"product_tag-elegancka-bizuteria","19":"product_tag-elegant-jewelry","20":"product_tag-elegantni-sperk","21":"product_tag-modern-style","22":"product_tag-moderni-styl","23":"product_tag-nadcasova-klasika","24":"product_tag-nowoczesny-styl","25":"product_tag-pbd6098","26":"product_tag-ponadczasowa-klasyka","27":"product_tag-prekrizeny-design","28":"product_tag-skrzyzowany-pierscionek","29":"product_tag-white-gold","30":"pa_barwa-g-2","31":"pa_czystosc-vs1","32":"pa_dostawca-hosgor","33":"pa_kamien-brylanty","34":"pa_kolor-biale","35":"pa_kruszec-zloto","36":"pa_proba-0-750","37":"pa_waga-200g","39":"first","40":"onbackorder","41":"purchasable","42":"product-type-simple"},"aioseo_notices":[],"_links":{"self":[{"href":"https:\/\/staviori.com.pl\/en\/wp-json\/wp\/v2\/product\/15174","targetHints":{"allow":["GET"]}}],"collection":[{"href":"https:\/\/staviori.com.pl\/en\/wp-json\/wp\/v2\/product"}],"about":[{"href":"https:\/\/staviori.com.pl\/en\/wp-json\/wp\/v2\/types\/product"}],"replies":[{"embeddable":true,"href":"https:\/\/staviori.com.pl\/en\/wp-json\/wp\/v2\/comments?post=15174"}],"wp:featuredmedia":[{"embeddable":true,"href":"https:\/\/staviori.com.pl\/en\/wp-json\/wp\/v2\/media\/5633"}],"wp:attachment":[{"href":"https:\/\/staviori.com.pl\/en\/wp-json\/wp\/v2\/media?parent=15174"}],"wp:term":[{"taxonomy":"product_brand","embeddable":true,"href":"https:\/\/staviori.com.pl\/en\/wp-json\/wp\/v2\/product_brand?post=15174"},{"taxonomy":"product_cat","embeddable":true,"href":"https:\/\/staviori.com.pl\/en\/wp-json\/wp\/v2\/product_cat?post=15174"},{"taxonomy":"product_tag","embeddable":true,"href":"https:\/\/staviori.com.pl\/en\/wp-json\/wp\/v2\/product_tag?post=15174"}],"curies":[{"name":"wp","href":"https:\/\/api.w.org\/{rel}","templated":true}]}}