{"id":15172,"date":"2025-02-24T22:48:18","date_gmt":"2025-02-24T21:48:18","guid":{"rendered":"https:\/\/staviori.com.pl\/product\/pierscionek-z-diamentem-pbd6095\/"},"modified":"2026-02-11T00:09:08","modified_gmt":"2026-02-10T23:09:08","slug":"pierscionek-z-diamentem-pbd6095","status":"publish","type":"product","link":"https:\/\/staviori.com.pl\/en\/product\/pierscionek-z-diamentem-pbd6095\/","title":{"rendered":"Exclusive | unusual ring with baguette diamonds and diamonds in 18K gold"},"content":{"rendered":"<p>Model: PBD6095<br \/>\nWeight approx. 1.90g<\/p>\n<p>Ring.<br \/>\nWhite Gold 0.750.<br \/>\n30 Diament\u00f3w, szlif brylantowy, o masie 0,07ct, barwa G, czysto\u015b\u0107 VS1-SI2.<br \/>\n2 Diamenty, szlif bagieta, o masie 0,24ct, barwa G, czysto\u015b\u0107 VS1-SI2.<\/p>\n<p>Can be manufactured in a different gold colour.<br \/>\nProduct in any size, available on request only, lead time approx. 2 weeks.<\/p>","protected":false},"excerpt":{"rendered":"<p>Wyj\u0105tkowy pier\u015bcionek z bia\u0142ego z\u0142ota pr\u00f3by 0,750 o nowoczesnym, otwartym kszta\u0142cie, kt\u00f3ry subtelnie oplata palec. Dwa diamenty w szlifie bagieta (o \u0142\u0105cznej masie 0,24 ct) efektownie wie\u0144cz\u0105 ko\u0144ce obr\u0105czki, a jej linia zosta\u0142a dodatkowo ozdobiona 30 brylantami (0,07 ct). Po\u0142\u0105czenie klasycznych kamieni z nowoczesn\u0105 form\u0105 tworzy zmys\u0142ow\u0105 bi\u017cuteri\u0119 o unikalnym charakterze. Idealny wyb\u00f3r dla kobiet, kt\u00f3re ceni\u0105 minimalizm z nut\u0105 awangardy.<\/p>","protected":false},"featured_media":5623,"comment_status":"closed","ping_status":"closed","template":"","meta":{"om_disable_all_campaigns":false},"product_brand":[2284],"product_cat":[1803,1838,2182,801],"product_tag":[5094,2308,3781,2296,3355,5085,4988,3848,5079,5096,5099,2569,5095,5098,5093,5091,5092,5097,3777],"class_list":{"0":"post-15172","1":"product","2":"type-product","3":"status-publish","4":"has-post-thumbnail","6":"product_brand-staviori","7":"product_cat-brylanty-exclusive","8":"product_cat-diamenty","9":"product_cat-pierscionek-z-diamentem","10":"product_cat-pierscionki","11":"product_tag-baguette-diamond-ring","12":"product_tag-biale-zloto","13":"product_tag-bile-zlato","14":"product_tag-diamenty","15":"product_tag-elegancki-minimalizm","16":"product_tag-elegant-design","17":"product_tag-elegantni-design","18":"product_tag-minimalist-jewelry","19":"product_tag-minimalisticky-styl","20":"product_tag-modern-diamond-ring","21":"product_tag-moderni-sperk","22":"product_tag-nowoczesna-bizuteria","23":"product_tag-open-ring","24":"product_tag-otevreny-prsten","25":"product_tag-otwarty-pierscionek","26":"product_tag-pbd6095","27":"product_tag-pierscionek-z-bagietami","28":"product_tag-prsten-s-bagetovymi-diamanty","29":"product_tag-white-gold","30":"pa_barwa-g-2","31":"pa_czystosc-vs1","32":"pa_dostawca-hosgor","33":"pa_kamien-brylanty","34":"pa_kamien-diamenty-bagietowe","35":"pa_kolor-biale","36":"pa_kruszec-zloto","37":"pa_proba-0-750","38":"pa_waga-190g","40":"first","41":"onbackorder","42":"purchasable","43":"product-type-simple"},"aioseo_notices":[],"_links":{"self":[{"href":"https:\/\/staviori.com.pl\/en\/wp-json\/wp\/v2\/product\/15172","targetHints":{"allow":["GET"]}}],"collection":[{"href":"https:\/\/staviori.com.pl\/en\/wp-json\/wp\/v2\/product"}],"about":[{"href":"https:\/\/staviori.com.pl\/en\/wp-json\/wp\/v2\/types\/product"}],"replies":[{"embeddable":true,"href":"https:\/\/staviori.com.pl\/en\/wp-json\/wp\/v2\/comments?post=15172"}],"wp:featuredmedia":[{"embeddable":true,"href":"https:\/\/staviori.com.pl\/en\/wp-json\/wp\/v2\/media\/5623"}],"wp:attachment":[{"href":"https:\/\/staviori.com.pl\/en\/wp-json\/wp\/v2\/media?parent=15172"}],"wp:term":[{"taxonomy":"product_brand","embeddable":true,"href":"https:\/\/staviori.com.pl\/en\/wp-json\/wp\/v2\/product_brand?post=15172"},{"taxonomy":"product_cat","embeddable":true,"href":"https:\/\/staviori.com.pl\/en\/wp-json\/wp\/v2\/product_cat?post=15172"},{"taxonomy":"product_tag","embeddable":true,"href":"https:\/\/staviori.com.pl\/en\/wp-json\/wp\/v2\/product_tag?post=15172"}],"curies":[{"name":"wp","href":"https:\/\/api.w.org\/{rel}","templated":true}]}}