{"id":15166,"date":"2025-02-24T22:48:18","date_gmt":"2025-02-24T21:48:18","guid":{"rendered":"https:\/\/staviori.com.pl\/product\/pierscionek-z-diamentem-pbd6000e\/"},"modified":"2026-02-11T00:09:08","modified_gmt":"2026-02-10T23:09:08","slug":"pierscionek-z-diamentem-pbd6000e","status":"publish","type":"product","link":"https:\/\/staviori.com.pl\/en\/product\/pierscionek-z-diamentem-pbd6000e\/","title":{"rendered":"Exclusive | a beautiful emerald and diamond ring in 750 purity"},"content":{"rendered":"<p>Model: PBD6000E<br \/>\nWeight approx. 1.80g<\/p>\n<p>Ring.<br \/>\nWhite Gold 0.750.<br \/>\n34 Diamonds, brilliant cut, weighing 0.06ct, colour G, clarity VS2-SI1.<br \/>\n1 Szmaragd, o masie 0,34ct.<\/p>\n<p>Crown diameter approx. 8\u00d76 mm.<\/p>\n<p>Product in any size, available on request only, lead time approx. 2 weeks.<\/p>\n<p>A beautiful ring with emerald and diamonds.<br \/>\nAvailable in yellow, white or rose gold.<\/p>","protected":false},"excerpt":{"rendered":"<p>Zachwycaj\u0105cy pier\u015bcionek z bia\u0142ego z\u0142ota pr\u00f3by 0,750, kt\u00f3rego sercem jest intensywnie zielony szmaragd o masie 0,34 ct. Kamie\u0144 otoczony zosta\u0142 34 drobnymi brylantami (0,06 ct), tworz\u0105c eleganck\u0105, owaln\u0105 koron\u0119. Delikatna obr\u0105czka z diamentow\u0105 opraw\u0105 dodaje ca\u0142o\u015bci luksusowego charakteru. To idealna bi\u017cuteria dla kobiet ceni\u0105cych klasyk\u0119 w szlachetnym wydaniu.<\/p>","protected":false},"featured_media":5600,"comment_status":"closed","ping_status":"closed","template":"","meta":{"om_disable_all_campaigns":false},"product_brand":[2284],"product_cat":[1803,1838,2182,801],"product_tag":[2308,3781,2689,2301,3751,4928,5126,5127,5123,2947,3747,4042,5118,5122,5124,5116,5125,5128,3777],"class_list":{"0":"post-15166","1":"product","2":"type-product","3":"status-publish","4":"has-post-thumbnail","6":"product_brand-staviori","7":"product_cat-brylanty-exclusive","8":"product_cat-diamenty","9":"product_cat-pierscionek-z-diamentem","10":"product_cat-pierscionki","11":"product_tag-biale-zloto","12":"product_tag-bile-zlato","13":"product_tag-bizuteria-z-kamieniami-szlachetnymi","14":"product_tag-brylanty","15":"product_tag-diamanty","16":"product_tag-diamond-ring","17":"product_tag-emerald-ring","18":"product_tag-gemstone-ring","19":"product_tag-klasicka-elegance","20":"product_tag-klasyczna-elegancja","21":"product_tag-luxury-jewelry","22":"product_tag-luxusni-sperk","23":"product_tag-oval-ring","24":"product_tag-ovalny-prsten","25":"product_tag-pbd6000e","26":"product_tag-pierscionek-owalny","27":"product_tag-pierscionek-ze-szmaragdem","28":"product_tag-smaragdovy-prsten","29":"product_tag-white-gold","30":"pa_barwa-g-2","31":"pa_czystosc-vs2","32":"pa_dostawca-hosgor","33":"pa_kamien-brylanty","34":"pa_kamien-szmaragd","35":"pa_kolor-biale","36":"pa_kruszec-zloto","37":"pa_proba-0-750","38":"pa_srednica-korony-ok-8x6mm","39":"pa_waga-180g","41":"first","42":"onbackorder","43":"purchasable","44":"product-type-simple"},"aioseo_notices":[],"_links":{"self":[{"href":"https:\/\/staviori.com.pl\/en\/wp-json\/wp\/v2\/product\/15166","targetHints":{"allow":["GET"]}}],"collection":[{"href":"https:\/\/staviori.com.pl\/en\/wp-json\/wp\/v2\/product"}],"about":[{"href":"https:\/\/staviori.com.pl\/en\/wp-json\/wp\/v2\/types\/product"}],"replies":[{"embeddable":true,"href":"https:\/\/staviori.com.pl\/en\/wp-json\/wp\/v2\/comments?post=15166"}],"wp:featuredmedia":[{"embeddable":true,"href":"https:\/\/staviori.com.pl\/en\/wp-json\/wp\/v2\/media\/5600"}],"wp:attachment":[{"href":"https:\/\/staviori.com.pl\/en\/wp-json\/wp\/v2\/media?parent=15166"}],"wp:term":[{"taxonomy":"product_brand","embeddable":true,"href":"https:\/\/staviori.com.pl\/en\/wp-json\/wp\/v2\/product_brand?post=15166"},{"taxonomy":"product_cat","embeddable":true,"href":"https:\/\/staviori.com.pl\/en\/wp-json\/wp\/v2\/product_cat?post=15166"},{"taxonomy":"product_tag","embeddable":true,"href":"https:\/\/staviori.com.pl\/en\/wp-json\/wp\/v2\/product_tag?post=15166"}],"curies":[{"name":"wp","href":"https:\/\/api.w.org\/{rel}","templated":true}]}}