{"id":15159,"date":"2025-02-24T22:48:18","date_gmt":"2025-02-24T21:48:18","guid":{"rendered":"https:\/\/staviori.com.pl\/product\/pierscionek-z-diamentem-pbd4693\/"},"modified":"2026-02-11T00:09:08","modified_gmt":"2026-02-10T23:09:08","slug":"pierscionek-z-diamentem-pbd4693","status":"publish","type":"product","link":"https:\/\/staviori.com.pl\/en\/product\/pierscionek-z-diamentem-pbd4693\/","title":{"rendered":"Staviori | Laboratory diamond ring 0.50ct F\/VS1"},"content":{"rendered":"<p>Model: PBD4693<br \/>\nWeight approx. 1.90g<\/p>\n<p>Ring.<br \/>\nWhite gold 0.585.<br \/>\n1 Diament laboratoryjny, szlif brylantowy, o masie 0,50ct, barwa F, czysto\u015b\u0107 VS1.<\/p>\n<p>Only some sizes available - please ask<\/p>\n<p>&#8212;&#8212;&#8212;&#8212;&#8212;&#8212;&#8212;<br \/>\nThe ring has been crafted in white 14 carat gold. The eye is immediately focused on the gorgeous half carat diamond, which is by far the most important star here. Superb jewellery craftsmanship in a crown designed in such a way that the light perfectly penetrates the diamond and brings out all that is most beautiful about it. This is an excellent choice for those who appreciate class, beauty and quality workmanship.<\/p>","protected":false},"excerpt":{"rendered":"<p>Klasyczny pier\u015bcionek zar\u0119czynowy wykonany z 14-karatowego bia\u0142ego z\u0142ota (0,585), kt\u00f3rego sercem jest wyj\u0105tkowy, laboratoryjny diament o masie 0,50 ct. Oszlifowany w brylant, zachwyca czysto\u015bci\u0105 VS1 i barw\u0105 F, prezentuj\u0105c niezr\u00f3wnany blask i perfekcyjny po\u0142ysk. Elegancka oprawa subtelnie eksponuje kamie\u0144, pozwalaj\u0105c \u015bwiat\u0142u idealnie przez niego przenika\u0107. To doskona\u0142y wyb\u00f3r dla os\u00f3b, kt\u00f3re szukaj\u0105 ponadczasowej elegancji i najwy\u017cszej jako\u015bci wykonania.<\/p>","protected":false},"featured_media":19694,"comment_status":"closed","ping_status":"closed","template":"","meta":{"om_disable_all_campaigns":false},"product_brand":[2284],"product_cat":[1838,6752,2182,801],"product_tag":[2308,4123,5129,4673,2280,4668],"class_list":{"0":"post-15159","1":"product","2":"type-product","3":"status-publish","4":"has-post-thumbnail","6":"product_brand-staviori","7":"product_cat-diamenty","8":"product_cat-kolekcja-staviori-must-have","9":"product_cat-pierscionek-z-diamentem","10":"product_cat-pierscionki","11":"product_tag-biale-zloto","12":"product_tag-brylant","13":"product_tag-diament-laboratoryjny","14":"product_tag-klasyczny-pierscionek","15":"product_tag-luksusowa-bizuteria","16":"product_tag-pierscionek-zareczynowy","17":"pa_barwa-f-2","18":"pa_czystosc-vs1","19":"pa_dostawca-iza","20":"pa_kamien-diament-laboratoryjny","21":"pa_kolor-biale","22":"pa_kruszec-zloto","23":"pa_proba-0-585","24":"pa_rozmiar-2352","25":"pa_waga-190g","27":"first","28":"instock","29":"sold-individually","30":"purchasable","31":"product-type-simple"},"aioseo_notices":[],"_links":{"self":[{"href":"https:\/\/staviori.com.pl\/en\/wp-json\/wp\/v2\/product\/15159","targetHints":{"allow":["GET"]}}],"collection":[{"href":"https:\/\/staviori.com.pl\/en\/wp-json\/wp\/v2\/product"}],"about":[{"href":"https:\/\/staviori.com.pl\/en\/wp-json\/wp\/v2\/types\/product"}],"replies":[{"embeddable":true,"href":"https:\/\/staviori.com.pl\/en\/wp-json\/wp\/v2\/comments?post=15159"}],"wp:featuredmedia":[{"embeddable":true,"href":"https:\/\/staviori.com.pl\/en\/wp-json\/wp\/v2\/media\/19694"}],"wp:attachment":[{"href":"https:\/\/staviori.com.pl\/en\/wp-json\/wp\/v2\/media?parent=15159"}],"wp:term":[{"taxonomy":"product_brand","embeddable":true,"href":"https:\/\/staviori.com.pl\/en\/wp-json\/wp\/v2\/product_brand?post=15159"},{"taxonomy":"product_cat","embeddable":true,"href":"https:\/\/staviori.com.pl\/en\/wp-json\/wp\/v2\/product_cat?post=15159"},{"taxonomy":"product_tag","embeddable":true,"href":"https:\/\/staviori.com.pl\/en\/wp-json\/wp\/v2\/product_tag?post=15159"}],"curies":[{"name":"wp","href":"https:\/\/api.w.org\/{rel}","templated":true}]}}