{"id":15157,"date":"2025-02-24T22:48:12","date_gmt":"2025-02-24T21:48:12","guid":{"rendered":"https:\/\/staviori.com.pl\/product\/bizuteria-inwestycyjna-pierscionek-pbd4434\/"},"modified":"2026-02-11T00:09:08","modified_gmt":"2026-02-10T23:09:08","slug":"bizuteria-inwestycyjna-pierscionek-pbd4434","status":"publish","type":"product","link":"https:\/\/staviori.com.pl\/en\/product\/bizuteria-inwestycyjna-pierscionek-pbd4434\/","title":{"rendered":"Exclusive | white gold engagement ring with diamonds"},"content":{"rendered":"<p>Model: DDR0167<br \/>\nWeight approx. 3.50g<\/p>\n<p>Ring.<br \/>\nWhite Gold 0.750.<br \/>\n1 Diament, szlif brylantowy, o masie 0,19ct, barwa G, czysto\u015b\u0107 SI1.<br \/>\n10 Diament\u00f3w, szlif brylantowy, o masie 0,18ct, barwa G-H, czysto\u015b\u0107 SI1.<\/p>\n<p>\u015arednica korony ok. 4.04 mm.<br \/>\nWysoko\u015b\u0107 4.8 mm.<br \/>\nSzeroko\u015b\u0107 obr\u0105czki ok. 2.6 mm.<\/p>\n<p>Produkt w dowolnym rozmiarze oraz kolorze z\u0142ota &#8211; dost\u0119pny wy\u0142\u0105cznie na zam\u00f3wienie, czas realizacji ok. 5 tygodni.<\/p>","protected":false},"excerpt":{"rendered":"<p>An elegant engagement ring in 0.750 white gold, created for special moments. In the centre of the composition shines a diamond of 0.19 ct, highlighted by ten smaller diamonds, harmoniously set along the ring. The subtle form and perfect symmetry make the ring impress with class and timeless charm. An ideal choice for the woman who appreciates classics in a luxurious setting.<\/p>","protected":false},"featured_media":19928,"comment_status":"closed","ping_status":"closed","template":"","meta":{"om_disable_all_campaigns":false},"product_brand":[2284],"product_cat":[1803,801,6741],"product_tag":[2308,4352,4123,5282,2296,4672,4673,5283,4668],"class_list":{"0":"post-15157","1":"product","2":"type-product","3":"status-publish","4":"has-post-thumbnail","6":"product_brand-staviori","7":"product_cat-brylanty-exclusive","8":"product_cat-pierscionki","9":"product_cat-pierscionki-brylanty-exclusive","10":"product_tag-biale-zloto","11":"product_tag-bizuteria-slubna","12":"product_tag-brylant","13":"product_tag-ddr0167","14":"product_tag-diamenty","15":"product_tag-elegancki-pierscionek","16":"product_tag-klasyczny-pierscionek","17":"product_tag-pbd4434","18":"product_tag-pierscionek-zareczynowy","19":"pa_barwa-g-2","20":"pa_czystosc-si1","21":"pa_dostawca-draco","22":"pa_kamien-brylanty","23":"pa_kolor-biale","24":"pa_kruszec-zloto","25":"pa_okazja-idealne-na-zareczyny","26":"pa_proba-0-750","27":"pa_srednica-korony-ok-4-04mm","28":"pa_waga-350g","29":"pa_wysokosc-4-8mm","31":"first","32":"onbackorder","33":"purchasable","34":"product-type-simple"},"aioseo_notices":[],"_links":{"self":[{"href":"https:\/\/staviori.com.pl\/en\/wp-json\/wp\/v2\/product\/15157","targetHints":{"allow":["GET"]}}],"collection":[{"href":"https:\/\/staviori.com.pl\/en\/wp-json\/wp\/v2\/product"}],"about":[{"href":"https:\/\/staviori.com.pl\/en\/wp-json\/wp\/v2\/types\/product"}],"replies":[{"embeddable":true,"href":"https:\/\/staviori.com.pl\/en\/wp-json\/wp\/v2\/comments?post=15157"}],"wp:featuredmedia":[{"embeddable":true,"href":"https:\/\/staviori.com.pl\/en\/wp-json\/wp\/v2\/media\/19928"}],"wp:attachment":[{"href":"https:\/\/staviori.com.pl\/en\/wp-json\/wp\/v2\/media?parent=15157"}],"wp:term":[{"taxonomy":"product_brand","embeddable":true,"href":"https:\/\/staviori.com.pl\/en\/wp-json\/wp\/v2\/product_brand?post=15157"},{"taxonomy":"product_cat","embeddable":true,"href":"https:\/\/staviori.com.pl\/en\/wp-json\/wp\/v2\/product_cat?post=15157"},{"taxonomy":"product_tag","embeddable":true,"href":"https:\/\/staviori.com.pl\/en\/wp-json\/wp\/v2\/product_tag?post=15157"}],"curies":[{"name":"wp","href":"https:\/\/api.w.org\/{rel}","templated":true}]}}