{"id":15155,"date":"2025-02-24T22:48:12","date_gmt":"2025-02-24T21:48:12","guid":{"rendered":"https:\/\/staviori.com.pl\/product\/bizuteria-inwestycyjna-pierscionek-pbd4432\/"},"modified":"2026-02-11T00:09:08","modified_gmt":"2026-02-10T23:09:08","slug":"bizuteria-inwestycyjna-pierscionek-pbd4432","status":"publish","type":"product","link":"https:\/\/staviori.com.pl\/en\/product\/bizuteria-inwestycyjna-pierscionek-pbd4432\/","title":{"rendered":"Exclusive | extraordinary large ring with more than 250 diamonds in 18-carat gold"},"content":{"rendered":"<p>Model: PBD4432<br \/>\nWaga ok. 11,50g<\/p>\n<p>Ring.<br \/>\nWhite Gold 0.750.<br \/>\n257 Diament\u00f3w, szlif brylantowy, o masie ok. 6,92ct., barwa G-H, czysto\u015b\u0107 SI1.<\/p>\n<p>Korona 27&#215;22 mm.<br \/>\nWysoko\u015b\u0107 11 mm.<br \/>\nSzeroko\u015b\u0107 obr\u0105czki ok. 5.5 mm.<\/p>\n<p>Product in any size, available on request only, lead time approx. 5 weeks.<\/p>","protected":false},"excerpt":{"rendered":"<p>A spectacular 0.750 white gold ring, stunning in its grandeur and brilliance. The impressive 27\u00d722 mm crown is set with as many as 257 diamonds weighing a total of 6.92 ct, creating a sparkling sheet of light effect. The unusual designer shape and perfect workmanship make this model the quintessence of luxury and distinctive elegance. An ideal choice for women who desire jewellery with character.<\/p>","protected":false},"featured_media":19666,"comment_status":"closed","ping_status":"closed","template":"","meta":{"om_disable_all_campaigns":false},"product_brand":[2284],"product_cat":[1803,6741,801],"product_tag":[5067,5068,2278,5051,5013,4754,4963,5071,2555,5069,4713,5070,4042,5045,5049,5066,5043,5072,5047],"class_list":{"0":"post-15155","1":"product","2":"type-product","3":"status-publish","4":"has-post-thumbnail","6":"product_brand-staviori","7":"product_cat-brylanty-exclusive","8":"product_cat-pierscionki-brylanty-exclusive","9":"product_cat-pierscionki","10":"product_tag-6-92ct-diamenty","11":"product_tag-6-92ct-diamonds","12":"product_tag-biale-zloto-18k","13":"product_tag-bile-zlato-18k","14":"product_tag-designer-ring","15":"product_tag-designerski-pierscionek","16":"product_tag-designovy-sperk","17":"product_tag-diamanty-6-92ct","18":"product_tag-ekskluzywna-bizuteria","19":"product_tag-exclusive-jewelry","20":"product_tag-luksusowy-pierscionek","21":"product_tag-luxury-statement-ring","22":"product_tag-luxusni-sperk","23":"product_tag-pave-diamond-ring","24":"product_tag-pave-prsten","25":"product_tag-pbd4432","26":"product_tag-pierscionek-pave","27":"product_tag-vyjimecny-prsten","28":"product_tag-white-gold-18k","29":"pa_barwa-g-h","30":"pa_czystosc-si1","31":"pa_dostawca-draco","32":"pa_kamien-diamenty","33":"pa_kamien-brylanty","34":"pa_kolor-biale","35":"pa_korona-27x22mm","36":"pa_kruszec-zloto","37":"pa_proba-0-750","38":"pa_waga-1150g","39":"pa_wysokosc-11mm","41":"first","42":"onbackorder","43":"purchasable","44":"product-type-simple"},"aioseo_notices":[],"_links":{"self":[{"href":"https:\/\/staviori.com.pl\/en\/wp-json\/wp\/v2\/product\/15155","targetHints":{"allow":["GET"]}}],"collection":[{"href":"https:\/\/staviori.com.pl\/en\/wp-json\/wp\/v2\/product"}],"about":[{"href":"https:\/\/staviori.com.pl\/en\/wp-json\/wp\/v2\/types\/product"}],"replies":[{"embeddable":true,"href":"https:\/\/staviori.com.pl\/en\/wp-json\/wp\/v2\/comments?post=15155"}],"wp:featuredmedia":[{"embeddable":true,"href":"https:\/\/staviori.com.pl\/en\/wp-json\/wp\/v2\/media\/19666"}],"wp:attachment":[{"href":"https:\/\/staviori.com.pl\/en\/wp-json\/wp\/v2\/media?parent=15155"}],"wp:term":[{"taxonomy":"product_brand","embeddable":true,"href":"https:\/\/staviori.com.pl\/en\/wp-json\/wp\/v2\/product_brand?post=15155"},{"taxonomy":"product_cat","embeddable":true,"href":"https:\/\/staviori.com.pl\/en\/wp-json\/wp\/v2\/product_cat?post=15155"},{"taxonomy":"product_tag","embeddable":true,"href":"https:\/\/staviori.com.pl\/en\/wp-json\/wp\/v2\/product_tag?post=15155"}],"curies":[{"name":"wp","href":"https:\/\/api.w.org\/{rel}","templated":true}]}}