{"id":15148,"date":"2025-02-24T22:48:12","date_gmt":"2025-02-24T21:48:12","guid":{"rendered":"https:\/\/staviori.com.pl\/product\/pierscionek-z-diamentem-pbd4357\/"},"modified":"2026-02-11T00:09:07","modified_gmt":"2026-02-10T23:09:07","slug":"pierscionek-z-diamentem-pbd4357","status":"publish","type":"product","link":"https:\/\/staviori.com.pl\/en\/product\/pierscionek-z-diamentem-pbd4357\/","title":{"rendered":"white gold engagement ring with 0.20ct diamond"},"content":{"rendered":"<p>Model: PBD4357<br \/>\nWeight approx. 1.90g<\/p>\n<p>Ring.<br \/>\nWhite gold 0.585.<br \/>\n1 Diament, szlif brylantowy, o masie 0,20ct, barwa H, czysto\u015b\u0107 SI1.<\/p>\n<p>Crown diameter approx. 5 mm.<br \/>\n3 mm high.<br \/>\nWidth of the ring approx. 2 mm.<\/p>\n<p>Available on individual order with any other Diamond.<br \/>\nProduct in any size, available on request only, lead time approx. 2 weeks.<\/p>\n<p>&#8212;&#8212;&#8212;&#8212;&#8212;&#8212;&#8212;&#8212;-<br \/>\nTen niezwyk\u0142y pier\u015bcionek \u0142\u0105czy w sobie pi\u0119kno i u\u017cyteczno\u015b\u0107. Jest idealny na udane, cudowne zar\u0119czyny. Doskonale widoczny, cho\u0107 skryty w 14-karatowym, bia\u0142ym z\u0142ocie brylant, b\u0119dzie godnie prezentowa\u0142 si\u0119 na palcu wybranki jednocze\u015bnie nie przeszkadzaj\u0105c w codziennym u\u017cytkowaniu. Wz\u00f3r idealny dla os\u00f3b kochaj\u0105cych bia\u0142e z\u0142oto.<br \/>\nModel wyst\u0119puj\u0119 w ro\u017cnych po\u0142\u0105czeniach kolor\u00f3w z\u0142ota i wielko\u015bci brylant\u00f3w.<\/p>","protected":false},"excerpt":{"rendered":"<p>Elegancki pier\u015bcionek zar\u0119czynowy z bia\u0142ego z\u0142ota pr\u00f3by 0,585, w kt\u00f3rym klasyka spotyka si\u0119 z nowoczesno\u015bci\u0105. Delikatnie skr\u0119cona szyna oplata centralny brylant o masie 0,20 ct, tworz\u0105c wyj\u0105tkow\u0105 kompozycj\u0119 pe\u0142n\u0105 harmonii i subtelnego wdzi\u0119ku. Kamie\u0144 osadzony jest nisko, co czyni pier\u015bcionek niezwykle praktycznym i wygodnym do codziennego noszenia. Idealny wyb\u00f3r dla kobiety, kt\u00f3ra ceni ponadczasowy styl i dyskretn\u0105 elegancj\u0119. Mo\u017cliwo\u015b\u0107 wykonania w innym kolorze z\u0142ota i z r\u00f3\u017cn\u0105 wielko\u015bci\u0105 brylantu.<\/p>","protected":false},"featured_media":5402,"comment_status":"closed","ping_status":"closed","template":"","meta":{"om_disable_all_campaigns":false},"product_brand":[2284],"product_cat":[1838,6752,2182,801],"product_tag":[2308,4352,4123,2565,5019,4672,4673,4668,5020,4682],"class_list":{"0":"post-15148","1":"product","2":"type-product","3":"status-publish","4":"has-post-thumbnail","6":"product_brand-staviori","7":"product_cat-diamenty","8":"product_cat-kolekcja-staviori-must-have","9":"product_cat-pierscionek-z-diamentem","10":"product_cat-pierscionki","11":"product_tag-biale-zloto","12":"product_tag-bizuteria-slubna","13":"product_tag-brylant","14":"product_tag-delikatna-bizuteria","15":"product_tag-diament-0-20ct","16":"product_tag-elegancki-pierscionek","17":"product_tag-klasyczny-pierscionek","18":"product_tag-pierscionek-zareczynowy","19":"product_tag-skrecana-szyna","20":"product_tag-zareczyny","21":"pa_barwa-h-2","22":"pa_czystosc-si1","23":"pa_kamien-brylant","24":"pa_kolor-biale","25":"pa_kruszec-zloto","26":"pa_okazja-idealne-na-zareczyny","27":"pa_proba-0-585","28":"pa_srednica-korony-ok-5mm","29":"pa_waga-190g","30":"pa_wysokosc-3mm","32":"first","33":"onbackorder","34":"purchasable","35":"product-type-simple"},"aioseo_notices":[],"_links":{"self":[{"href":"https:\/\/staviori.com.pl\/en\/wp-json\/wp\/v2\/product\/15148","targetHints":{"allow":["GET"]}}],"collection":[{"href":"https:\/\/staviori.com.pl\/en\/wp-json\/wp\/v2\/product"}],"about":[{"href":"https:\/\/staviori.com.pl\/en\/wp-json\/wp\/v2\/types\/product"}],"replies":[{"embeddable":true,"href":"https:\/\/staviori.com.pl\/en\/wp-json\/wp\/v2\/comments?post=15148"}],"wp:featuredmedia":[{"embeddable":true,"href":"https:\/\/staviori.com.pl\/en\/wp-json\/wp\/v2\/media\/5402"}],"wp:attachment":[{"href":"https:\/\/staviori.com.pl\/en\/wp-json\/wp\/v2\/media?parent=15148"}],"wp:term":[{"taxonomy":"product_brand","embeddable":true,"href":"https:\/\/staviori.com.pl\/en\/wp-json\/wp\/v2\/product_brand?post=15148"},{"taxonomy":"product_cat","embeddable":true,"href":"https:\/\/staviori.com.pl\/en\/wp-json\/wp\/v2\/product_cat?post=15148"},{"taxonomy":"product_tag","embeddable":true,"href":"https:\/\/staviori.com.pl\/en\/wp-json\/wp\/v2\/product_tag?post=15148"}],"curies":[{"name":"wp","href":"https:\/\/api.w.org\/{rel}","templated":true}]}}