{"id":15133,"date":"2025-02-24T22:48:09","date_gmt":"2025-02-24T21:48:09","guid":{"rendered":"https:\/\/staviori.com.pl\/product\/bizuteria-inwestycyjna-pierscionek-pbd4031\/"},"modified":"2026-02-11T00:09:06","modified_gmt":"2026-02-10T23:09:06","slug":"bizuteria-inwestycyjna-pierscionek-pbd4031","status":"publish","type":"product","link":"https:\/\/staviori.com.pl\/en\/product\/bizuteria-inwestycyjna-pierscionek-pbd4031\/","title":{"rendered":"Exclusive | ring with sapphires and diamonds in 750 gold"},"content":{"rendered":"<p>Model: DSR1678<br \/>\nWeight approx. 9.80g<\/p>\n<p>Ring.<br \/>\nWhite Gold 0.750.<br \/>\n231 Diamonds, brilliant cut, weighing 3.18ct.<br \/>\n8 Sapphires, weighing 7.89ct.<\/p>\n<p>25 mm wide.<br \/>\nThickness 7.5 mm.<br \/>\nWidth of ring approx. 4.8 mm.<\/p>\n<p>Product in any size, available on request only, lead time approx. 5 weeks.<\/p>","protected":false},"excerpt":{"rendered":"<p>Model: DSR1678 Waga ok. 9,80g Pier\u015bcionek. Bia\u0142e Z\u0142oto 0,750. 231 Diament\u00f3w, szlif brylantowy, o masie 3,18ct. 8 Szafir\u00f3w, o masie 7,89ct. Szeroko\u015b\u0107 25 mm. Grubo\u015b\u0107 7.5 mm. Szeroko\u015b\u0107 obr\u0105czki ok. 4.8 mm. Produkt w dowolnym rozmiarze, dost\u0119pny wy\u0142\u0105cznie na zam\u00f3wienie, czas realizacji ok. 5 tygodni.<\/p>","protected":false},"featured_media":5318,"comment_status":"closed","ping_status":"closed","template":"","meta":{"om_disable_all_campaigns":false},"product_brand":[2284],"product_cat":[1803,801,6741],"product_tag":[2311,6467,4928,3747,6475,4767,4708,5533,6460,6476,6477,5121,5117,6468,5058,2341],"class_list":{"0":"post-15133","1":"product","2":"type-product","3":"status-publish","4":"has-post-thumbnail","6":"product_brand-staviori","7":"product_cat-brylanty-exclusive","8":"product_cat-pierscionki","9":"product_cat-pierscionki-brylanty-exclusive","10":"product_tag-bizuteria-luksusowa","11":"product_tag-diamantenring","12":"product_tag-diamond-ring","13":"product_tag-luxury-jewelry","14":"product_tag-pbd4031","15":"product_tag-pierscionek-z-bialego-zlota","16":"product_tag-pierscionek-z-diamentami","17":"product_tag-pierscionek-z-szafirami","18":"product_tag-prsten-s-diamanty","19":"product_tag-prsten-se-safiry","20":"product_tag-safierring","21":"product_tag-safirovy-prsten","22":"product_tag-sapphire-ring","23":"product_tag-weisgold-ring","24":"product_tag-white-gold-ring","25":"product_tag-zloto-750","26":"pa_grubosc-7-5mm","27":"pa_kamien-diamenty","28":"pa_kamien-szafiry-naturalne","29":"pa_kolor-biale","30":"pa_kruszec-zloto","31":"pa_proba-0-750","32":"pa_szerokosc-25mm","33":"pa_waga-980g","35":"first","36":"onbackorder","37":"purchasable","38":"product-type-simple"},"aioseo_notices":[],"_links":{"self":[{"href":"https:\/\/staviori.com.pl\/en\/wp-json\/wp\/v2\/product\/15133","targetHints":{"allow":["GET"]}}],"collection":[{"href":"https:\/\/staviori.com.pl\/en\/wp-json\/wp\/v2\/product"}],"about":[{"href":"https:\/\/staviori.com.pl\/en\/wp-json\/wp\/v2\/types\/product"}],"replies":[{"embeddable":true,"href":"https:\/\/staviori.com.pl\/en\/wp-json\/wp\/v2\/comments?post=15133"}],"wp:featuredmedia":[{"embeddable":true,"href":"https:\/\/staviori.com.pl\/en\/wp-json\/wp\/v2\/media\/5318"}],"wp:attachment":[{"href":"https:\/\/staviori.com.pl\/en\/wp-json\/wp\/v2\/media?parent=15133"}],"wp:term":[{"taxonomy":"product_brand","embeddable":true,"href":"https:\/\/staviori.com.pl\/en\/wp-json\/wp\/v2\/product_brand?post=15133"},{"taxonomy":"product_cat","embeddable":true,"href":"https:\/\/staviori.com.pl\/en\/wp-json\/wp\/v2\/product_cat?post=15133"},{"taxonomy":"product_tag","embeddable":true,"href":"https:\/\/staviori.com.pl\/en\/wp-json\/wp\/v2\/product_tag?post=15133"}],"curies":[{"name":"wp","href":"https:\/\/api.w.org\/{rel}","templated":true}]}}