{"id":15126,"date":"2025-02-24T22:48:09","date_gmt":"2025-02-24T21:48:09","guid":{"rendered":"https:\/\/staviori.com.pl\/product\/bizuteria-inwestycyjna-pierscionek-pbd3941\/"},"modified":"2026-02-11T00:09:06","modified_gmt":"2026-02-10T23:09:06","slug":"bizuteria-inwestycyjna-pierscionek-pbd3941","status":"publish","type":"product","link":"https:\/\/staviori.com.pl\/en\/product\/bizuteria-inwestycyjna-pierscionek-pbd3941\/","title":{"rendered":"Exclusive | 750 white gold setting with diamonds and baguette diamonds"},"content":{"rendered":"<p>Model: DDR1891<br \/>\nWaga ok. 10,90g<\/p>\n<p>Pier\u015bcionek &#8211; oprawa z miejscem na kamie\u0144 centralny.<br \/>\nWhite Gold 0.750.<br \/>\n135 Diament\u00f3w, szlif brylantowy, o masie 0,58ct, barwa G-H, czysto\u015b\u0107 SI1.<br \/>\n99 Diament\u00f3w, szlif bagieta, o masie 1,72ct, barwa G-H, czysto\u015b\u0107 SI1.<\/p>\n<p>Szeroko\u015b\u0107 13.5 mm.<br \/>\n\u015arednica korony ok. 7.6 mm.<br \/>\nWysoko\u015b\u0107 9.8 mm.<br \/>\nSzeroko\u015b\u0107 obr\u0105czki ok. 3.75 mm.<\/p>\n<p>Mo\u017cliwo\u015b\u0107 wykonania na zam\u00f3wienie z dowolnym naturalnym diamentem, diamentem laboratoryjnym, szafirem, rubinem, szmaragdem powy\u017cej 0,50ct.<br \/>\nProduct in any size, available on request only, lead time approx. 5 weeks.<\/p>","protected":false},"excerpt":{"rendered":"<p>A luxurious 18K white gold engagement ring that impresses with an impressive composition of up to 234 diamonds weighing a total of over 2.30ct. Three layers of perfectly cut diamonds and baguettes create a spectacular effect of brilliance and depth. The central socket allows the setting of any diamond over 0.50ct or any other stone, making this model extremely personalised. Ideal for women who appreciate refined elegance and top-class jewellery.<\/p>","protected":false},"featured_media":5295,"comment_status":"closed","ping_status":"closed","template":"","meta":{"om_disable_all_campaigns":false},"product_brand":[2284],"product_cat":[1803,4896,6741,801],"product_tag":[4895,2278,2301,2590,3740,4700,2280,4891,4893,4894,4892],"class_list":{"0":"post-15126","1":"product","2":"type-product","3":"status-publish","4":"has-post-thumbnail","6":"product_brand-staviori","7":"product_cat-brylanty-exclusive","8":"product_cat-oprawa","9":"product_cat-pierscionki-brylanty-exclusive","10":"product_cat-pierscionki","11":"product_tag-baguette","12":"product_tag-biale-zloto-18k","13":"product_tag-brylanty","14":"product_tag-diamenty-baguette","15":"product_tag-efektowna-bizuteria","16":"product_tag-ekskluzywny-pierscionek","17":"product_tag-luksusowa-bizuteria","18":"product_tag-oprawa","19":"product_tag-oprawa-na-duzy-diament","20":"product_tag-pbd3941","21":"product_tag-tagi-produktowe-pierscionek-zareczynowy","22":"pa_barwa-g-h","23":"pa_czystosc-si1","24":"pa_dostawca-draco","25":"pa_kamien-brylanty","26":"pa_kamien-diamenty-bagietowe","27":"pa_kolor-biale","28":"pa_kruszec-zloto","29":"pa_proba-0-750","30":"pa_srednica-korony-ok-7-6mm","31":"pa_szerokosc-13-5mm","32":"pa_waga-1090g","34":"first","35":"onbackorder","36":"purchasable","37":"product-type-simple"},"aioseo_notices":[],"_links":{"self":[{"href":"https:\/\/staviori.com.pl\/en\/wp-json\/wp\/v2\/product\/15126","targetHints":{"allow":["GET"]}}],"collection":[{"href":"https:\/\/staviori.com.pl\/en\/wp-json\/wp\/v2\/product"}],"about":[{"href":"https:\/\/staviori.com.pl\/en\/wp-json\/wp\/v2\/types\/product"}],"replies":[{"embeddable":true,"href":"https:\/\/staviori.com.pl\/en\/wp-json\/wp\/v2\/comments?post=15126"}],"wp:featuredmedia":[{"embeddable":true,"href":"https:\/\/staviori.com.pl\/en\/wp-json\/wp\/v2\/media\/5295"}],"wp:attachment":[{"href":"https:\/\/staviori.com.pl\/en\/wp-json\/wp\/v2\/media?parent=15126"}],"wp:term":[{"taxonomy":"product_brand","embeddable":true,"href":"https:\/\/staviori.com.pl\/en\/wp-json\/wp\/v2\/product_brand?post=15126"},{"taxonomy":"product_cat","embeddable":true,"href":"https:\/\/staviori.com.pl\/en\/wp-json\/wp\/v2\/product_cat?post=15126"},{"taxonomy":"product_tag","embeddable":true,"href":"https:\/\/staviori.com.pl\/en\/wp-json\/wp\/v2\/product_tag?post=15126"}],"curies":[{"name":"wp","href":"https:\/\/api.w.org\/{rel}","templated":true}]}}