{"id":15124,"date":"2025-02-24T22:48:09","date_gmt":"2025-02-24T21:48:09","guid":{"rendered":"https:\/\/staviori.com.pl\/product\/bizuteria-inwestycyjna-pierscionek-pbd3939\/"},"modified":"2026-02-11T00:09:05","modified_gmt":"2026-02-10T23:09:05","slug":"bizuteria-inwestycyjna-pierscionek-pbd3939","status":"publish","type":"product","link":"https:\/\/staviori.com.pl\/en\/product\/bizuteria-inwestycyjna-pierscionek-pbd3939\/","title":{"rendered":"Exclusive | ring with onyx and diamonds in 18 carat gold"},"content":{"rendered":"<p>Model: DSR1944O<br \/>\nWeight approx. 6.50g<\/p>\n<p>Ring.<br \/>\nWhite Gold 0.750.<br \/>\n72 Diamenty, szlif brylantowy, o masie 0,37ct, barwa G-H, czysto\u015b\u0107 SI1.<br \/>\n1 Onyks, o masie 9,30ct<\/p>\n<p>\u015arednica korony ok. 18.3 mm.<br \/>\nWysoko\u015b\u0107 8.7 mm.<br \/>\nSzeroko\u015b\u0107 obr\u0105czki ok. 3.5 mm.<\/p>\n<p>Produkt w dowolnym rozmiarze, dost\u0119pny wy\u0142\u0105cznie na zam\u00f3wienie, czas realizacji ok. 5 tygodnie.<\/p>","protected":false},"excerpt":{"rendered":"<p>Phenomenal ring in 0.750 white gold, which attracts attention with its unique shape and contrasting combination of colours. The central onyx of an impressive 9.30 ct is set in the form of a four-leaf clover, accentuated by the brilliance of up to 72 brilliant diamonds. The unique design and careful workmanship make this model a sophisticated accessory for women who wish to emphasise their individual style. The perfect ring for an evening out or as part of a luxury collection.<\/p>","protected":false},"featured_media":5290,"comment_status":"closed","ping_status":"closed","template":"","meta":{"om_disable_all_campaigns":false},"product_brand":[2284],"product_cat":[1803,801,6741],"product_tag":[2308,4956,3781,3793,2301,4958,4962,4754,4963,3751,4928,4954,4804,4960,4913,4961,2280,3747,4042,4927,4953,4957,4955,4922,4959,3777],"class_list":{"0":"post-15124","1":"product","2":"type-product","3":"status-publish","4":"has-post-thumbnail","6":"product_brand-staviori","7":"product_cat-brylanty-exclusive","8":"product_cat-pierscionki","9":"product_cat-pierscionki-brylanty-exclusive","10":"product_tag-biale-zloto","11":"product_tag-bialy-onyks","12":"product_tag-bile-zlato","13":"product_tag-brilianty","14":"product_tag-brylanty","15":"product_tag-clover-ring","16":"product_tag-ctyrlistek","17":"product_tag-designerski-pierscionek","18":"product_tag-designovy-sperk","19":"product_tag-diamanty","20":"product_tag-diamond-ring","21":"product_tag-dsr1944o","22":"product_tag-elegancki-dodatek","23":"product_tag-elegant-accessory","24":"product_tag-elegantni-prsten","25":"product_tag-fine-design","26":"product_tag-luksusowa-bizuteria","27":"product_tag-luxury-jewelry","28":"product_tag-luxusni-sperk","29":"product_tag-onyx-ring","30":"product_tag-pbd3939","31":"product_tag-pierscionek-koniczyna","32":"product_tag-pierscionek-z-onyksem","33":"product_tag-prsten-s-onyxem","34":"product_tag-statement-ring","35":"product_tag-white-gold","36":"pa_barwa-g-h","37":"pa_czystosc-si1","38":"pa_dostawca-draco","39":"pa_kamien-brylanty","40":"pa_kamien-onyks","41":"pa_kolor-biale","42":"pa_kruszec-zloto","43":"pa_proba-0-750","44":"pa_srednica-korony-ok-18-3mm","45":"pa_waga-650g","46":"pa_wysokosc-8-7mm","48":"first","49":"onbackorder","50":"purchasable","51":"product-type-simple"},"aioseo_notices":[],"_links":{"self":[{"href":"https:\/\/staviori.com.pl\/en\/wp-json\/wp\/v2\/product\/15124","targetHints":{"allow":["GET"]}}],"collection":[{"href":"https:\/\/staviori.com.pl\/en\/wp-json\/wp\/v2\/product"}],"about":[{"href":"https:\/\/staviori.com.pl\/en\/wp-json\/wp\/v2\/types\/product"}],"replies":[{"embeddable":true,"href":"https:\/\/staviori.com.pl\/en\/wp-json\/wp\/v2\/comments?post=15124"}],"wp:featuredmedia":[{"embeddable":true,"href":"https:\/\/staviori.com.pl\/en\/wp-json\/wp\/v2\/media\/5290"}],"wp:attachment":[{"href":"https:\/\/staviori.com.pl\/en\/wp-json\/wp\/v2\/media?parent=15124"}],"wp:term":[{"taxonomy":"product_brand","embeddable":true,"href":"https:\/\/staviori.com.pl\/en\/wp-json\/wp\/v2\/product_brand?post=15124"},{"taxonomy":"product_cat","embeddable":true,"href":"https:\/\/staviori.com.pl\/en\/wp-json\/wp\/v2\/product_cat?post=15124"},{"taxonomy":"product_tag","embeddable":true,"href":"https:\/\/staviori.com.pl\/en\/wp-json\/wp\/v2\/product_tag?post=15124"}],"curies":[{"name":"wp","href":"https:\/\/api.w.org\/{rel}","templated":true}]}}