{"id":15122,"date":"2025-02-24T22:48:09","date_gmt":"2025-02-24T21:48:09","guid":{"rendered":"https:\/\/staviori.com.pl\/product\/bizuteria-inwestycyjna-pierscionek-pbd3937\/"},"modified":"2026-02-11T00:09:05","modified_gmt":"2026-02-10T23:09:05","slug":"bizuteria-inwestycyjna-pierscionek-pbd3937","status":"publish","type":"product","link":"https:\/\/staviori.com.pl\/en\/product\/bizuteria-inwestycyjna-pierscionek-pbd3937\/","title":{"rendered":"Exclusive | wide ring \/ wedding ring with diamonds and baguettes, 750 gold"},"content":{"rendered":"<p>Model: DDR0735<br \/>\nWaga ok. 5,40g<\/p>\n<p>Ring.<br \/>\nWhite Gold 0.750.<br \/>\n46 Diament\u00f3w, szlif brylantowy, o masie 3,43ct, barwa G-H, czysto\u015b\u0107 SI1.<br \/>\n40 Diament\u00f3w, szlif bagieta, o masie 2,40ct, barwa G-H, czysto\u015b\u0107 SI1.<\/p>\n<p>Szeroko\u015b\u0107 9.45 mm.<br \/>\nGrubo\u015b\u0107 3.1 mm.<\/p>\n<p>The stone weight and price quoted are for size 13.<br \/>\nProdukt w dowolnym rozmiarze, dost\u0119pny wy\u0142\u0105cznie na zam\u00f3wienie, czas realizacji ok. 5 tygodnie.<\/p>","protected":false},"excerpt":{"rendered":"<p>A spectacular 0.750 white gold ring that captivates with its distinctive character and uncompromising brilliance. Two rows of stunning diamonds weighing a total of 3.43 ct are set in the company of 40 baguette-cut diamonds (2.40 ct), creating a geometric yet extremely elegant composition. This is a ring for women who appreciate luxury, perfect workmanship and jewellery that catches the eye.<\/p>","protected":false},"featured_media":5284,"comment_status":"closed","ping_status":"closed","template":"","meta":{"om_disable_all_campaigns":false},"product_brand":[2284],"product_cat":[1803,6741,801],"product_tag":[4984,4981,4874,3781,4930,3793,4062,2301,4978,4923,4928,3755,3710,2280,3747,4042,4982,4073,2983,4977,4708,4983,4979,2872,3777,4980],"class_list":{"0":"post-15122","1":"product","2":"type-product","3":"status-publish","4":"has-post-thumbnail","6":"product_brand-staviori","7":"product_cat-brylanty-exclusive","8":"product_cat-pierscionki-brylanty-exclusive","9":"product_cat-pierscionki","10":"product_tag-bagetovy-brus","11":"product_tag-baguette-cut","12":"product_tag-bialy-zloto","13":"product_tag-bile-zlato","14":"product_tag-bold-ring","15":"product_tag-brilianty","16":"product_tag-brilliant-cut","17":"product_tag-brylanty","18":"product_tag-ddr0735","19":"product_tag-diamantovy-prsten","20":"product_tag-diamond-ring","21":"product_tag-elegance","22":"product_tag-elegancja","23":"product_tag-luksusowa-bizuteria","24":"product_tag-luxury-jewelry","25":"product_tag-luxusni-sperk","26":"product_tag-modern-elegance","27":"product_tag-moderni-styl","28":"product_tag-nowoczesny-styl","29":"product_tag-pbd3937","30":"product_tag-pierscionek-z-diamentami","31":"product_tag-siroka-obrucka","32":"product_tag-szeroka-obraczka","33":"product_tag-szlif-bagieta","34":"product_tag-white-gold","35":"product_tag-wide-band","36":"pa_barwa-g-h","37":"pa_czystosc-si1","38":"pa_dostawca-draco","39":"pa_grubosc-3-1mm","40":"pa_kamien-brylanty","41":"pa_kamien-diamenty-bagietowe","42":"pa_kolor-biale","43":"pa_kruszec-zloto","44":"pa_proba-0-750","45":"pa_szerokosc-9-45mm","46":"pa_waga-540g","48":"first","49":"onbackorder","50":"purchasable","51":"product-type-simple"},"aioseo_notices":[],"_links":{"self":[{"href":"https:\/\/staviori.com.pl\/en\/wp-json\/wp\/v2\/product\/15122","targetHints":{"allow":["GET"]}}],"collection":[{"href":"https:\/\/staviori.com.pl\/en\/wp-json\/wp\/v2\/product"}],"about":[{"href":"https:\/\/staviori.com.pl\/en\/wp-json\/wp\/v2\/types\/product"}],"replies":[{"embeddable":true,"href":"https:\/\/staviori.com.pl\/en\/wp-json\/wp\/v2\/comments?post=15122"}],"wp:featuredmedia":[{"embeddable":true,"href":"https:\/\/staviori.com.pl\/en\/wp-json\/wp\/v2\/media\/5284"}],"wp:attachment":[{"href":"https:\/\/staviori.com.pl\/en\/wp-json\/wp\/v2\/media?parent=15122"}],"wp:term":[{"taxonomy":"product_brand","embeddable":true,"href":"https:\/\/staviori.com.pl\/en\/wp-json\/wp\/v2\/product_brand?post=15122"},{"taxonomy":"product_cat","embeddable":true,"href":"https:\/\/staviori.com.pl\/en\/wp-json\/wp\/v2\/product_cat?post=15122"},{"taxonomy":"product_tag","embeddable":true,"href":"https:\/\/staviori.com.pl\/en\/wp-json\/wp\/v2\/product_tag?post=15122"}],"curies":[{"name":"wp","href":"https:\/\/api.w.org\/{rel}","templated":true}]}}