{"id":15121,"date":"2025-02-24T22:48:09","date_gmt":"2025-02-24T21:48:09","guid":{"rendered":"https:\/\/staviori.com.pl\/product\/bizuteria-inwestycyjna-pierscionek-pbd3936\/"},"modified":"2026-02-11T00:09:05","modified_gmt":"2026-02-10T23:09:05","slug":"bizuteria-inwestycyjna-pierscionek-pbd3936","status":"publish","type":"product","link":"https:\/\/staviori.com.pl\/en\/product\/bizuteria-inwestycyjna-pierscionek-pbd3936\/","title":{"rendered":"Exclusive | wide ring with diamonds and baguettes, 750 gold"},"content":{"rendered":"<p>Model: DDR0745<br \/>\nWeight approx. 11.90g<\/p>\n<p>Ring.<br \/>\nWhite Gold 0.750.<br \/>\n26 Diament\u00f3w, szlif brylantowy, o masie 1,88ct, barwa G-H, czysto\u015b\u0107 SI1.<br \/>\n18 Diament\u00f3w, szlif bagieta, o masie 1,70ct, barwa G-H, czysto\u015b\u0107 SI1.<\/p>\n<p>Szeroko\u015b\u0107 13-8.6 mm.<br \/>\nGrubo\u015b\u0107 3.1 mm.<\/p>\n<p>Product in any size, available on request only, lead time approx. 5 weeks.<\/p>","protected":false},"excerpt":{"rendered":"<p>Imponuj\u0105cy pier\u015bcionek z bia\u0142ego z\u0142ota pr\u00f3by 0,750, kt\u00f3ry emanuje luksusem i wyj\u0105tkowym charakterem. Dwa rz\u0119dy brylant\u00f3w o \u0142\u0105cznej masie 1,88 ct oraz centralny pas z 18 diamentami o szlifie bagietowym (1,70 ct) tworz\u0105 spektakularn\u0105 kompozycj\u0119 pe\u0142n\u0105 blasku i presti\u017cu. Szeroka forma pier\u015bcionka i perfekcyjne osadzenie kamieni czyni\u0105 go wyj\u0105tkow\u0105 propozycj\u0105 dla kobiet, kt\u00f3re pragn\u0105 wyrazi\u0107 swoj\u0105 si\u0142\u0119 i klas\u0119 poprzez bi\u017cuteri\u0119.<\/p>","protected":false},"featured_media":5281,"comment_status":"closed","ping_status":"closed","template":"","meta":{"om_disable_all_campaigns":false},"product_brand":[2284],"product_cat":[1803,6741,801],"product_tag":[4984,4908,2308,3781,3793,4062,2301,4985,4923,4928,3710,4909,4988,2280,3747,4042,4986,4708,4290,4987,4989,4872,4990,4924,3777,4980],"class_list":{"0":"post-15121","1":"product","2":"type-product","3":"status-publish","4":"has-post-thumbnail","6":"product_brand-staviori","7":"product_cat-brylanty-exclusive","8":"product_cat-pierscionki-brylanty-exclusive","9":"product_cat-pierscionki","10":"product_tag-bagetovy-brus","11":"product_tag-baguette-diamonds","12":"product_tag-biale-zloto","13":"product_tag-bile-zlato","14":"product_tag-brilianty","15":"product_tag-brilliant-cut","16":"product_tag-brylanty","17":"product_tag-ddr0745","18":"product_tag-diamantovy-prsten","19":"product_tag-diamond-ring","20":"product_tag-elegancja","21":"product_tag-elegant-ring","22":"product_tag-elegantni-design","23":"product_tag-luksusowa-bizuteria","24":"product_tag-luxury-jewelry","25":"product_tag-luxusni-sperk","26":"product_tag-pbd3936","27":"product_tag-pierscionek-z-diamentami","28":"product_tag-prestiz","29":"product_tag-siroky-prsten","30":"product_tag-statement-piece","31":"product_tag-szeroki-pierscionek","32":"product_tag-szlif-bagietowy","33":"product_tag-vyrazny-sperk","34":"product_tag-white-gold","35":"product_tag-wide-band","36":"pa_barwa-g-h","37":"pa_czystosc-si1","38":"pa_dostawca-draco","39":"pa_grubosc-3-1mm","40":"pa_kamien-brylanty","41":"pa_kamien-diamenty-bagietowe","42":"pa_kolor-biale","43":"pa_kruszec-zloto","44":"pa_proba-0-750","45":"pa_szerokosc-13-8-6mm","46":"pa_waga-1190g","48":"first","49":"onbackorder","50":"purchasable","51":"product-type-simple"},"aioseo_notices":[],"_links":{"self":[{"href":"https:\/\/staviori.com.pl\/en\/wp-json\/wp\/v2\/product\/15121","targetHints":{"allow":["GET"]}}],"collection":[{"href":"https:\/\/staviori.com.pl\/en\/wp-json\/wp\/v2\/product"}],"about":[{"href":"https:\/\/staviori.com.pl\/en\/wp-json\/wp\/v2\/types\/product"}],"replies":[{"embeddable":true,"href":"https:\/\/staviori.com.pl\/en\/wp-json\/wp\/v2\/comments?post=15121"}],"wp:featuredmedia":[{"embeddable":true,"href":"https:\/\/staviori.com.pl\/en\/wp-json\/wp\/v2\/media\/5281"}],"wp:attachment":[{"href":"https:\/\/staviori.com.pl\/en\/wp-json\/wp\/v2\/media?parent=15121"}],"wp:term":[{"taxonomy":"product_brand","embeddable":true,"href":"https:\/\/staviori.com.pl\/en\/wp-json\/wp\/v2\/product_brand?post=15121"},{"taxonomy":"product_cat","embeddable":true,"href":"https:\/\/staviori.com.pl\/en\/wp-json\/wp\/v2\/product_cat?post=15121"},{"taxonomy":"product_tag","embeddable":true,"href":"https:\/\/staviori.com.pl\/en\/wp-json\/wp\/v2\/product_tag?post=15121"}],"curies":[{"name":"wp","href":"https:\/\/api.w.org\/{rel}","templated":true}]}}