{"id":15118,"date":"2025-02-24T22:48:05","date_gmt":"2025-02-24T21:48:05","guid":{"rendered":"https:\/\/staviori.com.pl\/product\/bizuteria-inwestycyjna-pierscionek-pbd3931\/"},"modified":"2026-02-11T00:09:05","modified_gmt":"2026-02-10T23:09:05","slug":"bizuteria-inwestycyjna-pierscionek-pbd3931","status":"publish","type":"product","link":"https:\/\/staviori.com.pl\/en\/product\/bizuteria-inwestycyjna-pierscionek-pbd3931\/","title":{"rendered":"Exclusive | ring with diamonds, emeralds and sapphires"},"content":{"rendered":"<p>Model: DSR1943<br \/>\nRing.<br \/>\nWhite Gold 0.750.<\/p>\n<p>162 Diamenty, szlif brylantowy, o masie 2,13ct, barwa G-H, czysto\u015b\u0107 SI1.<br \/>\n42 Szmaragdy, o masie 1,07ct.<br \/>\n59 Szafir\u00f3w, o masie 1,60ct.<\/p>\n<p>Szeroko\u015b\u0107 34-5.5 mm.<br \/>\nThickness 7.5 mm.<\/p>\n<p>Product in any size, available on request only, lead time approx. 5 weeks.<\/p>","protected":false},"excerpt":{"rendered":"<p>Zjawiskowy pier\u015bcionek wykonany z najwy\u017cszej jako\u015bci bia\u0142ego z\u0142ota pr\u00f3by 0,750, kt\u00f3rego forma przypomina skrzyd\u0142o lub stylizowany li\u015b\u0107. Bogato wysadzany 162 diamentami o \u0142\u0105cznej masie 2,13 ct oraz 42 intensywnie zielonymi szmaragdami i 59 g\u0142\u0119boko niebieskimi szafirami. Harmonijne po\u0142\u0105czenie trzech szlachetnych kamieni tworzy wyj\u0105tkow\u0105, artystyczn\u0105 kompozycj\u0119 pe\u0142n\u0105 blasku i koloru. To niezwykle efektowna bi\u017cuteria stworzona z my\u015bl\u0105 o kobietach, kt\u00f3re pragn\u0105 wyr\u00f3\u017cnia\u0107 si\u0119 niepowtarzalnym stylem i luksusowym wyko\u0144czeniem.<\/p>","protected":false},"featured_media":5272,"comment_status":"closed","ping_status":"closed","template":"","meta":{"om_disable_all_campaigns":false},"product_brand":[2284],"product_cat":[1803,6741,801],"product_tag":[2308,2907,2296,5280,2555,4713,5281,4108,5279,2297,2373],"class_list":{"0":"post-15118","1":"product","2":"type-product","3":"status-publish","4":"has-post-thumbnail","6":"product_brand-staviori","7":"product_cat-brylanty-exclusive","8":"product_cat-pierscionki-brylanty-exclusive","9":"product_cat-pierscionki","10":"product_tag-biale-zloto","11":"product_tag-bizuteria-artystyczna","12":"product_tag-diamenty","13":"product_tag-dsr1943","14":"product_tag-ekskluzywna-bizuteria","15":"product_tag-luksusowy-pierscionek","16":"product_tag-pbd3931","17":"product_tag-pierscionek","18":"product_tag-pierscionek-z-kamieniami-szlachetnymi","19":"product_tag-szafiry","20":"product_tag-szmaragdy","21":"pa_barwa-g-h","22":"pa_czystosc-si1","23":"pa_dostawca-draco","24":"pa_grubosc-7-5mm","25":"pa_kamien-brylanty","26":"pa_kamien-szafiry","27":"pa_kamien-szmaragdy","28":"pa_kolor-biale","29":"pa_kruszec-zloto","30":"pa_proba-0-750","31":"pa_szerokosc-34-5-5mm","32":"pa_waga-1120g","34":"first","35":"onbackorder","36":"purchasable","37":"product-type-simple"},"aioseo_notices":[],"_links":{"self":[{"href":"https:\/\/staviori.com.pl\/en\/wp-json\/wp\/v2\/product\/15118","targetHints":{"allow":["GET"]}}],"collection":[{"href":"https:\/\/staviori.com.pl\/en\/wp-json\/wp\/v2\/product"}],"about":[{"href":"https:\/\/staviori.com.pl\/en\/wp-json\/wp\/v2\/types\/product"}],"replies":[{"embeddable":true,"href":"https:\/\/staviori.com.pl\/en\/wp-json\/wp\/v2\/comments?post=15118"}],"wp:featuredmedia":[{"embeddable":true,"href":"https:\/\/staviori.com.pl\/en\/wp-json\/wp\/v2\/media\/5272"}],"wp:attachment":[{"href":"https:\/\/staviori.com.pl\/en\/wp-json\/wp\/v2\/media?parent=15118"}],"wp:term":[{"taxonomy":"product_brand","embeddable":true,"href":"https:\/\/staviori.com.pl\/en\/wp-json\/wp\/v2\/product_brand?post=15118"},{"taxonomy":"product_cat","embeddable":true,"href":"https:\/\/staviori.com.pl\/en\/wp-json\/wp\/v2\/product_cat?post=15118"},{"taxonomy":"product_tag","embeddable":true,"href":"https:\/\/staviori.com.pl\/en\/wp-json\/wp\/v2\/product_tag?post=15118"}],"curies":[{"name":"wp","href":"https:\/\/api.w.org\/{rel}","templated":true}]}}