{"id":15117,"date":"2025-02-24T22:48:05","date_gmt":"2025-02-24T21:48:05","guid":{"rendered":"https:\/\/staviori.com.pl\/product\/bizuteria-inwestycyjna-pierscionek-pbd3927\/"},"modified":"2026-02-11T00:09:05","modified_gmt":"2026-02-10T23:09:05","slug":"bizuteria-inwestycyjna-pierscionek-pbd3927","status":"publish","type":"product","link":"https:\/\/staviori.com.pl\/en\/product\/bizuteria-inwestycyjna-pierscionek-pbd3927\/","title":{"rendered":"Exclusive | 750 white gold ring with black and white diamonds"},"content":{"rendered":"<p>Model: DDR1462B<br \/>\nWeight approx. 11.20g<\/p>\n<p>Ring.<br \/>\nWhite Gold 0.750.<br \/>\n36 Diament\u00f3w, szlif brylantowy, o masie ok. 1,50ct, barwa G-H, czysto\u015b\u0107 SI1.<br \/>\n154 Diamenty, kolor czarny, szlif brylantowy, o masie ok. 3,15ct.<\/p>\n<p>Szeroko\u015b\u0107 17.5-9 mm.<br \/>\nGrubo\u015b\u0107 4.3 mm.<\/p>\n<p>Product in any size, available on request only, lead time approx. 5 weeks.<\/p>","protected":false},"excerpt":{"rendered":"<p>A spectacular ring made of 0.750 white gold, which impresses with its contrast of elegance and modernity. As many as 190 diamonds are set in its wide form - 36 white diamonds weighing a total of 1.50 ct and 154 black diamonds weighing 3.15 ct. The central band of sparkling white diamonds reflects the light magnificently, emphasising the depth of the surrounding black stones. This is a distinctive and luxurious design, ideal for women looking for bold jewellery with an offbeat character.<\/p>","protected":false},"featured_media":19520,"comment_status":"closed","ping_status":"closed","template":"","meta":{"om_disable_all_campaigns":false},"product_brand":[2284],"product_cat":[1803,6741,801],"product_tag":[4878,3059,2319,4877,4700,2280,4876,4708,4872],"class_list":{"0":"post-15117","1":"product","2":"type-product","3":"status-publish","4":"has-post-thumbnail","6":"product_brand-staviori","7":"product_cat-brylanty-exclusive","8":"product_cat-pierscionki-brylanty-exclusive","9":"product_cat-pierscionki","10":"product_tag-bialo-czarny-pierscionek","11":"product_tag-bizuteria-glamour","12":"product_tag-czarne-diamenty","13":"product_tag-ddr1462b","14":"product_tag-ekskluzywny-pierscionek","15":"product_tag-luksusowa-bizuteria","16":"product_tag-pbd3927","17":"product_tag-pierscionek-z-diamentami","18":"product_tag-szeroki-pierscionek","19":"pa_barwa-g-h","20":"pa_czystosc-si1","21":"pa_dostawca-draco","22":"pa_grubosc-4-3mm","23":"pa_kamien-biale-diamenty","24":"pa_kamien-czarne-diamenty","25":"pa_kolor-biale","26":"pa_kruszec-zloto","27":"pa_proba-0-750","28":"pa_szerokosc-17-5-9mm","29":"pa_szlif-brylantowy-okragly","30":"pa_waga-1120g","32":"first","33":"onbackorder","34":"purchasable","35":"product-type-simple"},"aioseo_notices":[],"_links":{"self":[{"href":"https:\/\/staviori.com.pl\/en\/wp-json\/wp\/v2\/product\/15117","targetHints":{"allow":["GET"]}}],"collection":[{"href":"https:\/\/staviori.com.pl\/en\/wp-json\/wp\/v2\/product"}],"about":[{"href":"https:\/\/staviori.com.pl\/en\/wp-json\/wp\/v2\/types\/product"}],"replies":[{"embeddable":true,"href":"https:\/\/staviori.com.pl\/en\/wp-json\/wp\/v2\/comments?post=15117"}],"wp:featuredmedia":[{"embeddable":true,"href":"https:\/\/staviori.com.pl\/en\/wp-json\/wp\/v2\/media\/19520"}],"wp:attachment":[{"href":"https:\/\/staviori.com.pl\/en\/wp-json\/wp\/v2\/media?parent=15117"}],"wp:term":[{"taxonomy":"product_brand","embeddable":true,"href":"https:\/\/staviori.com.pl\/en\/wp-json\/wp\/v2\/product_brand?post=15117"},{"taxonomy":"product_cat","embeddable":true,"href":"https:\/\/staviori.com.pl\/en\/wp-json\/wp\/v2\/product_cat?post=15117"},{"taxonomy":"product_tag","embeddable":true,"href":"https:\/\/staviori.com.pl\/en\/wp-json\/wp\/v2\/product_tag?post=15117"}],"curies":[{"name":"wp","href":"https:\/\/api.w.org\/{rel}","templated":true}]}}