{"id":15105,"date":"2025-02-24T22:48:05","date_gmt":"2025-02-24T21:48:05","guid":{"rendered":"https:\/\/staviori.com.pl\/product\/pierscionek-z-diamentem-pbd3893\/"},"modified":"2026-02-11T00:09:05","modified_gmt":"2026-02-10T23:09:05","slug":"pierscionek-z-diamentem-pbd3893","status":"publish","type":"product","link":"https:\/\/staviori.com.pl\/en\/product\/pierscionek-z-diamentem-pbd3893\/","title":{"rendered":"white gold ring with 0.15ct diamond in bezel setting"},"content":{"rendered":"<p>Model: PBD3893<br \/>\nWaga ok. 2,60g<\/p>\n<p>Ring.<br \/>\nWhite gold 0.585.<br \/>\n1 Diamond, brilliant cut, weight 0.15ct, colour H, purity SI1-SI2.<br \/>\nCrown diameter approx. 4 mm.<\/p>\n<p>Engagement ring<\/p>\n<p>Produkt w dowolnym rozmiarze, dost\u0119pny wy\u0142\u0105cznie na zam\u00f3wienie, czas realizacji ok. 5 tygodnie.<br \/>\nGold colour of your choice.<\/p>","protected":false},"excerpt":{"rendered":"<p>Klasyczny pier\u015bcionek zar\u0119czynowy z bia\u0142ego z\u0142ota 14K, kt\u00f3ry urzeka subteln\u0105 form\u0105 i perfekcyjnym blaskiem diamentu o masie 0,15 ct. Kamie\u0144 osadzony w g\u0142adkiej, pe\u0142nej oprawie typu bezel podkre\u015bla nowoczesny charakter i zapewnia komfort noszenia na co dzie\u0144. Minimalistyczna elegancja, kt\u00f3ra zachwyca prostot\u0105 i ponadczasowym stylem.<\/p>","protected":false},"featured_media":5208,"comment_status":"closed","ping_status":"closed","template":"","meta":{"om_disable_all_campaigns":false},"product_brand":[2284],"product_cat":[1838,6752,2182,801],"product_tag":[4888,2308,4887,3690,4886,2603,4856,4889,4885,4668,4890],"class_list":{"0":"post-15105","1":"product","2":"type-product","3":"status-publish","4":"has-post-thumbnail","6":"product_brand-staviori","7":"product_cat-diamenty","8":"product_cat-kolekcja-staviori-must-have","9":"product_cat-pierscionek-z-diamentem","10":"product_cat-pierscionki","11":"product_tag-15ct","12":"product_tag-biale-zloto","13":"product_tag-diament-0","14":"product_tag-elegancki-prezent","15":"product_tag-halo","16":"product_tag-klasyczna-bizuteria","17":"product_tag-minimalistyczny-pierscionek","18":"product_tag-oprawa-bezel","19":"product_tag-pbd3893","20":"product_tag-pierscionek-zareczynowy","21":"product_tag-prosty-pierscionek-zareczynowy","22":"pa_barwa-h-2","23":"pa_czystosc-si1-si2","24":"pa_dostawca-estrella","25":"pa_kamien-brylant","26":"pa_kolor-biale","27":"pa_kruszec-zloto","28":"pa_proba-0-585","29":"pa_srednica-korony-ok-4mm","30":"pa_waga-260g","32":"first","33":"onbackorder","34":"purchasable","35":"product-type-simple"},"aioseo_notices":[],"_links":{"self":[{"href":"https:\/\/staviori.com.pl\/en\/wp-json\/wp\/v2\/product\/15105","targetHints":{"allow":["GET"]}}],"collection":[{"href":"https:\/\/staviori.com.pl\/en\/wp-json\/wp\/v2\/product"}],"about":[{"href":"https:\/\/staviori.com.pl\/en\/wp-json\/wp\/v2\/types\/product"}],"replies":[{"embeddable":true,"href":"https:\/\/staviori.com.pl\/en\/wp-json\/wp\/v2\/comments?post=15105"}],"wp:featuredmedia":[{"embeddable":true,"href":"https:\/\/staviori.com.pl\/en\/wp-json\/wp\/v2\/media\/5208"}],"wp:attachment":[{"href":"https:\/\/staviori.com.pl\/en\/wp-json\/wp\/v2\/media?parent=15105"}],"wp:term":[{"taxonomy":"product_brand","embeddable":true,"href":"https:\/\/staviori.com.pl\/en\/wp-json\/wp\/v2\/product_brand?post=15105"},{"taxonomy":"product_cat","embeddable":true,"href":"https:\/\/staviori.com.pl\/en\/wp-json\/wp\/v2\/product_cat?post=15105"},{"taxonomy":"product_tag","embeddable":true,"href":"https:\/\/staviori.com.pl\/en\/wp-json\/wp\/v2\/product_tag?post=15105"}],"curies":[{"name":"wp","href":"https:\/\/api.w.org\/{rel}","templated":true}]}}