{"id":15087,"date":"2025-02-24T22:48:00","date_gmt":"2025-02-24T21:48:00","guid":{"rendered":"https:\/\/staviori.com.pl\/product\/pierscionek-z-diamentem-pbd3813\/"},"modified":"2026-02-11T00:09:05","modified_gmt":"2026-02-10T23:09:05","slug":"pierscionek-z-diamentem-pbd3813","status":"publish","type":"product","link":"https:\/\/staviori.com.pl\/en\/product\/pierscionek-z-diamentem-pbd3813\/","title":{"rendered":"elegant ring with black and white diamonds"},"content":{"rendered":"<p>Model: PBD3813<br \/>\nWeight approx. 3.90g<\/p>\n<p>Ring.<br \/>\nWhite gold 0.585.<br \/>\n36 Diament\u00f3w, szlif brylantowy, o masie 0,30ct, barwa H, czysto\u015b\u0107 I1.<br \/>\n12 Diament\u00f3w, kolor czarny, szlif brylantowy, o masie 0,46ct.<\/p>\n<p>6 mm wide.<\/p>\n<p>Product in any size, available on request only, lead time approx. 5 weeks.<br \/>\nAlternatywnie zamiast czarnych diament\u00f3w: 12 Szafir\u00f3w, szlif brylantowy, o masie 0,45ct.<\/p>","protected":false},"excerpt":{"rendered":"<p>Imponuj\u0105cy pier\u015bcionek z bia\u0142ego z\u0142ota pr\u00f3by 0,585, kt\u00f3ry zachwyca kontrastowym po\u0142\u0105czeniem klasyki i nowoczesno\u015bci. Centraln\u0105 cz\u0119\u015b\u0107 zdobi dwana\u015bcie czarnych diament\u00f3w o \u0142\u0105cznej masie 0,46 ct, otoczonych dwoma rz\u0119dami bia\u0142ych diament\u00f3w o masie 0,30 ct. Szlachetne kamienie tworz\u0105 ol\u015bniewaj\u0105c\u0105 kompozycj\u0119 pe\u0142n\u0105 blasku i g\u0142\u0119bi. Idealny wyb\u00f3r dla kobiety, kt\u00f3ra kocha wyrazist\u0105, eleganck\u0105 bi\u017cuteri\u0119 o unikalnym charakterze.<\/p>","protected":false},"featured_media":5110,"comment_status":"closed","ping_status":"closed","template":"","meta":{"om_disable_all_campaigns":false},"product_brand":[2284],"product_cat":[1838,2182,801],"product_tag":[2326,2555,4713,4870,4767,4871,4827,4872],"class_list":{"0":"post-15087","1":"product","2":"type-product","3":"status-publish","4":"has-post-thumbnail","6":"product_brand-staviori","7":"product_cat-diamenty","8":"product_cat-pierscionek-z-diamentem","9":"product_cat-pierscionki","10":"product_tag-bizuteria-z-diamentami","11":"product_tag-ekskluzywna-bizuteria","12":"product_tag-luksusowy-pierscionek","13":"product_tag-pbd3813","14":"product_tag-pierscionek-z-bialego-zlota","15":"product_tag-pierscionek-z-bialymi-diamentami","16":"product_tag-pierscionek-z-czarnym-diamentem","17":"product_tag-szeroki-pierscionek","18":"pa_barwa-h-2","19":"pa_czystosc-i1","20":"pa_dostawca-estrella","21":"pa_dostawca-jigar","22":"pa_kamien-biale-diamenty","23":"pa_kamien-czarne-diamenty","24":"pa_kolor-biale","25":"pa_kruszec-zloto","26":"pa_proba-0-585","27":"pa_szerokosc-6mm","28":"pa_szlif-brylantowy-okragly","29":"pa_waga-390g","31":"first","32":"onbackorder","33":"purchasable","34":"product-type-simple"},"aioseo_notices":[],"_links":{"self":[{"href":"https:\/\/staviori.com.pl\/en\/wp-json\/wp\/v2\/product\/15087","targetHints":{"allow":["GET"]}}],"collection":[{"href":"https:\/\/staviori.com.pl\/en\/wp-json\/wp\/v2\/product"}],"about":[{"href":"https:\/\/staviori.com.pl\/en\/wp-json\/wp\/v2\/types\/product"}],"replies":[{"embeddable":true,"href":"https:\/\/staviori.com.pl\/en\/wp-json\/wp\/v2\/comments?post=15087"}],"wp:featuredmedia":[{"embeddable":true,"href":"https:\/\/staviori.com.pl\/en\/wp-json\/wp\/v2\/media\/5110"}],"wp:attachment":[{"href":"https:\/\/staviori.com.pl\/en\/wp-json\/wp\/v2\/media?parent=15087"}],"wp:term":[{"taxonomy":"product_brand","embeddable":true,"href":"https:\/\/staviori.com.pl\/en\/wp-json\/wp\/v2\/product_brand?post=15087"},{"taxonomy":"product_cat","embeddable":true,"href":"https:\/\/staviori.com.pl\/en\/wp-json\/wp\/v2\/product_cat?post=15087"},{"taxonomy":"product_tag","embeddable":true,"href":"https:\/\/staviori.com.pl\/en\/wp-json\/wp\/v2\/product_tag?post=15087"}],"curies":[{"name":"wp","href":"https:\/\/api.w.org\/{rel}","templated":true}]}}