{"id":15082,"date":"2025-02-24T22:48:00","date_gmt":"2025-02-24T21:48:00","guid":{"rendered":"https:\/\/staviori.com.pl\/product\/pierscionek-z-diamentem-pbd3708\/"},"modified":"2026-02-11T00:09:05","modified_gmt":"2026-02-10T23:09:05","slug":"pierscionek-z-diamentem-pbd3708","status":"publish","type":"product","link":"https:\/\/staviori.com.pl\/en\/product\/pierscionek-z-diamentem-pbd3708\/","title":{"rendered":"ring in white gold with black diamond 0.10ct"},"content":{"rendered":"<p>Model: PBD3708<br \/>\nWeight approx. 2.10g<\/p>\n<p>Ring.<br \/>\nWhite gold 0.585.<br \/>\n1 Diamond, black colour, brilliant cut, weighing 0.10ct.<\/p>\n<p>Width of the ring approx. 2.3 mm.<br \/>\nCrown diameter approx. 4.3 mm.<br \/>\nHeight 4.7 mm.<\/p>\n<p>Available to order only - within approximately 2 weeks.<\/p>","protected":false},"excerpt":{"rendered":"<p>Model: PBD3708 Waga ok. 2,10g Pier\u015bcionek. Bia\u0142e Z\u0142oto 0,585. 1 Diament, kolor czarny, szlif brylantowy, o masie 0,10ct. Szeroko\u015b\u0107 obr\u0105czki ok. 2.3 mm. \u015arednica korony ok. 4.3 mm. Wysoko\u015b\u0107 4.7 mm. Dost\u0119pny tylko na zam\u00f3wienie &#8211; w terminie oko\u0142o 2 tygodni.<\/p>","protected":false},"featured_media":5048,"comment_status":"closed","ping_status":"closed","template":"","meta":{"om_disable_all_campaigns":false},"product_brand":[2284],"product_cat":[1838,2182,801],"product_tag":[2308,2543,4036,4672,4856,4857,4668,2291],"class_list":{"0":"post-15082","1":"product","2":"type-product","3":"status-publish","4":"has-post-thumbnail","6":"product_brand-staviori","7":"product_cat-diamenty","8":"product_cat-pierscionek-z-diamentem","9":"product_cat-pierscionki","10":"product_tag-biale-zloto","11":"product_tag-bizuteria-zlota","12":"product_tag-czarny-diament","13":"product_tag-elegancki-pierscionek","14":"product_tag-minimalistyczny-pierscionek","15":"product_tag-pbd3708","16":"product_tag-pierscionek-zareczynowy","17":"product_tag-prezent-dla-niej","18":"pa_dostawca-iza","19":"pa_kamien-czarny-diament","20":"pa_kolor-biale","21":"pa_kruszec-zloto","22":"pa_proba-0-585","23":"pa_srednica-korony-ok-4-3mm","24":"pa_szerokosc-obraczki-ok-2-3mm","25":"pa_waga-210g","27":"first","28":"onbackorder","29":"purchasable","30":"product-type-simple"},"aioseo_notices":[],"_links":{"self":[{"href":"https:\/\/staviori.com.pl\/en\/wp-json\/wp\/v2\/product\/15082","targetHints":{"allow":["GET"]}}],"collection":[{"href":"https:\/\/staviori.com.pl\/en\/wp-json\/wp\/v2\/product"}],"about":[{"href":"https:\/\/staviori.com.pl\/en\/wp-json\/wp\/v2\/types\/product"}],"replies":[{"embeddable":true,"href":"https:\/\/staviori.com.pl\/en\/wp-json\/wp\/v2\/comments?post=15082"}],"wp:featuredmedia":[{"embeddable":true,"href":"https:\/\/staviori.com.pl\/en\/wp-json\/wp\/v2\/media\/5048"}],"wp:attachment":[{"href":"https:\/\/staviori.com.pl\/en\/wp-json\/wp\/v2\/media?parent=15082"}],"wp:term":[{"taxonomy":"product_brand","embeddable":true,"href":"https:\/\/staviori.com.pl\/en\/wp-json\/wp\/v2\/product_brand?post=15082"},{"taxonomy":"product_cat","embeddable":true,"href":"https:\/\/staviori.com.pl\/en\/wp-json\/wp\/v2\/product_cat?post=15082"},{"taxonomy":"product_tag","embeddable":true,"href":"https:\/\/staviori.com.pl\/en\/wp-json\/wp\/v2\/product_tag?post=15082"}],"curies":[{"name":"wp","href":"https:\/\/api.w.org\/{rel}","templated":true}]}}