{"id":15063,"date":"2025-02-24T22:47:56","date_gmt":"2025-02-24T21:47:56","guid":{"rendered":"https:\/\/staviori.com.pl\/product\/pierscionek-z-diamentem-pbd2724r\/"},"modified":"2026-02-11T00:09:03","modified_gmt":"2026-02-10T23:09:03","slug":"pierscionek-z-diamentem-pbd2724r","status":"publish","type":"product","link":"https:\/\/staviori.com.pl\/en\/product\/pierscionek-z-diamentem-pbd2724r\/","title":{"rendered":"white gold ring with ruby and diamonds"},"content":{"rendered":"<p>Model: PBD2700R<br \/>\nWaga ok. 1,65g<\/p>\n<p>Ring.<br \/>\nWhite gold 0.585.<br \/>\n5 Diament\u00f3w, szlif brylantowy, o masie 0,025ct, barwa H, czysto\u015b\u0107 I1.<br \/>\n1 Rubin, o masie 0,68ct.<\/p>\n<p>\u015arednica korony ok. 5&#215;10 mm.<\/p>\n<p>Only some sizes available - please ask<\/p>","protected":false},"excerpt":{"rendered":"<p>Zmys\u0142owy pier\u015bcionek z rubinem w szlifie markiza, wykonany z bia\u0142ego z\u0142ota pr\u00f3by 0,585. Centralny kamie\u0144 o intensywnej czerwieni i masie 0,68 ct zosta\u0142 elegancko ozdobiony pi\u0119cioma brylantami, kt\u00f3re tworz\u0105 subteln\u0105 lini\u0119 \u015bwiat\u0142a. Delikatna, rozdzielona szyna dodaje nowoczesnego charakteru i lekko\u015bci. Idealny wyb\u00f3r dla kobiet, kt\u00f3re pragn\u0105 po\u0142\u0105czy\u0107 klasyk\u0119 z odrobin\u0105 ognistej pasji.<\/p>","protected":false},"featured_media":4910,"comment_status":"closed","ping_status":"closed","template":"","meta":{"om_disable_all_campaigns":false},"product_brand":[2284],"product_cat":[1838,2182,801],"product_tag":[2769,4850,4842,4848,4851,4849,4764],"class_list":{"0":"post-15063","1":"product","2":"type-product","3":"status-publish","4":"has-post-thumbnail","6":"product_brand-staviori","7":"product_cat-diamenty","8":"product_cat-pierscionek-z-diamentem","9":"product_cat-pierscionki","10":"product_tag-bizuteria-z-bialego-zlota","11":"product_tag-czerwony-kamien","12":"product_tag-markiza","13":"product_tag-pbd2700r","14":"product_tag-pbd2724r","15":"product_tag-pierscionek-z-rubinem","16":"product_tag-rubin-i-diamenty","17":"pa_barwa-h-2","18":"pa_czystosc-i1","19":"pa_dostawca-estrella","20":"pa_kamien-diamenty","21":"pa_kamien-rubin","22":"pa_kolor-biale","23":"pa_kruszec-zloto","24":"pa_proba-0-585","25":"pa_rozmiar-2354","26":"pa_srednica-korony-ok-5x10mm","27":"pa_waga-g","29":"first","30":"instock","31":"purchasable","32":"product-type-simple"},"aioseo_notices":[],"_links":{"self":[{"href":"https:\/\/staviori.com.pl\/en\/wp-json\/wp\/v2\/product\/15063","targetHints":{"allow":["GET"]}}],"collection":[{"href":"https:\/\/staviori.com.pl\/en\/wp-json\/wp\/v2\/product"}],"about":[{"href":"https:\/\/staviori.com.pl\/en\/wp-json\/wp\/v2\/types\/product"}],"replies":[{"embeddable":true,"href":"https:\/\/staviori.com.pl\/en\/wp-json\/wp\/v2\/comments?post=15063"}],"wp:featuredmedia":[{"embeddable":true,"href":"https:\/\/staviori.com.pl\/en\/wp-json\/wp\/v2\/media\/4910"}],"wp:attachment":[{"href":"https:\/\/staviori.com.pl\/en\/wp-json\/wp\/v2\/media?parent=15063"}],"wp:term":[{"taxonomy":"product_brand","embeddable":true,"href":"https:\/\/staviori.com.pl\/en\/wp-json\/wp\/v2\/product_brand?post=15063"},{"taxonomy":"product_cat","embeddable":true,"href":"https:\/\/staviori.com.pl\/en\/wp-json\/wp\/v2\/product_cat?post=15063"},{"taxonomy":"product_tag","embeddable":true,"href":"https:\/\/staviori.com.pl\/en\/wp-json\/wp\/v2\/product_tag?post=15063"}],"curies":[{"name":"wp","href":"https:\/\/api.w.org\/{rel}","templated":true}]}}