{"id":15056,"date":"2025-02-24T22:47:51","date_gmt":"2025-02-24T21:47:51","guid":{"rendered":"https:\/\/staviori.com.pl\/product\/bizuteria-inwestycyjna-pierscionek-pbd2532\/"},"modified":"2026-02-11T00:09:03","modified_gmt":"2026-02-10T23:09:03","slug":"bizuteria-inwestycyjna-pierscionek-pbd2532","status":"publish","type":"product","link":"https:\/\/staviori.com.pl\/en\/product\/bizuteria-inwestycyjna-pierscionek-pbd2532\/","title":{"rendered":"Exclusive | 750 white gold ring with rose-cut diamonds and diamonds"},"content":{"rendered":"<p>Model: DDR0969W<br \/>\nWeight approx. 13.50g<\/p>\n<p>Ring.<br \/>\nWhite Gold 0.750.<br \/>\n178 Diament\u00f3w, szlif brylantowy, o masie 2,97ct, barwa G-H, czysto\u015b\u0107 SI1.<br \/>\n11 Diament\u00f3w, szlif r\u00f3\u017cany, o masie 2,01ct, barwa G-H, czysto\u015b\u0107 SI1.<\/p>\n<p>Szeroko\u015b\u0107 18 mm.<br \/>\nHeight 4 mm.<\/p>\n<p>Product in any size, available on request only, lead time approx. 5 weeks.<\/p>","protected":false},"excerpt":{"rendered":"<p>A dazzling ring in 750 white gold, set with as many as 189 diamonds in two exceptional cuts. Sparkling diamonds weighing a total of 2.97 ct and 11 rose-cut stones weighing 2.01 ct create a spectacular mosaic of light and brilliance. The ring's wide form makes it a piece of jewellery that delights from the first glance - ideal for women who appreciate luxury and original design.<\/p>","protected":false},"featured_media":4848,"comment_status":"closed","ping_status":"closed","template":"","meta":{"om_disable_all_campaigns":false},"product_brand":[2284],"product_cat":[1803,6741,801],"product_tag":[2311,6469,6467,4928,3747,6466,4767,4708,6460,6461,6468,5058,2341],"class_list":{"0":"post-15056","1":"product","2":"type-product","3":"status-publish","4":"has-post-thumbnail","6":"product_brand-staviori","7":"product_cat-brylanty-exclusive","8":"product_cat-pierscionki-brylanty-exclusive","9":"product_cat-pierscionki","10":"product_tag-bizuteria-luksusowa","11":"product_tag-ddr0969w","12":"product_tag-diamantenring","13":"product_tag-diamond-ring","14":"product_tag-luxury-jewelry","15":"product_tag-pbd2532","16":"product_tag-pierscionek-z-bialego-zlota","17":"product_tag-pierscionek-z-diamentami","18":"product_tag-prsten-s-diamanty","19":"product_tag-prsten-z-bileho-zlata","20":"product_tag-weisgold-ring","21":"product_tag-white-gold-ring","22":"product_tag-zloto-750","23":"pa_barwa-g-h","24":"pa_czystosc-si1","25":"pa_kamien-brylanty","26":"pa_kamien-diamenty-o-szlifie-rozanym","27":"pa_kolor-biale","28":"pa_kruszec-zloto","29":"pa_proba-0-750","30":"pa_szerokosc-18mm","31":"pa_waga-1350g","32":"pa_wysokosc-4mm","34":"first","35":"instock","36":"purchasable","37":"product-type-simple"},"aioseo_notices":[],"_links":{"self":[{"href":"https:\/\/staviori.com.pl\/en\/wp-json\/wp\/v2\/product\/15056","targetHints":{"allow":["GET"]}}],"collection":[{"href":"https:\/\/staviori.com.pl\/en\/wp-json\/wp\/v2\/product"}],"about":[{"href":"https:\/\/staviori.com.pl\/en\/wp-json\/wp\/v2\/types\/product"}],"replies":[{"embeddable":true,"href":"https:\/\/staviori.com.pl\/en\/wp-json\/wp\/v2\/comments?post=15056"}],"wp:featuredmedia":[{"embeddable":true,"href":"https:\/\/staviori.com.pl\/en\/wp-json\/wp\/v2\/media\/4848"}],"wp:attachment":[{"href":"https:\/\/staviori.com.pl\/en\/wp-json\/wp\/v2\/media?parent=15056"}],"wp:term":[{"taxonomy":"product_brand","embeddable":true,"href":"https:\/\/staviori.com.pl\/en\/wp-json\/wp\/v2\/product_brand?post=15056"},{"taxonomy":"product_cat","embeddable":true,"href":"https:\/\/staviori.com.pl\/en\/wp-json\/wp\/v2\/product_cat?post=15056"},{"taxonomy":"product_tag","embeddable":true,"href":"https:\/\/staviori.com.pl\/en\/wp-json\/wp\/v2\/product_tag?post=15056"}],"curies":[{"name":"wp","href":"https:\/\/api.w.org\/{rel}","templated":true}]}}