{"id":15045,"date":"2025-02-24T22:47:51","date_gmt":"2025-02-24T21:47:51","guid":{"rendered":"https:\/\/staviori.com.pl\/product\/pierscionek-z-diamentem-pbd1922t\/"},"modified":"2026-02-11T00:09:02","modified_gmt":"2026-02-10T23:09:02","slug":"pierscionek-z-diamentem-pbd1922t","status":"publish","type":"product","link":"https:\/\/staviori.com.pl\/en\/product\/pierscionek-z-diamentem-pbd1922t\/","title":{"rendered":"white gold ring with tanzanite and diamonds"},"content":{"rendered":"<p>Model: PBD1922T<br \/>\nWeight approx. 1.80g<\/p>\n<p>Ring.<br \/>\nWhite gold 0.585.<br \/>\n2 Diamonds, brilliant cut, weighing 0.06ct, colour H, clarity I1.<br \/>\n1 Tanzanit, o masie 0,60ct.<\/p>\n<p>Crown diameter approx. 4\u00d76 mm.<br \/>\nWidth of the ring approx. 2 mm.<\/p>\n<p>Product in any size, available on request only, lead time approx. 5 weeks.<\/p>","protected":false},"excerpt":{"rendered":"<p>Elegancki pier\u015bcionek z bia\u0142ego z\u0142ota pr\u00f3by 0,585, zachwycaj\u0105cy subtelnym po\u0142\u0105czeniem kolor\u00f3w i szlachetno\u015bci kamieni. Centraln\u0105 ozdob\u0105 jest pi\u0119knie oszlifowany tanzanit o masie 0,60 ct w kszta\u0142cie prostok\u0105ta, kt\u00f3rego wyj\u0105tkowy fioletowo-niebieski odcie\u0144 przyci\u0105ga wzrok i symbolizuje spok\u00f3j oraz duchow\u0105 r\u00f3wnowag\u0119. Po bokach l\u015bni\u0105 dwa diamenty o \u0142\u0105cznej masie 0,06 ct, kt\u00f3re podkre\u015blaj\u0105 jego urok. Doskona\u0142y wyb\u00f3r dla kobiety z klas\u0105, kt\u00f3ra ceni unikalne i wyrafinowane formy.<\/p>","protected":false},"featured_media":19431,"comment_status":"closed","ping_status":"closed","template":"","meta":{"om_disable_all_campaigns":false},"product_brand":[2284],"product_cat":[1838,2182,801],"product_tag":[4820,2786,4672,4818,4708,4819],"class_list":{"0":"post-15045","1":"product","2":"type-product","3":"status-publish","4":"has-post-thumbnail","6":"product_brand-staviori","7":"product_cat-diamenty","8":"product_cat-pierscionek-z-diamentem","9":"product_cat-pierscionki","10":"product_tag-bialo-zloty-pierscionek","11":"product_tag-bizuteria-z-tanzanitem","12":"product_tag-elegancki-pierscionek","13":"product_tag-pbd1922t","14":"product_tag-pierscionek-z-diamentami","15":"product_tag-pierscionek-z-tanzanitem","16":"pa_barwa-h-2","17":"pa_czystosc-i1","18":"pa_dostawca-estrella","19":"pa_kamien-diamenty","20":"pa_kamien-brylanty","21":"pa_kamien-tanzanit","22":"pa_kolor-biale","23":"pa_kruszec-zloto","24":"pa_proba-0-585","25":"pa_srednica-korony-ok-4x6mm","26":"pa_szerokosc-obraczki-ok-2mm","27":"pa_waga-180g","29":"first","30":"onbackorder","31":"purchasable","32":"product-type-simple"},"aioseo_notices":[],"_links":{"self":[{"href":"https:\/\/staviori.com.pl\/en\/wp-json\/wp\/v2\/product\/15045","targetHints":{"allow":["GET"]}}],"collection":[{"href":"https:\/\/staviori.com.pl\/en\/wp-json\/wp\/v2\/product"}],"about":[{"href":"https:\/\/staviori.com.pl\/en\/wp-json\/wp\/v2\/types\/product"}],"replies":[{"embeddable":true,"href":"https:\/\/staviori.com.pl\/en\/wp-json\/wp\/v2\/comments?post=15045"}],"wp:featuredmedia":[{"embeddable":true,"href":"https:\/\/staviori.com.pl\/en\/wp-json\/wp\/v2\/media\/19431"}],"wp:attachment":[{"href":"https:\/\/staviori.com.pl\/en\/wp-json\/wp\/v2\/media?parent=15045"}],"wp:term":[{"taxonomy":"product_brand","embeddable":true,"href":"https:\/\/staviori.com.pl\/en\/wp-json\/wp\/v2\/product_brand?post=15045"},{"taxonomy":"product_cat","embeddable":true,"href":"https:\/\/staviori.com.pl\/en\/wp-json\/wp\/v2\/product_cat?post=15045"},{"taxonomy":"product_tag","embeddable":true,"href":"https:\/\/staviori.com.pl\/en\/wp-json\/wp\/v2\/product_tag?post=15045"}],"curies":[{"name":"wp","href":"https:\/\/api.w.org\/{rel}","templated":true}]}}