{"id":15042,"date":"2025-02-24T22:47:51","date_gmt":"2025-02-24T21:47:51","guid":{"rendered":"https:\/\/staviori.com.pl\/product\/pierscionek-z-diamentem-pbd1913\/"},"modified":"2026-02-11T00:09:02","modified_gmt":"2026-02-10T23:09:02","slug":"pierscionek-z-diamentem-pbd1913","status":"publish","type":"product","link":"https:\/\/staviori.com.pl\/en\/product\/pierscionek-z-diamentem-pbd1913\/","title":{"rendered":"Beautiful engagement ring with 0.15ct diamond"},"content":{"rendered":"<p>Model: DDR1913W<br \/>\nWeight approx. 2.10g<\/p>\n<p>Ring.<br \/>\nWhite gold 0.585.<br \/>\n1 Diamond, brilliant cut, weight 0.15ct, colour G, purity SI1.<\/p>\n<p>Crown diameter approx. 4.2 mm.<br \/>\nHeight 5.5 mm.<br \/>\nWidth of the ring approx. 2.2 mm.<\/p>\n<p>Engagement ring<br \/>\nOnly some sizes available - please ask<\/p>","protected":false},"excerpt":{"rendered":"<p>Klasyczny pier\u015bcionek zar\u0119czynowy z bia\u0142ego z\u0142ota pr\u00f3by 0,585, kt\u00f3rego sercem jest ol\u015bniewaj\u0105cy brylant o masie 0,15 ct. Kamie\u0144 oprawiony jest w delikatn\u0105, a zarazem efektown\u0105 koron\u0119 na sze\u015b\u0107 \u0142apek, subtelnie unosz\u0105c\u0105 diament i eksponuj\u0105c\u0105 jego blask z ka\u017cdej strony. Elegancka forma i doskona\u0142e proporcje sprawiaj\u0105, \u017ce ten model to kwintesencja ponadczasowego pi\u0119kna i romantyzmu. Idealny wyb\u00f3r na o\u015bwiadczyny.<\/p>","protected":false},"featured_media":4704,"comment_status":"closed","ping_status":"closed","template":"","meta":{"om_disable_all_campaigns":false},"product_brand":[2284],"product_cat":[1838,6752,2182,801],"product_tag":[2308,4825,4823,2317,4673,4824,4668,2846],"class_list":{"0":"post-15042","1":"product","2":"type-product","3":"status-publish","4":"has-post-thumbnail","6":"product_brand-staviori","7":"product_cat-diamenty","8":"product_cat-kolekcja-staviori-must-have","9":"product_cat-pierscionek-z-diamentem","10":"product_cat-pierscionki","11":"product_tag-biale-zloto","12":"product_tag-ddr1913w","13":"product_tag-diament-0-15ct","14":"product_tag-elegancka-bizuteria","15":"product_tag-klasyczny-pierscionek","16":"product_tag-pbd1913","17":"product_tag-pierscionek-zareczynowy","18":"product_tag-szlif-brylantowy","19":"pa_barwa-g-2","20":"pa_czystosc-si1","21":"pa_kamien-brylant","22":"pa_kolor-biale","23":"pa_kruszec-zloto","24":"pa_masa-karatowa-015ct","25":"pa_proba-0-585","26":"pa_srednica-korony-ok-4-2mm","27":"pa_waga-g","28":"pa_wysokosc-5-5mm","30":"first","31":"instock","32":"purchasable","33":"product-type-simple"},"aioseo_notices":[],"_links":{"self":[{"href":"https:\/\/staviori.com.pl\/en\/wp-json\/wp\/v2\/product\/15042","targetHints":{"allow":["GET"]}}],"collection":[{"href":"https:\/\/staviori.com.pl\/en\/wp-json\/wp\/v2\/product"}],"about":[{"href":"https:\/\/staviori.com.pl\/en\/wp-json\/wp\/v2\/types\/product"}],"replies":[{"embeddable":true,"href":"https:\/\/staviori.com.pl\/en\/wp-json\/wp\/v2\/comments?post=15042"}],"wp:featuredmedia":[{"embeddable":true,"href":"https:\/\/staviori.com.pl\/en\/wp-json\/wp\/v2\/media\/4704"}],"wp:attachment":[{"href":"https:\/\/staviori.com.pl\/en\/wp-json\/wp\/v2\/media?parent=15042"}],"wp:term":[{"taxonomy":"product_brand","embeddable":true,"href":"https:\/\/staviori.com.pl\/en\/wp-json\/wp\/v2\/product_brand?post=15042"},{"taxonomy":"product_cat","embeddable":true,"href":"https:\/\/staviori.com.pl\/en\/wp-json\/wp\/v2\/product_cat?post=15042"},{"taxonomy":"product_tag","embeddable":true,"href":"https:\/\/staviori.com.pl\/en\/wp-json\/wp\/v2\/product_tag?post=15042"}],"curies":[{"name":"wp","href":"https:\/\/api.w.org\/{rel}","templated":true}]}}