{"id":15039,"date":"2025-02-24T22:47:51","date_gmt":"2025-02-24T21:47:51","guid":{"rendered":"https:\/\/staviori.com.pl\/product\/pierscionek-z-diamentem-pbd1891\/"},"modified":"2026-02-11T00:09:02","modified_gmt":"2026-02-10T23:09:02","slug":"pierscionek-z-diamentem-pbd1891","status":"publish","type":"product","link":"https:\/\/staviori.com.pl\/en\/product\/pierscionek-z-diamentem-pbd1891\/","title":{"rendered":"white gold butterfly ring with diamond"},"content":{"rendered":"<p>Model: PBD1891<br \/>\nWeight approx. 1.20g<\/p>\n<p>Ring.<br \/>\nWhite gold 0.585.<br \/>\n1 Diamond, achtkant cut, weighing 0.005ct, colour H, purity I1.<\/p>\n<p>Crown diameter approx. 8\u00d79 mm.<br \/>\nWidth of ring approx. 1.5 mm.<\/p>\n<p>Only some sizes available - please ask<\/p>","protected":false},"excerpt":{"rendered":"<p>Delikatny pier\u015bcionek z bia\u0142ego z\u0142ota pr\u00f3by 0,585, ozdobiony subtelnym motywem motyla. Skrzyde\u0142ka dekorowane s\u0105 finezyjnym wzorem, a jedno z nich zdobi male\u0144ki diament o szlifie achtkant, kt\u00f3ry dodaje ca\u0142o\u015bci dyskretnego blasku. Symbol lekko\u015bci, wolno\u015bci i kobiecego wdzi\u0119ku \u2013 idealny prezent dla romantycznej duszy i mi\u0142o\u015bniczki natury.<\/p>","protected":false},"featured_media":19447,"comment_status":"closed","ping_status":"closed","template":"","meta":{"om_disable_all_campaigns":false},"product_brand":[2284],"product_cat":[1838,2182,801],"product_tag":[2308,3295,2565,4831,4686,4830,2291],"class_list":{"0":"post-15039","1":"product","2":"type-product","3":"status-publish","4":"has-post-thumbnail","6":"product_brand-staviori","7":"product_cat-diamenty","8":"product_cat-pierscionek-z-diamentem","9":"product_cat-pierscionki","10":"product_tag-biale-zloto","11":"product_tag-bizuteria-inspirowana-natura","12":"product_tag-delikatna-bizuteria","13":"product_tag-pbd1891","14":"product_tag-pierscionek-z-diamentem","15":"product_tag-pierscionek-z-motywem-motyla","16":"product_tag-prezent-dla-niej","17":"pa_barwa-h-2","18":"pa_czystosc-i1","19":"pa_dostawca-estrella","20":"pa_kamien-diament","21":"pa_kolor-biale","22":"pa_kruszec-zloto","23":"pa_motyw-motylek","24":"pa_proba-0-585","25":"pa_rozmiar-4355","26":"pa_rozmiar-2353","27":"pa_srednica-korony-ok-8x9mm","28":"pa_szerokosc-obraczki-ok-1-5mm","29":"pa_szlif-achtkant","30":"pa_waga-120g","32":"first","33":"instock","34":"purchasable","35":"product-type-simple"},"aioseo_notices":[],"_links":{"self":[{"href":"https:\/\/staviori.com.pl\/en\/wp-json\/wp\/v2\/product\/15039","targetHints":{"allow":["GET"]}}],"collection":[{"href":"https:\/\/staviori.com.pl\/en\/wp-json\/wp\/v2\/product"}],"about":[{"href":"https:\/\/staviori.com.pl\/en\/wp-json\/wp\/v2\/types\/product"}],"replies":[{"embeddable":true,"href":"https:\/\/staviori.com.pl\/en\/wp-json\/wp\/v2\/comments?post=15039"}],"wp:featuredmedia":[{"embeddable":true,"href":"https:\/\/staviori.com.pl\/en\/wp-json\/wp\/v2\/media\/19447"}],"wp:attachment":[{"href":"https:\/\/staviori.com.pl\/en\/wp-json\/wp\/v2\/media?parent=15039"}],"wp:term":[{"taxonomy":"product_brand","embeddable":true,"href":"https:\/\/staviori.com.pl\/en\/wp-json\/wp\/v2\/product_brand?post=15039"},{"taxonomy":"product_cat","embeddable":true,"href":"https:\/\/staviori.com.pl\/en\/wp-json\/wp\/v2\/product_cat?post=15039"},{"taxonomy":"product_tag","embeddable":true,"href":"https:\/\/staviori.com.pl\/en\/wp-json\/wp\/v2\/product_tag?post=15039"}],"curies":[{"name":"wp","href":"https:\/\/api.w.org\/{rel}","templated":true}]}}