{"id":15037,"date":"2025-02-24T22:47:46","date_gmt":"2025-02-24T21:47:46","guid":{"rendered":"https:\/\/staviori.com.pl\/product\/pierscionek-z-diamentem-pbd1876\/"},"modified":"2026-02-11T00:09:02","modified_gmt":"2026-02-10T23:09:02","slug":"pierscionek-z-diamentem-pbd1876","status":"publish","type":"product","link":"https:\/\/staviori.com.pl\/en\/product\/pierscionek-z-diamentem-pbd1876\/","title":{"rendered":"flower ring with diamond white gold 585"},"content":{"rendered":"<p>Model: PBD1876<br \/>\nWeight approx. 1.80g<\/p>\n<p>Ring.<br \/>\nWhite gold 0.585.<br \/>\n1 Diamond, brilliant cut, weighing 0.03ct, colour H, purity I1.<\/p>\n<p>Crown diameter approx. 10 mm.<br \/>\nHeight 5 mm.<br \/>\nWidth of ring approx. 1.5 mm.<\/p>\n<p>Dost\u0119pne tylko niekt\u00f3re rozmiary &#8211; prosimy pyta\u0107.<\/p>","protected":false},"excerpt":{"rendered":"<p>Subtelny i niezwykle kobiecy pier\u015bcionek Staviori wykonany z bia\u0142ego z\u0142ota pr\u00f3by 0,585. Jego oryginalny kszta\u0142t przypomina delikatny kwiat, w kt\u00f3rego centrum b\u0142yszczy diament o szlifie brylantowym. Lekko\u015b\u0107 formy i elegancja wykonania sprawiaj\u0105, \u017ce pier\u015bcionek ten doskonale sprawdzi si\u0119 zar\u00f3wno jako symbol mi\u0142o\u015bci, jak i wyj\u0105tkowy dodatek do codziennych stylizacji.<\/p>","protected":false},"featured_media":21757,"comment_status":"closed","ping_status":"closed","template":"","meta":{"om_disable_all_campaigns":false},"product_brand":[2284],"product_cat":[1838,2182,801],"product_tag":[2308,3781,2565,4923,4928,4906,6711,4711,4686,3724,5058,4910,2364],"class_list":{"0":"post-15037","1":"product","2":"type-product","3":"status-publish","4":"has-post-thumbnail","6":"product_brand-staviori","7":"product_cat-diamenty","8":"product_cat-pierscionek-z-diamentem","9":"product_cat-pierscionki","10":"product_tag-biale-zloto","11":"product_tag-bile-zlato","12":"product_tag-delikatna-bizuteria","13":"product_tag-diamantovy-prsten","14":"product_tag-diamond-ring","15":"product_tag-engagement-ring","16":"product_tag-gold-14k","17":"product_tag-pierscionek-kwiat","18":"product_tag-pierscionek-z-diamentem","19":"product_tag-staviori","20":"product_tag-white-gold-ring","21":"product_tag-zasnubni-prsten","22":"product_tag-zloto-585","23":"pa_barwa-h-2","24":"pa_czystosc-i1","25":"pa_kamien-diament","26":"pa_kolor-biale","27":"pa_kruszec-zloto","28":"pa_proba-0-585","29":"pa_rozmiar-4355","30":"pa_rozmiar-2351","31":"pa_srednica-korony-ok-10mm","32":"pa_waga-180g","33":"pa_wysokosc-5mm","35":"first","36":"instock","37":"purchasable","38":"product-type-simple"},"aioseo_notices":[],"_links":{"self":[{"href":"https:\/\/staviori.com.pl\/en\/wp-json\/wp\/v2\/product\/15037","targetHints":{"allow":["GET"]}}],"collection":[{"href":"https:\/\/staviori.com.pl\/en\/wp-json\/wp\/v2\/product"}],"about":[{"href":"https:\/\/staviori.com.pl\/en\/wp-json\/wp\/v2\/types\/product"}],"replies":[{"embeddable":true,"href":"https:\/\/staviori.com.pl\/en\/wp-json\/wp\/v2\/comments?post=15037"}],"wp:featuredmedia":[{"embeddable":true,"href":"https:\/\/staviori.com.pl\/en\/wp-json\/wp\/v2\/media\/21757"}],"wp:attachment":[{"href":"https:\/\/staviori.com.pl\/en\/wp-json\/wp\/v2\/media?parent=15037"}],"wp:term":[{"taxonomy":"product_brand","embeddable":true,"href":"https:\/\/staviori.com.pl\/en\/wp-json\/wp\/v2\/product_brand?post=15037"},{"taxonomy":"product_cat","embeddable":true,"href":"https:\/\/staviori.com.pl\/en\/wp-json\/wp\/v2\/product_cat?post=15037"},{"taxonomy":"product_tag","embeddable":true,"href":"https:\/\/staviori.com.pl\/en\/wp-json\/wp\/v2\/product_tag?post=15037"}],"curies":[{"name":"wp","href":"https:\/\/api.w.org\/{rel}","templated":true}]}}