{"id":15023,"date":"2025-02-24T22:47:46","date_gmt":"2025-02-24T21:47:46","guid":{"rendered":"https:\/\/staviori.com.pl\/product\/bizuteria-inwestycyjna-pierscionek-pbd1746\/"},"modified":"2026-02-11T00:09:01","modified_gmt":"2026-02-10T23:09:01","slug":"bizuteria-inwestycyjna-pierscionek-pbd1746","status":"publish","type":"product","link":"https:\/\/staviori.com.pl\/en\/product\/bizuteria-inwestycyjna-pierscionek-pbd1746\/","title":{"rendered":"Exclusive | stately ring with rose-cut diamonds in 18K gold"},"content":{"rendered":"<p>Model: DDR0730<br \/>\nWaga ok. 15,90g<\/p>\n<p>Ring.<br \/>\nWhite Gold 0.750.<br \/>\n70 Diament\u00f3w, szlif r\u00f3\u017cany, o masie ok. 9,54ct, barwa G-H, czysto\u015b\u0107 SI1.<\/p>\n<p>Korona 13&#215;21 mm.<br \/>\n12 mm high.<\/p>\n<p>Product in any size, available on request only, lead time approx. 5 weeks.<\/p>","protected":false},"excerpt":{"rendered":"<p>This dazzling ring made of 0.750 white gold is a true work of jewellery art. Its massive form is adorned with as many as 70 diamonds weighing a total of 9.54 ct, cut in the rose style, which gives them an exceptionally romantic and soft sparkle. The crown of impressive dimensions attracts the eye and exudes luxury. This is for women who appreciate bold elegance and the unique character of high-end jewellery.<\/p>","protected":false},"featured_media":4564,"comment_status":"closed","ping_status":"closed","template":"","meta":{"om_disable_all_campaigns":false},"product_brand":[2284],"product_cat":[1803,801,6741],"product_tag":[2278,4754,4713,4753,4751,4755,4708,4752],"class_list":{"0":"post-15023","1":"product","2":"type-product","3":"status-publish","4":"has-post-thumbnail","6":"product_brand-staviori","7":"product_cat-brylanty-exclusive","8":"product_cat-pierscionki","9":"product_cat-pierscionki-brylanty-exclusive","10":"product_tag-biale-zloto-18k","11":"product_tag-designerski-pierscionek","12":"product_tag-luksusowy-pierscionek","13":"product_tag-okazala-bizuteria","14":"product_tag-pbd1746","15":"product_tag-pierscionek-glamour","16":"product_tag-pierscionek-z-diamentami","17":"product_tag-szlif-rozany","18":"pa_barwa-g-h","19":"pa_czystosc-si1","20":"pa_dostawca-draco","21":"pa_kamien-diamenty","22":"pa_kamien-diamenty-o-szlifie-rozanym","23":"pa_kolor-biale","24":"pa_korona-13x21mm","25":"pa_kruszec-zloto","26":"pa_proba-0-750","27":"pa_szlif-rozany","28":"pa_waga-1590g","29":"pa_wysokosc-12mm","31":"first","32":"onbackorder","33":"purchasable","34":"product-type-simple"},"aioseo_notices":[],"_links":{"self":[{"href":"https:\/\/staviori.com.pl\/en\/wp-json\/wp\/v2\/product\/15023","targetHints":{"allow":["GET"]}}],"collection":[{"href":"https:\/\/staviori.com.pl\/en\/wp-json\/wp\/v2\/product"}],"about":[{"href":"https:\/\/staviori.com.pl\/en\/wp-json\/wp\/v2\/types\/product"}],"replies":[{"embeddable":true,"href":"https:\/\/staviori.com.pl\/en\/wp-json\/wp\/v2\/comments?post=15023"}],"wp:featuredmedia":[{"embeddable":true,"href":"https:\/\/staviori.com.pl\/en\/wp-json\/wp\/v2\/media\/4564"}],"wp:attachment":[{"href":"https:\/\/staviori.com.pl\/en\/wp-json\/wp\/v2\/media?parent=15023"}],"wp:term":[{"taxonomy":"product_brand","embeddable":true,"href":"https:\/\/staviori.com.pl\/en\/wp-json\/wp\/v2\/product_brand?post=15023"},{"taxonomy":"product_cat","embeddable":true,"href":"https:\/\/staviori.com.pl\/en\/wp-json\/wp\/v2\/product_cat?post=15023"},{"taxonomy":"product_tag","embeddable":true,"href":"https:\/\/staviori.com.pl\/en\/wp-json\/wp\/v2\/product_tag?post=15023"}],"curies":[{"name":"wp","href":"https:\/\/api.w.org\/{rel}","templated":true}]}}