{"id":15017,"date":"2025-02-24T22:47:41","date_gmt":"2025-02-24T21:47:41","guid":{"rendered":"https:\/\/staviori.com.pl\/product\/bizuteria-inwestycyjna-pierscionek-pbd1635\/"},"modified":"2026-02-11T00:09:00","modified_gmt":"2026-02-10T23:09:00","slug":"bizuteria-inwestycyjna-pierscionek-pbd1635","status":"publish","type":"product","link":"https:\/\/staviori.com.pl\/en\/product\/bizuteria-inwestycyjna-pierscionek-pbd1635\/","title":{"rendered":"Exclusive | unusual diamond snake ring in 18 carat gold"},"content":{"rendered":"<p>Model: DDR0556<br \/>\nWaga ok. 5,90gg<\/p>\n<p>Ring.<br \/>\nWhite Gold 0.750.<br \/>\n181 Diament\u00f3w, szlif brylantowy, o masie ok. 1,38ct, barwa G-H, czysto\u015b\u0107 SI1.<br \/>\n2 Diamenty, kolor czarny, szlif brylantowy, o masie 0,04ct.<\/p>\n<p>6 mm wide.<br \/>\nWysoko\u015b\u0107 4.5 mm.<br \/>\nWidth of the ring approx. 3 mm.<\/p>\n<p>Product in any size, available on request only, lead time approx. 4 weeks.<\/p>","protected":false},"excerpt":{"rendered":"<p>Zjawiskowy pier\u015bcionek w kszta\u0142cie w\u0119\u017ca wykonany z ekskluzywnego 18-karatowego bia\u0142ego z\u0142ota. Ca\u0142o\u015b\u0107 zdobi a\u017c 181 bia\u0142ych brylant\u00f3w o \u0142\u0105cznej masie 1,38 ct, kt\u00f3re nadaj\u0105 mu niepowtarzalnego blasku i luksusowego charakteru. Dodatkowo w oczach w\u0119\u017ca osadzono dwa czarne diamenty, podkre\u015blaj\u0105ce jego tajemniczy, hipnotyzuj\u0105cy wygl\u0105d. Ten spektakularny projekt zachwyca nie tylko form\u0105, ale i niezwyk\u0142\u0105 precyzj\u0105 wykonania. Idealna propozycja dla kobiet, kt\u00f3re szukaj\u0105 bi\u017cuterii o silnym wyrazie i artystycznym zaci\u0119ciu.<\/p>","protected":false},"featured_media":4508,"comment_status":"closed","ping_status":"closed","template":"","meta":{"om_disable_all_campaigns":false},"product_brand":[2284],"product_cat":[1803,6741,801],"product_tag":[4734,2278,4703,4036,4732,2280,4731,4733,4736,4735],"class_list":{"0":"post-15017","1":"product","2":"type-product","3":"status-publish","4":"has-post-thumbnail","6":"product_brand-staviori","7":"product_cat-brylanty-exclusive","8":"product_cat-pierscionki-brylanty-exclusive","9":"product_cat-pierscionki","10":"product_tag-artystyczna-bizuteria","11":"product_tag-biale-zloto-18k","12":"product_tag-bialy-diament","13":"product_tag-czarny-diament","14":"product_tag-ddr0556","15":"product_tag-luksusowa-bizuteria","16":"product_tag-pbd1635","17":"product_tag-pierscionek-waz","18":"product_tag-wezowy-motyw","19":"product_tag-wyjatkowy-pierscionek","20":"pa_barwa-g-h","21":"pa_czystosc-si1","22":"pa_dostawca-draco","23":"pa_kamien-biale-diamenty","24":"pa_kamien-brylanty","25":"pa_kamien-czarne-diamenty","26":"pa_kolor-biale","27":"pa_kruszec-zloto","28":"pa_motyw-waz","29":"pa_proba-0-750","30":"pa_szerokosc-6mm","31":"pa_waga-590g","32":"pa_wysokosc-4-5mm","34":"first","35":"onbackorder","36":"purchasable","37":"product-type-simple"},"aioseo_notices":[],"_links":{"self":[{"href":"https:\/\/staviori.com.pl\/en\/wp-json\/wp\/v2\/product\/15017","targetHints":{"allow":["GET"]}}],"collection":[{"href":"https:\/\/staviori.com.pl\/en\/wp-json\/wp\/v2\/product"}],"about":[{"href":"https:\/\/staviori.com.pl\/en\/wp-json\/wp\/v2\/types\/product"}],"replies":[{"embeddable":true,"href":"https:\/\/staviori.com.pl\/en\/wp-json\/wp\/v2\/comments?post=15017"}],"wp:featuredmedia":[{"embeddable":true,"href":"https:\/\/staviori.com.pl\/en\/wp-json\/wp\/v2\/media\/4508"}],"wp:attachment":[{"href":"https:\/\/staviori.com.pl\/en\/wp-json\/wp\/v2\/media?parent=15017"}],"wp:term":[{"taxonomy":"product_brand","embeddable":true,"href":"https:\/\/staviori.com.pl\/en\/wp-json\/wp\/v2\/product_brand?post=15017"},{"taxonomy":"product_cat","embeddable":true,"href":"https:\/\/staviori.com.pl\/en\/wp-json\/wp\/v2\/product_cat?post=15017"},{"taxonomy":"product_tag","embeddable":true,"href":"https:\/\/staviori.com.pl\/en\/wp-json\/wp\/v2\/product_tag?post=15017"}],"curies":[{"name":"wp","href":"https:\/\/api.w.org\/{rel}","templated":true}]}}