{"id":15008,"date":"2025-02-24T22:47:41","date_gmt":"2025-02-24T21:47:41","guid":{"rendered":"https:\/\/staviori.com.pl\/product\/bizuteria-inwestycyjna-pierscionek-pbd1573\/"},"modified":"2026-02-11T00:09:00","modified_gmt":"2026-02-10T23:09:00","slug":"bizuteria-inwestycyjna-pierscionek-pbd1573","status":"publish","type":"product","link":"https:\/\/staviori.com.pl\/en\/product\/bizuteria-inwestycyjna-pierscionek-pbd1573\/","title":{"rendered":"Exclusive | extraordinary ring with black diamond in white gold 750"},"content":{"rendered":"<p>Model: PBD1573<br \/>\nWeight approx. 3.90g<\/p>\n<p>Ring.<br \/>\nWhite Gold 0.750.<br \/>\n1 Diament, kolor czarny, szlif brylantowy, o masie oko\u0142o 1,70ct.<\/p>\n<p>Crown diameter approx. 7 mm.<br \/>\nWysoko\u015b\u0107 7.6 mm.<br \/>\nSzeroko\u015b\u0107 obr\u0105czki ok. 3.6 mm.<\/p>\n<p>Pier\u015bcionek na indywidualne zam\u00f3wienie &#8211; termin realizacji oko\u0142o 2 tygodnie.<\/p>\n<p>Mephisto... A unique combination of white gold and black natural diamond. Let yourself be tempted by the perfect form of a dark object of desire.<\/p>","protected":false},"excerpt":{"rendered":"<p>Zachwycaj\u0105cy pier\u015bcionek zar\u0119czynowy Mephisto z bia\u0142ego z\u0142ota pr\u00f3by 0,750, kt\u00f3rego serce stanowi imponuj\u0105cy, naturalny czarny brylant o masie oko\u0142o 1,70ct.<br \/>\nOsadzony w klasycznej koronie z sze\u015bcioma \u0142apkami, kamie\u0144 emanuje niezwyk\u0142\u0105 si\u0142\u0105 i tajemniczo\u015bci\u0105. Obr\u0105czka o szeroko\u015bci 3,6 mm nadaje ca\u0142o\u015bci wyrazisto\u015bci i elegancji. To bi\u017cuteria dla kobiet odwa\u017cnych, kt\u00f3re kochaj\u0105 nietuzinkowe formy i nie boj\u0105 si\u0119 wyr\u00f3\u017cnia\u0107.<\/p>","protected":false},"featured_media":4411,"comment_status":"closed","ping_status":"closed","template":"","meta":{"om_disable_all_campaigns":false},"product_brand":[2284],"product_cat":[1803,801,6741],"product_tag":[4669,4036,4701,4698,4700,2317,4694,4699,4697,4668],"class_list":{"0":"post-15008","1":"product","2":"type-product","3":"status-publish","4":"has-post-thumbnail","6":"product_brand-staviori","7":"product_cat-brylanty-exclusive","8":"product_cat-pierscionki","9":"product_cat-pierscionki-brylanty-exclusive","10":"product_tag-biale-zloto-0-750","11":"product_tag-czarny-diament","12":"product_tag-ddr06601b","13":"product_tag-duzy-brylant","14":"product_tag-ekskluzywny-pierscionek","15":"product_tag-elegancka-bizuteria","16":"product_tag-mephisto","17":"product_tag-nietuzinkowy-pierscionek","18":"product_tag-pbd1573","19":"product_tag-pierscionek-zareczynowy","20":"pa_dostawca-draco","21":"pa_kamien-czarny-diament","22":"pa_kolor-biale","23":"pa_kruszec-zloto","24":"pa_okazja-idealne-na-zareczyny","25":"pa_proba-0-750","26":"pa_srednica-korony-ok-7mm","27":"pa_waga-390g","28":"pa_wysokosc-7-6mm","30":"first","31":"onbackorder","32":"purchasable","33":"product-type-simple"},"aioseo_notices":[],"_links":{"self":[{"href":"https:\/\/staviori.com.pl\/en\/wp-json\/wp\/v2\/product\/15008","targetHints":{"allow":["GET"]}}],"collection":[{"href":"https:\/\/staviori.com.pl\/en\/wp-json\/wp\/v2\/product"}],"about":[{"href":"https:\/\/staviori.com.pl\/en\/wp-json\/wp\/v2\/types\/product"}],"replies":[{"embeddable":true,"href":"https:\/\/staviori.com.pl\/en\/wp-json\/wp\/v2\/comments?post=15008"}],"wp:featuredmedia":[{"embeddable":true,"href":"https:\/\/staviori.com.pl\/en\/wp-json\/wp\/v2\/media\/4411"}],"wp:attachment":[{"href":"https:\/\/staviori.com.pl\/en\/wp-json\/wp\/v2\/media?parent=15008"}],"wp:term":[{"taxonomy":"product_brand","embeddable":true,"href":"https:\/\/staviori.com.pl\/en\/wp-json\/wp\/v2\/product_brand?post=15008"},{"taxonomy":"product_cat","embeddable":true,"href":"https:\/\/staviori.com.pl\/en\/wp-json\/wp\/v2\/product_cat?post=15008"},{"taxonomy":"product_tag","embeddable":true,"href":"https:\/\/staviori.com.pl\/en\/wp-json\/wp\/v2\/product_tag?post=15008"}],"curies":[{"name":"wp","href":"https:\/\/api.w.org\/{rel}","templated":true}]}}