{"id":14999,"date":"2025-02-24T22:47:41","date_gmt":"2025-02-24T21:47:41","guid":{"rendered":"https:\/\/staviori.com.pl\/product\/pierscionek-z-diamentem-pbd1411\/"},"modified":"2026-02-11T00:09:00","modified_gmt":"2026-02-10T23:09:00","slug":"pierscionek-z-diamentem-pbd1411","status":"publish","type":"product","link":"https:\/\/staviori.com.pl\/en\/product\/pierscionek-z-diamentem-pbd1411\/","title":{"rendered":"white gold ring with 0.10ct diamond"},"content":{"rendered":"<p>Model: PBD1411<br \/>\nWeight approx. 1.20g<\/p>\n<p>Ring.<br \/>\nWhite gold 0.585.<br \/>\n1 Diament, szlif brylantowy, o masie 0,10ct, barwa H, czysto\u015b\u0107 SI1.<\/p>\n<p>Crown diameter approx. 4 mm.<br \/>\nWysoko\u015b\u0107 2 mm.<\/p>\n<p>Can be manufactured in a different gold colour.<br \/>\nDost\u0119pny na zam\u00f3wienie &#8211; termin realizacji oko\u0142o 2 tygodni.<\/p>","protected":false},"excerpt":{"rendered":"<p>Zachwycaj\u0105cy pier\u015bcionek zar\u0119czynowy z bia\u0142ego z\u0142ota pr\u00f3by 0,585, kt\u00f3rego subtelna linia oplata l\u015bni\u0105cy diament o masie 0,10 ct. Nowoczesna forma z lekko faluj\u0105c\u0105 szyn\u0105 nadaje ca\u0142o\u015bci delikatny, a zarazem wyrazisty charakter. Kamie\u0144 osadzony w spos\u00f3b, kt\u00f3ry pozwala mu w pe\u0142ni rozb\u0142ysn\u0105\u0107 w \u015bwietle, dodaje ca\u0142o\u015bci wyj\u0105tkowego blasku. Idealna propozycja dla kobiet ceni\u0105cych minimalizm i elegancj\u0119 w jednym.<\/p>","protected":false},"featured_media":4312,"comment_status":"closed","ping_status":"closed","template":"","meta":{"om_disable_all_campaigns":false},"product_brand":[2284],"product_cat":[1838,2182,801],"product_tag":[2300,4436,4742,2569,4668,2291,4743],"class_list":{"0":"post-14999","1":"product","2":"type-product","3":"status-publish","4":"has-post-thumbnail","6":"product_brand-staviori","7":"product_cat-diamenty","8":"product_cat-pierscionek-z-diamentem","9":"product_cat-pierscionki","10":"product_tag-biale-zloto-14k","11":"product_tag-bizuteria-z-diamentem","12":"product_tag-diament-0-10-ct","13":"product_tag-nowoczesna-bizuteria","14":"product_tag-pierscionek-zareczynowy","15":"product_tag-prezent-dla-niej","16":"product_tag-subtelny-pierscionek","17":"pa_barwa-h-2","18":"pa_czystosc-si1-si2","19":"pa_kamien-brylant","20":"pa_kamien-diament","21":"pa_kolor-biale","22":"pa_kruszec-zloto","23":"pa_proba-0-585","24":"pa_srednica-korony-ok-4mm","25":"pa_waga-120g","26":"pa_wysokosc-2mm","28":"first","29":"instock","30":"purchasable","31":"product-type-simple"},"aioseo_notices":[],"_links":{"self":[{"href":"https:\/\/staviori.com.pl\/en\/wp-json\/wp\/v2\/product\/14999","targetHints":{"allow":["GET"]}}],"collection":[{"href":"https:\/\/staviori.com.pl\/en\/wp-json\/wp\/v2\/product"}],"about":[{"href":"https:\/\/staviori.com.pl\/en\/wp-json\/wp\/v2\/types\/product"}],"replies":[{"embeddable":true,"href":"https:\/\/staviori.com.pl\/en\/wp-json\/wp\/v2\/comments?post=14999"}],"wp:featuredmedia":[{"embeddable":true,"href":"https:\/\/staviori.com.pl\/en\/wp-json\/wp\/v2\/media\/4312"}],"wp:attachment":[{"href":"https:\/\/staviori.com.pl\/en\/wp-json\/wp\/v2\/media?parent=14999"}],"wp:term":[{"taxonomy":"product_brand","embeddable":true,"href":"https:\/\/staviori.com.pl\/en\/wp-json\/wp\/v2\/product_brand?post=14999"},{"taxonomy":"product_cat","embeddable":true,"href":"https:\/\/staviori.com.pl\/en\/wp-json\/wp\/v2\/product_cat?post=14999"},{"taxonomy":"product_tag","embeddable":true,"href":"https:\/\/staviori.com.pl\/en\/wp-json\/wp\/v2\/product_tag?post=14999"}],"curies":[{"name":"wp","href":"https:\/\/api.w.org\/{rel}","templated":true}]}}