{"id":14996,"date":"2025-02-24T22:47:36","date_gmt":"2025-02-24T21:47:36","guid":{"rendered":"https:\/\/staviori.com.pl\/product\/pierscionek-z-diamentem-pbd1171\/"},"modified":"2026-02-11T00:09:00","modified_gmt":"2026-02-10T23:09:00","slug":"pierscionek-z-diamentem-pbd1171","status":"publish","type":"product","link":"https:\/\/staviori.com.pl\/en\/product\/pierscionek-z-diamentem-pbd1171\/","title":{"rendered":"Pretty flower ring with emeralds and diamond in white gold"},"content":{"rendered":"<p>Model: PBD1000Z<br \/>\nWeight approx. 1.75g<\/p>\n<p>Ring.<br \/>\nWhite gold 0.585.<br \/>\n1 Diamond, brilliant cut, weighing 0.005ct, colour H, purity I1.<br \/>\n6 Szmaragd\u00f3w, o masie 0,18ct.<\/p>\n<p>Crown diameter approx. 7 mm.<br \/>\nWysoko\u015b\u0107 3.1 mm.<br \/>\nSzeroko\u015b\u0107 obr\u0105czki ok. 1.65 mm.<\/p>\n<p>Only some sizes available - please ask<\/p>","protected":false},"excerpt":{"rendered":"<p>Zachwycaj\u0105cy pier\u015bcionek z bia\u0142ego z\u0142ota, kt\u00f3rego centralny motyw przypomina kwiat. W jego sercu l\u015bni male\u0144ki diament, a ca\u0142o\u015b\u0107 otaczaj\u0105 intensywnie zielone szmaragdy, tworz\u0105c harmonijn\u0105 i urzekaj\u0105c\u0105 kompozycj\u0119. Delikatna szyna z bia\u0142ego z\u0142ota doskonale podkre\u015bla finezyjny charakter tego kobiecego dodatku. Idealny wyb\u00f3r dla mi\u0142o\u015bniczek subtelnej, a zarazem wyj\u0105tkowej bi\u017cuterii.<\/p>","protected":false},"featured_media":19352,"comment_status":"closed","ping_status":"closed","template":"","meta":{"om_disable_all_campaigns":false},"product_brand":[2284],"product_cat":[1838,2182,801],"product_tag":[2541,4672,4772,4777,4774,4775,4767,4776],"class_list":{"0":"post-14996","1":"product","2":"type-product","3":"status-publish","4":"has-post-thumbnail","6":"product_brand-staviori","7":"product_cat-diamenty","8":"product_cat-pierscionek-z-diamentem","9":"product_cat-pierscionki","10":"product_tag-bizuteria-damska","11":"product_tag-elegancki-pierscionek","12":"product_tag-kwiatowy-pierscionek","13":"product_tag-pbd1000z","14":"product_tag-pbd1171","15":"product_tag-pierscionek-szmaragd","16":"product_tag-pierscionek-z-bialego-zlota","17":"product_tag-szmaragdy-i-diament","18":"pa_barwa-h-2","19":"pa_czystosc-i1","20":"pa_dostawca-estrella","21":"pa_kamien-diament","22":"pa_kamien-szmaragdy","23":"pa_kolor-biale","24":"pa_kruszec-zloto","25":"pa_motyw-kwiatek","26":"pa_proba-0-585","27":"pa_rozmiar-4355","28":"pa_rozmiar-2351","29":"pa_rozmiar-2353","30":"pa_rozmiar-2354","31":"pa_rozmiar-2355","32":"pa_srednica-korony-ok-7mm","33":"pa_waga-175g","34":"pa_wysokosc-3-1mm","36":"first","37":"instock","38":"purchasable","39":"product-type-simple"},"aioseo_notices":[],"_links":{"self":[{"href":"https:\/\/staviori.com.pl\/en\/wp-json\/wp\/v2\/product\/14996","targetHints":{"allow":["GET"]}}],"collection":[{"href":"https:\/\/staviori.com.pl\/en\/wp-json\/wp\/v2\/product"}],"about":[{"href":"https:\/\/staviori.com.pl\/en\/wp-json\/wp\/v2\/types\/product"}],"replies":[{"embeddable":true,"href":"https:\/\/staviori.com.pl\/en\/wp-json\/wp\/v2\/comments?post=14996"}],"wp:featuredmedia":[{"embeddable":true,"href":"https:\/\/staviori.com.pl\/en\/wp-json\/wp\/v2\/media\/19352"}],"wp:attachment":[{"href":"https:\/\/staviori.com.pl\/en\/wp-json\/wp\/v2\/media?parent=14996"}],"wp:term":[{"taxonomy":"product_brand","embeddable":true,"href":"https:\/\/staviori.com.pl\/en\/wp-json\/wp\/v2\/product_brand?post=14996"},{"taxonomy":"product_cat","embeddable":true,"href":"https:\/\/staviori.com.pl\/en\/wp-json\/wp\/v2\/product_cat?post=14996"},{"taxonomy":"product_tag","embeddable":true,"href":"https:\/\/staviori.com.pl\/en\/wp-json\/wp\/v2\/product_tag?post=14996"}],"curies":[{"name":"wp","href":"https:\/\/api.w.org\/{rel}","templated":true}]}}