{"id":14994,"date":"2025-02-24T22:47:36","date_gmt":"2025-02-24T21:47:36","guid":{"rendered":"https:\/\/staviori.com.pl\/product\/bizuteria-inwestycyjna-pierscionek-pbd11572\/"},"modified":"2026-02-11T00:09:00","modified_gmt":"2026-02-10T23:09:00","slug":"bizuteria-inwestycyjna-pierscionek-pbd11572","status":"publish","type":"product","link":"https:\/\/staviori.com.pl\/en\/product\/bizuteria-inwestycyjna-pierscionek-pbd11572\/","title":{"rendered":"Exclusive | Ring with 2ct diamond in 18 carat gold"},"content":{"rendered":"<p>Model: DDR06620<br \/>\nWaga ok. 5,50g<\/p>\n<p>Ring.<br \/>\nBia\u0142e, \u017b\u00f3\u0142te lub R\u00f3\u017cowe Z\u0142oto 0,750.<br \/>\n1 Diament, szlif brylantowy, o masie 2,00ct, barwa G, czysto\u015b\u0107 SI1.<\/p>\n<p>Crown diameter approx. 10 mm.<br \/>\nHeight 8 mm.<\/p>\n<p>Certyfikat Mi\u0119dzynarodowy.<br \/>\nKolor z\u0142ota, rozmiar oraz dok\u0142adne parametry brylantu do ustalenia przy zam\u00f3wieniu.<br \/>\nProduct in any size, available on request only, lead time approx. 5 weeks.<\/p>","protected":false},"excerpt":{"rendered":"<p>Zjawiskowy pier\u015bcionek zar\u0119czynowy wykonany z najwy\u017cszej jako\u015bci bia\u0142ego z\u0142ota pr\u00f3by 0,750. W centrum kompozycji osadzono imponuj\u0105cy brylant o masie a\u017c 2,00 ct, kt\u00f3ry ol\u015bniewa czysto\u015bci\u0105 i barw\u0105 G. Klasyczna oprawa z sze\u015bcioma \u0142apkami subtelnie podkre\u015bla pi\u0119kno kamienia, daj\u0105c mu przestrze\u0144 do maksymalnego b\u0142ysku. To luksusowa propozycja dla wyj\u0105tkowej kobiety \u2013 symbol trwa\u0142ej mi\u0142o\u015bci i elegancji w najczystszej formie.<\/p>","protected":false},"featured_media":19334,"comment_status":"closed","ping_status":"closed","template":"","meta":{"om_disable_all_campaigns":false},"product_brand":[2284],"product_cat":[1803,801,6741],"product_tag":[4703,4674,4765,4766,4673,2280,4767,4668],"class_list":{"0":"post-14994","1":"product","2":"type-product","3":"status-publish","4":"has-post-thumbnail","6":"product_brand-staviori","7":"product_cat-brylanty-exclusive","8":"product_cat-pierscionki","9":"product_cat-pierscionki-brylanty-exclusive","10":"product_tag-bialy-diament","11":"product_tag-bizuteria-zareczynowa","12":"product_tag-ddr06620","13":"product_tag-diament-2ct","14":"product_tag-klasyczny-pierscionek","15":"product_tag-luksusowa-bizuteria","16":"product_tag-pierscionek-z-bialego-zlota","17":"product_tag-pierscionek-zareczynowy","18":"pa_barwa-g-2","19":"pa_czystosc-si1","20":"pa_dostawca-draco","21":"pa_kamien-brylant","22":"pa_kamien-diament","23":"pa_kolor-biale","24":"pa_kruszec-zloto","25":"pa_proba-0-750","26":"pa_srednica-korony-ok-10mm","27":"pa_waga-550g","28":"pa_wysokosc-8mm","30":"first","31":"onbackorder","32":"purchasable","33":"product-type-simple"},"aioseo_notices":[],"_links":{"self":[{"href":"https:\/\/staviori.com.pl\/en\/wp-json\/wp\/v2\/product\/14994","targetHints":{"allow":["GET"]}}],"collection":[{"href":"https:\/\/staviori.com.pl\/en\/wp-json\/wp\/v2\/product"}],"about":[{"href":"https:\/\/staviori.com.pl\/en\/wp-json\/wp\/v2\/types\/product"}],"replies":[{"embeddable":true,"href":"https:\/\/staviori.com.pl\/en\/wp-json\/wp\/v2\/comments?post=14994"}],"wp:featuredmedia":[{"embeddable":true,"href":"https:\/\/staviori.com.pl\/en\/wp-json\/wp\/v2\/media\/19334"}],"wp:attachment":[{"href":"https:\/\/staviori.com.pl\/en\/wp-json\/wp\/v2\/media?parent=14994"}],"wp:term":[{"taxonomy":"product_brand","embeddable":true,"href":"https:\/\/staviori.com.pl\/en\/wp-json\/wp\/v2\/product_brand?post=14994"},{"taxonomy":"product_cat","embeddable":true,"href":"https:\/\/staviori.com.pl\/en\/wp-json\/wp\/v2\/product_cat?post=14994"},{"taxonomy":"product_tag","embeddable":true,"href":"https:\/\/staviori.com.pl\/en\/wp-json\/wp\/v2\/product_tag?post=14994"}],"curies":[{"name":"wp","href":"https:\/\/api.w.org\/{rel}","templated":true}]}}