{"id":14991,"date":"2025-02-24T22:47:36","date_gmt":"2025-02-24T21:47:36","guid":{"rendered":"https:\/\/staviori.com.pl\/product\/pierscionek-z-diamentem-pbd0746\/"},"modified":"2026-02-11T00:09:45","modified_gmt":"2026-02-10T23:09:45","slug":"pierscionek-z-diamentem-pbd0746","status":"publish","type":"product","link":"https:\/\/staviori.com.pl\/en\/product\/pierscionek-z-diamentem-pbd0746\/","title":{"rendered":"Pretty flower ring with sapphires and diamond in white gold"},"content":{"rendered":"<p>Model: PBD1000S<br \/>\nWeight approx. 1.75g<\/p>\n<p>Ring.<br \/>\nWhite gold 0.585.<br \/>\n1 Diamond, brilliant cut, weighing 0.005ct, colour H, purity I1.<br \/>\n6 Szafir\u00f3w, o masie 0,20ct.<\/p>\n<p>Crown diameter approx. 7 mm.<br \/>\nWysoko\u015b\u0107 3.1 mm.<br \/>\nSzeroko\u015b\u0107 obr\u0105czki ok. 1.65 mm.<\/p>","protected":false},"excerpt":{"rendered":"<p>Uroczy pier\u015bcionek wykonany z bia\u0142ego z\u0142ota pr\u00f3by 0,585 zachwyca delikatno\u015bci\u0105 i kwiatow\u0105 form\u0105. Kompozycj\u0119 tworzy sze\u015b\u0107 naturalnych szafir\u00f3w o \u0142\u0105cznej masie 0,20 ct, u\u0142o\u017conych w kszta\u0142t subtelnego kwiatu, w kt\u00f3rego centrum osadzono drobny brylant o masie 0,005 ct. L\u015bni\u0105ce kamienie harmonijnie wsp\u00f3\u0142graj\u0105 z cienk\u0105, eleganck\u0105 obr\u0105czk\u0105, tworz\u0105c romantyczn\u0105 i pe\u0142n\u0105 wdzi\u0119ku ca\u0142o\u015b\u0107. Idealny jako prezent dla wyj\u0105tkowej osoby lub pier\u015bcionek zar\u0119czynowy o niebanalnym charakterze.<\/p>","protected":false},"featured_media":19200,"comment_status":"closed","ping_status":"closed","template":"","meta":{"om_disable_all_campaigns":false},"product_brand":[2284],"product_cat":[1838,2182,801],"product_tag":[4677,2565,2697,4684,4689,4686,4685,4668,4687,4688],"class_list":{"0":"post-14991","1":"product","2":"type-product","3":"status-publish","4":"has-post-thumbnail","6":"product_brand-staviori","7":"product_cat-diamenty","8":"product_cat-pierscionek-z-diamentem","9":"product_cat-pierscionki","10":"product_tag-biale-zloto-0-585","11":"product_tag-delikatna-bizuteria","12":"product_tag-kwiatowy-wzor","13":"product_tag-pbd0746","14":"product_tag-pbd1000s","15":"product_tag-pierscionek-z-diamentem","16":"product_tag-pierscionek-z-szafirem","17":"product_tag-pierscionek-zareczynowy","18":"product_tag-romantyczny-pierscionek","19":"product_tag-szafiry-i-brylant","20":"pa_barwa-h-2","21":"pa_czystosc-i1","22":"pa_kamien-diament","23":"pa_kamien-szafiry-naturalne","24":"pa_kolor-biale","25":"pa_kruszec-zloto","26":"pa_proba-0-585","27":"pa_rozmiar-4355","28":"pa_rozmiar-2352","29":"pa_rozmiar-2353","30":"pa_rozmiar-2354","31":"pa_rozmiar-2355","32":"pa_srednica-korony-ok-7mm","33":"pa_waga-175g","34":"pa_wysokosc-3-1mm","36":"first","37":"instock","38":"purchasable","39":"product-type-variable"},"aioseo_notices":[],"_links":{"self":[{"href":"https:\/\/staviori.com.pl\/en\/wp-json\/wp\/v2\/product\/14991","targetHints":{"allow":["GET"]}}],"collection":[{"href":"https:\/\/staviori.com.pl\/en\/wp-json\/wp\/v2\/product"}],"about":[{"href":"https:\/\/staviori.com.pl\/en\/wp-json\/wp\/v2\/types\/product"}],"replies":[{"embeddable":true,"href":"https:\/\/staviori.com.pl\/en\/wp-json\/wp\/v2\/comments?post=14991"}],"wp:featuredmedia":[{"embeddable":true,"href":"https:\/\/staviori.com.pl\/en\/wp-json\/wp\/v2\/media\/19200"}],"wp:attachment":[{"href":"https:\/\/staviori.com.pl\/en\/wp-json\/wp\/v2\/media?parent=14991"}],"wp:term":[{"taxonomy":"product_brand","embeddable":true,"href":"https:\/\/staviori.com.pl\/en\/wp-json\/wp\/v2\/product_brand?post=14991"},{"taxonomy":"product_cat","embeddable":true,"href":"https:\/\/staviori.com.pl\/en\/wp-json\/wp\/v2\/product_cat?post=14991"},{"taxonomy":"product_tag","embeddable":true,"href":"https:\/\/staviori.com.pl\/en\/wp-json\/wp\/v2\/product_tag?post=14991"}],"curies":[{"name":"wp","href":"https:\/\/api.w.org\/{rel}","templated":true}]}}