{"id":14944,"date":"2025-02-24T22:47:28","date_gmt":"2025-02-24T21:47:28","guid":{"rendered":"https:\/\/staviori.com.pl\/product\/perly-ze-zlotem-nzx6678\/"},"modified":"2026-02-11T00:08:59","modified_gmt":"2026-02-10T23:08:59","slug":"perly-ze-zlotem-nzx6678","status":"publish","type":"product","link":"https:\/\/staviori.com.pl\/en\/product\/perly-ze-zlotem-nzx6678\/","title":{"rendered":"Gold necklace with natural pearls 7-8.5mm"},"content":{"rendered":"<p>Model: NZX6678<br \/>\nWaga ok. 43g<\/p>\n<p>Necklace 45 cm.<br \/>\n\u017b\u00f3\u0142te Z\u0142oto 0,375.<br \/>\nNatural Freshwater Cultured Pearls.<br \/>\n\u015arednica pere\u0142 7-8.5 mm.<br \/>\nQuality A - white<\/p>\n<p>Naszyjnik wykonany z delikatnego z\u0142ota pr\u00f3by 0,375.<br \/>\nOzdobiony bia\u0142ymi, hodowanymi per\u0142ami s\u0142odkowodnymi typu biwa o kszta\u0142cie okr\u0105g\u0142ym lub p\u00f3\u0142okr\u0105g\u0142ym i \u015brednicy 7-8,5 mm. Per\u0142y cechuje dobra jako\u015b\u0107, kt\u00f3ra podkre\u015bla naturalne pi\u0119kno bi\u017cuterii. D\u0142ugo\u015b\u0107 naszyjnika wynosi 45 cm, co czyni go eleganckim dodatkiem do wielu stylizacji.<\/p>","protected":false},"excerpt":{"rendered":"<p>Subtelny, a zarazem ponadczasowy naszyjnik z naturalnych pere\u0142 hodowlanych to kwintesencja klasy i kobieco\u015bci. R\u00f3wnomiernie rozmieszczone per\u0142y w odcieniu delikatnej bieli pi\u0119knie kontrastuj\u0105 z ciep\u0142ym blaskiem \u017c\u00f3\u0142tego z\u0142ota. Naszyjnik doskonale uk\u0142ada si\u0119 na szyi, dodaj\u0105c wdzi\u0119ku i elegancji ka\u017cdej stylizacji \u2013 od wieczorowej sukni po minimalistyczny komplet dzienny. Idealny wyb\u00f3r dla kobiet ceni\u0105cych luksus zamkni\u0119ty w prostocie.<\/p>","protected":false},"featured_media":14945,"comment_status":"closed","ping_status":"closed","template":"","meta":{"om_disable_all_campaigns":false},"product_brand":[2284,2350],"product_cat":[1393,1976,1930],"product_tag":[3260,2317,2603,4270,4604,4603,4602,2532,2580],"class_list":{"0":"post-14944","1":"product","2":"type-product","3":"status-publish","4":"has-post-thumbnail","6":"product_brand-staviori","7":"product_brand-verona","8":"product_cat-perly","9":"product_cat-perly-ze-zlotem","10":"product_cat-zloto-2","11":"product_tag-bizuteria-z-perlami","12":"product_tag-elegancka-bizuteria","13":"product_tag-klasyczna-bizuteria","14":"product_tag-naszyjnik-z-perel","15":"product_tag-naszyjnik-zloto-0-375","16":"product_tag-ny20460","17":"product_tag-nzx6678","18":"product_tag-perly-slodkowodne","19":"product_tag-prezent-dla-kobiety","20":"pa_kamien-naturalne-perly-hodowane-slodkowodne","21":"pa_kolor-zolte","22":"pa_kruszec-zloto","23":"pa_proba-0-375","24":"pa_srednica-perel-7-8-5mm","25":"pa_waga-43g","27":"first","28":"instock","29":"purchasable","30":"product-type-simple"},"aioseo_notices":[],"_links":{"self":[{"href":"https:\/\/staviori.com.pl\/en\/wp-json\/wp\/v2\/product\/14944","targetHints":{"allow":["GET"]}}],"collection":[{"href":"https:\/\/staviori.com.pl\/en\/wp-json\/wp\/v2\/product"}],"about":[{"href":"https:\/\/staviori.com.pl\/en\/wp-json\/wp\/v2\/types\/product"}],"replies":[{"embeddable":true,"href":"https:\/\/staviori.com.pl\/en\/wp-json\/wp\/v2\/comments?post=14944"}],"wp:featuredmedia":[{"embeddable":true,"href":"https:\/\/staviori.com.pl\/en\/wp-json\/wp\/v2\/media\/14945"}],"wp:attachment":[{"href":"https:\/\/staviori.com.pl\/en\/wp-json\/wp\/v2\/media?parent=14944"}],"wp:term":[{"taxonomy":"product_brand","embeddable":true,"href":"https:\/\/staviori.com.pl\/en\/wp-json\/wp\/v2\/product_brand?post=14944"},{"taxonomy":"product_cat","embeddable":true,"href":"https:\/\/staviori.com.pl\/en\/wp-json\/wp\/v2\/product_cat?post=14944"},{"taxonomy":"product_tag","embeddable":true,"href":"https:\/\/staviori.com.pl\/en\/wp-json\/wp\/v2\/product_tag?post=14944"}],"curies":[{"name":"wp","href":"https:\/\/api.w.org\/{rel}","templated":true}]}}