{"id":14933,"date":"2025-02-24T22:47:28","date_gmt":"2025-02-24T21:47:28","guid":{"rendered":"https:\/\/staviori.com.pl\/product\/perly-ze-zlotem-nzn6319\/"},"modified":"2026-04-09T13:00:32","modified_gmt":"2026-04-09T11:00:32","slug":"perly-ze-zlotem-nzn6319","status":"publish","type":"product","link":"https:\/\/staviori.com.pl\/en\/product\/perly-ze-zlotem-nzn6319\/","title":{"rendered":"Natural freshwater pearls 8-9mm with gold"},"content":{"rendered":"<p>Model: NZN6319<br \/>\nWeight approx. 45g<\/p>\n<p>Necklace 45 cm.<br \/>\nYellow gold 0.585.<br \/>\nNatural Freshwater Cultured Pearls.<br \/>\nQuality A - white<br \/>\nDiameter of pearls 8-9 mm.<\/p>\n<p>Pearls have always symbolised marital happiness and unwavering faith. Their timeless beauty is the perfect complement to classic jewellery. Designs with pearls are the perfect idea for a special gift for a loved one.<br \/>\nNecklace decorated with cultured pearls 8-9 mm in diameter.<br \/>\nThe model is enriched with 0.585 gold elements that add to its elegance and prestige.<br \/>\nThe total length of the necklace is 45 cm, ideal for everyday wear and special occasions.<\/p>\n<p>W przypadku braku na magazynie &#8211; produkt mo\u017cemy zrobi\u0107 na zam\u00f3wienie.<\/p>","protected":false},"excerpt":{"rendered":"<p>This elegant necklace of natural freshwater pearls is classic at its best. Beautiful white pearls with a diameter of 8-9 mm subtly shimmer in the light, giving the whole a luxurious character. The clasp and details of yellow gold 0.585 harmoniously complement the composition, making the necklace an ideal choice for both everyday and special occasions. It is a timeless accessory that will emphasise a woman's elegance and good taste.<\/p>","protected":false},"featured_media":14934,"comment_status":"closed","ping_status":"closed","template":"","meta":{"om_disable_all_campaigns":false},"product_brand":[2284,2350],"product_cat":[1393,1976,1930],"product_tag":[3636,4177,2603,4608,4609,4605,2647,4607,2580,4606],"class_list":{"0":"post-14933","1":"product","2":"type-product","3":"status-publish","4":"has-post-thumbnail","6":"product_brand-staviori","7":"product_brand-verona","8":"product_cat-perly","9":"product_cat-perly-ze-zlotem","10":"product_cat-zloto-2","11":"product_tag-bizuteria-z-zoltego-zlota","12":"product_tag-elegancki-naszyjnik","13":"product_tag-klasyczna-bizuteria","14":"product_tag-naszyjnik-z-perlami","15":"product_tag-naszyjnik-zloto-0-585","16":"product_tag-nzn6319","17":"product_tag-perly-biale","18":"product_tag-perly-hodowlane","19":"product_tag-prezent-dla-kobiety","20":"product_tag-psb8z01","21":"pa_kamien-naturalne-perly-hodowane-slodkowodne","22":"pa_kolor-zolte","23":"pa_kruszec-zloto","24":"pa_perly-jakosc-a-biale","25":"pa_proba-0-585","26":"pa_srednica-perel-8-9mm","27":"pa_waga-45g","29":"first","30":"instock","31":"purchasable","32":"product-type-simple"},"aioseo_notices":[],"_links":{"self":[{"href":"https:\/\/staviori.com.pl\/en\/wp-json\/wp\/v2\/product\/14933","targetHints":{"allow":["GET"]}}],"collection":[{"href":"https:\/\/staviori.com.pl\/en\/wp-json\/wp\/v2\/product"}],"about":[{"href":"https:\/\/staviori.com.pl\/en\/wp-json\/wp\/v2\/types\/product"}],"replies":[{"embeddable":true,"href":"https:\/\/staviori.com.pl\/en\/wp-json\/wp\/v2\/comments?post=14933"}],"wp:featuredmedia":[{"embeddable":true,"href":"https:\/\/staviori.com.pl\/en\/wp-json\/wp\/v2\/media\/14934"}],"wp:attachment":[{"href":"https:\/\/staviori.com.pl\/en\/wp-json\/wp\/v2\/media?parent=14933"}],"wp:term":[{"taxonomy":"product_brand","embeddable":true,"href":"https:\/\/staviori.com.pl\/en\/wp-json\/wp\/v2\/product_brand?post=14933"},{"taxonomy":"product_cat","embeddable":true,"href":"https:\/\/staviori.com.pl\/en\/wp-json\/wp\/v2\/product_cat?post=14933"},{"taxonomy":"product_tag","embeddable":true,"href":"https:\/\/staviori.com.pl\/en\/wp-json\/wp\/v2\/product_tag?post=14933"}],"curies":[{"name":"wp","href":"https:\/\/api.w.org\/{rel}","templated":true}]}}