{"id":14932,"date":"2025-02-24T22:47:28","date_gmt":"2025-02-24T21:47:28","guid":{"rendered":"https:\/\/staviori.com.pl\/product\/perly-ze-zlotem-nzn4445\/"},"modified":"2026-02-11T00:08:59","modified_gmt":"2026-02-10T23:08:59","slug":"perly-ze-zlotem-nzn4445","status":"publish","type":"product","link":"https:\/\/staviori.com.pl\/en\/product\/perly-ze-zlotem-nzn4445\/","title":{"rendered":"Gold necklace with natural large pearls 10-11mm"},"content":{"rendered":"<p>Model: NZN4445<br \/>\nWaga ok. 55,00g<\/p>\n<p>Necklace 45 cm.<br \/>\nYellow gold 0.585.<br \/>\nNatural Freshwater Cultured Pearls.<br \/>\nQuality A - white<br \/>\n\u015arednica 10-11 mm.<\/p>\n<p>Available to order, lead time approx. 1 week.<\/p>","protected":false},"excerpt":{"rendered":"<p>Zachwycaj\u0105cy naszyjnik z naturalnych pere\u0142 s\u0142odkowodnych to esencja luksusu i wyrafinowanej elegancji. Du\u017ce per\u0142y o imponuj\u0105cej \u015brednicy 10\u201311 mm zachwycaj\u0105 swoim blaskiem i klasyczn\u0105 biel\u0105. Ca\u0142o\u015b\u0107 dope\u0142niona jest zapi\u0119ciem z \u017c\u00f3\u0142tego z\u0142ota pr\u00f3by 0,585, kt\u00f3re nadaje kompozycji szlachetnego charakteru. Idealny wyb\u00f3r dla kobiet ceni\u0105cych ponadczasow\u0105 bi\u017cuteri\u0119 i niepowtarzalny styl.<\/p>","protected":false},"featured_media":4001,"comment_status":"closed","ping_status":"closed","template":"","meta":{"om_disable_all_campaigns":false},"product_brand":[2284,2350],"product_cat":[1393,1976,1930],"product_tag":[3389,4177,2603,2280,4270,4610,4607,2291,4611,3595],"class_list":{"0":"post-14932","1":"product","2":"type-product","3":"status-publish","4":"has-post-thumbnail","6":"product_brand-staviori","7":"product_brand-verona","8":"product_cat-perly","9":"product_cat-perly-ze-zlotem","10":"product_cat-zloto-2","11":"product_tag-duze-perly","12":"product_tag-elegancki-naszyjnik","13":"product_tag-klasyczna-bizuteria","14":"product_tag-luksusowa-bizuteria","15":"product_tag-naszyjnik-z-perel","16":"product_tag-nzn4445","17":"product_tag-perly-hodowlane","18":"product_tag-prezent-dla-niej","19":"product_tag-psbaz01","20":"product_tag-zolte-zloto-0-585","21":"pa_kamien-naturalne-perly-hodowane-slodkowodne","22":"pa_kolor-zolte","23":"pa_kruszec-zloto","24":"pa_perly-jakosc-a-biale","25":"pa_proba-0-585","26":"pa_srednica-10-11mm","27":"pa_waga-55-00g","29":"first","30":"onbackorder","31":"purchasable","32":"product-type-simple"},"aioseo_notices":[],"_links":{"self":[{"href":"https:\/\/staviori.com.pl\/en\/wp-json\/wp\/v2\/product\/14932","targetHints":{"allow":["GET"]}}],"collection":[{"href":"https:\/\/staviori.com.pl\/en\/wp-json\/wp\/v2\/product"}],"about":[{"href":"https:\/\/staviori.com.pl\/en\/wp-json\/wp\/v2\/types\/product"}],"replies":[{"embeddable":true,"href":"https:\/\/staviori.com.pl\/en\/wp-json\/wp\/v2\/comments?post=14932"}],"wp:featuredmedia":[{"embeddable":true,"href":"https:\/\/staviori.com.pl\/en\/wp-json\/wp\/v2\/media\/4001"}],"wp:attachment":[{"href":"https:\/\/staviori.com.pl\/en\/wp-json\/wp\/v2\/media?parent=14932"}],"wp:term":[{"taxonomy":"product_brand","embeddable":true,"href":"https:\/\/staviori.com.pl\/en\/wp-json\/wp\/v2\/product_brand?post=14932"},{"taxonomy":"product_cat","embeddable":true,"href":"https:\/\/staviori.com.pl\/en\/wp-json\/wp\/v2\/product_cat?post=14932"},{"taxonomy":"product_tag","embeddable":true,"href":"https:\/\/staviori.com.pl\/en\/wp-json\/wp\/v2\/product_tag?post=14932"}],"curies":[{"name":"wp","href":"https:\/\/api.w.org\/{rel}","templated":true}]}}