{"id":14923,"date":"2025-02-24T22:47:24","date_gmt":"2025-02-24T21:47:24","guid":{"rendered":"https:\/\/staviori.com.pl\/product\/naszyjnik-z-brylantami-nzd6000r\/"},"modified":"2026-02-11T00:08:59","modified_gmt":"2026-02-10T23:08:59","slug":"naszyjnik-z-brylantami-nzd6000r","status":"publish","type":"product","link":"https:\/\/staviori.com.pl\/en\/product\/naszyjnik-z-brylantami-nzd6000r\/","title":{"rendered":"Exclusive | necklace with ruby and diamonds in 18K yellow gold"},"content":{"rendered":"<p>Model: NZD6000R<br \/>\nWaga ok. 1,46g<\/p>\n<p>Necklace 42 cm.<br \/>\nYellow Gold 0.750.<br \/>\n24 Diamenty, szlif brylantowy, o masie 0,06ct, barwa G, czysto\u015b\u0107 VS2-SI1.<br \/>\n1 Rubin, o masie 0,69ct.<\/p>\n<p>Length 8 mm.<br \/>\n6 mm wide.<\/p>\n<p>Product available on request only, lead time approx. 2 weeks.<\/p>","protected":false},"excerpt":{"rendered":"<p>Zachwycaj\u0105cy naszyjnik z 18-karatowego \u017c\u00f3\u0142tego z\u0142ota, kt\u00f3rego serce stanowi g\u0142\u0119boko czerwony rubin o masie 0,69ct. Kamie\u0144 otoczony jest subtelnym wie\u0144cem z 22 ol\u015bniewaj\u0105cych diament\u00f3w, kt\u00f3re dodaj\u0105 blasku i elegancji ca\u0142ej kompozycji. Ten delikatny, ale niezwykle efektowny model emanuje ponadczasow\u0105 klas\u0105 i subtelno\u015bci\u0105. Idealny wyb\u00f3r dla kobiet ceni\u0105cych luksus w wyrafinowanej formie.<\/p>","protected":false},"featured_media":3979,"comment_status":"closed","ping_status":"closed","template":"","meta":{"om_disable_all_campaigns":false},"product_brand":[2284],"product_cat":[1803,1838,2120,719],"product_tag":[4482,2311,4177,4761,4308,4762,2291,4763,4764,4760,2341],"class_list":{"0":"post-14923","1":"product","2":"type-product","3":"status-publish","4":"has-post-thumbnail","6":"product_brand-staviori","7":"product_cat-brylanty-exclusive","8":"product_cat-diamenty","9":"product_cat-naszyjnik-z-brylantami","10":"product_cat-naszyjniki","11":"product_tag-18-karatowe-zloto","12":"product_tag-bizuteria-luksusowa","13":"product_tag-elegancki-naszyjnik","14":"product_tag-naszyjnik-z-zoltego-zlota","15":"product_tag-naszyjnik-zloty","16":"product_tag-nzd6000r","17":"product_tag-prezent-dla-niej","18":"product_tag-rubin","19":"product_tag-rubin-i-diamenty","20":"product_tag-szafir-i-diamenty","21":"product_tag-zloto-750","22":"pa_barwa-g-2","23":"pa_czystosc-vs2","24":"pa_dlugosc-8mm","25":"pa_dostawca-hosgor","26":"pa_kamien-diamenty","27":"pa_kamien-brylanty","28":"pa_kamien-rubin","29":"pa_kolor-zolte","30":"pa_kruszec-zloto","31":"pa_proba-0-750","32":"pa_rozmiar-42cm","33":"pa_szerokosc-6mm","34":"pa_waga-1-46g","36":"first","37":"onbackorder","38":"purchasable","39":"product-type-simple"},"aioseo_notices":[],"_links":{"self":[{"href":"https:\/\/staviori.com.pl\/en\/wp-json\/wp\/v2\/product\/14923","targetHints":{"allow":["GET"]}}],"collection":[{"href":"https:\/\/staviori.com.pl\/en\/wp-json\/wp\/v2\/product"}],"about":[{"href":"https:\/\/staviori.com.pl\/en\/wp-json\/wp\/v2\/types\/product"}],"replies":[{"embeddable":true,"href":"https:\/\/staviori.com.pl\/en\/wp-json\/wp\/v2\/comments?post=14923"}],"wp:featuredmedia":[{"embeddable":true,"href":"https:\/\/staviori.com.pl\/en\/wp-json\/wp\/v2\/media\/3979"}],"wp:attachment":[{"href":"https:\/\/staviori.com.pl\/en\/wp-json\/wp\/v2\/media?parent=14923"}],"wp:term":[{"taxonomy":"product_brand","embeddable":true,"href":"https:\/\/staviori.com.pl\/en\/wp-json\/wp\/v2\/product_brand?post=14923"},{"taxonomy":"product_cat","embeddable":true,"href":"https:\/\/staviori.com.pl\/en\/wp-json\/wp\/v2\/product_cat?post=14923"},{"taxonomy":"product_tag","embeddable":true,"href":"https:\/\/staviori.com.pl\/en\/wp-json\/wp\/v2\/product_tag?post=14923"}],"curies":[{"name":"wp","href":"https:\/\/api.w.org\/{rel}","templated":true}]}}