{"id":14922,"date":"2025-02-24T22:47:24","date_gmt":"2025-02-24T21:47:24","guid":{"rendered":"https:\/\/staviori.com.pl\/product\/naszyjnik-z-brylantami-nzd5901\/"},"modified":"2026-02-11T00:08:58","modified_gmt":"2026-02-10T23:08:58","slug":"naszyjnik-z-brylantami-nzd5901","status":"publish","type":"product","link":"https:\/\/staviori.com.pl\/en\/product\/naszyjnik-z-brylantami-nzd5901\/","title":{"rendered":"Gold necklace with 0.15ct white or yellow diamond chain"},"content":{"rendered":"<p>Model: NZD5901<br \/>\nWaga ok. 0,50g<\/p>\n<p>Necklace.<br \/>\nYellow gold 0.585.<br \/>\n1 Diament, szlif brylantowy, o masie 0,15ct, barwa H, czysto\u015b\u0107 SI2<\/p>\n<p>Height 6.5 mm.<br \/>\n\u015arednica 3.5 mm.<\/p>\n<p>Adjustable length of 40cm or 43cm.<\/p>\n<p>Do wyboru \u017c\u00f3\u0142ty lub bia\u0142y \u0142a\u0144cuszek.<\/p>","protected":false},"excerpt":{"rendered":"<p>Zachwycaj\u0105cy naszyjnik wykonany z \u017c\u00f3\u0142tego z\u0142ota pr\u00f3by 0,585 z centralnie osadzonym brylantem o masie 0,15 ct. Klasyczna oprawa z delikatnymi \u0142apkami pi\u0119knie eksponuje blask kamienia. Subtelny \u0142a\u0144cuszek w opcji z\u0142otej lub bia\u0142ej pozwala na dopasowanie do indywidualnego stylu. Regulowana d\u0142ugo\u015b\u0107 \u0142a\u0144cuszka sprawia, \u017ce bi\u017cuteria doskonale uk\u0142ada si\u0119 na dekolcie. Idealny prezent dla mi\u0142o\u015bniczek klasycznej elegancji.<\/p>\n<p>\ud83c\uddec\ud83c\udde7 Description (EN):<\/p>","protected":false},"featured_media":3971,"comment_status":"closed","ping_status":"closed","template":"","meta":{"om_disable_all_campaigns":false},"product_brand":[2284],"product_cat":[1838,6752,2120,719],"product_tag":[4798,4799,4797,2317,4631,4796,4802,4800,4801,2599],"class_list":{"0":"post-14922","1":"product","2":"type-product","3":"status-publish","4":"has-post-thumbnail","6":"product_brand-staviori","7":"product_cat-diamenty","8":"product_cat-kolekcja-staviori-must-have","9":"product_cat-naszyjnik-z-brylantami","10":"product_cat-naszyjniki","11":"product_tag-15-ct","12":"product_tag-bizuteria-z-brylantem","13":"product_tag-brylant-0","14":"product_tag-elegancka-bizuteria","15":"product_tag-klasyczny-naszyjnik","16":"product_tag-naszyjnik-z-diamentem","17":"product_tag-nzd5901","18":"product_tag-prezent-z-diamentem","19":"product_tag-zloty-naszyjnik-damski","20":"product_tag-zolte-zloto-585","21":"pa_barwa-h-2","22":"pa_czystosc-si2","23":"pa_dostawca-estrella","24":"pa_kamien-brylant","25":"pa_kamien-diament","26":"pa_kolor-zolte","27":"pa_kruszec-zloto","28":"pa_masa-karatowa-015ct","29":"pa_proba-0-585","30":"pa_rozmiar-43cm","31":"pa_srednica-3-5mm","32":"pa_waga-050g","33":"pa_wysokosc-6-5mm","35":"first","36":"instock","37":"purchasable","38":"product-type-simple"},"aioseo_notices":[],"_links":{"self":[{"href":"https:\/\/staviori.com.pl\/en\/wp-json\/wp\/v2\/product\/14922","targetHints":{"allow":["GET"]}}],"collection":[{"href":"https:\/\/staviori.com.pl\/en\/wp-json\/wp\/v2\/product"}],"about":[{"href":"https:\/\/staviori.com.pl\/en\/wp-json\/wp\/v2\/types\/product"}],"replies":[{"embeddable":true,"href":"https:\/\/staviori.com.pl\/en\/wp-json\/wp\/v2\/comments?post=14922"}],"wp:featuredmedia":[{"embeddable":true,"href":"https:\/\/staviori.com.pl\/en\/wp-json\/wp\/v2\/media\/3971"}],"wp:attachment":[{"href":"https:\/\/staviori.com.pl\/en\/wp-json\/wp\/v2\/media?parent=14922"}],"wp:term":[{"taxonomy":"product_brand","embeddable":true,"href":"https:\/\/staviori.com.pl\/en\/wp-json\/wp\/v2\/product_brand?post=14922"},{"taxonomy":"product_cat","embeddable":true,"href":"https:\/\/staviori.com.pl\/en\/wp-json\/wp\/v2\/product_cat?post=14922"},{"taxonomy":"product_tag","embeddable":true,"href":"https:\/\/staviori.com.pl\/en\/wp-json\/wp\/v2\/product_tag?post=14922"}],"curies":[{"name":"wp","href":"https:\/\/api.w.org\/{rel}","templated":true}]}}