{"id":14921,"date":"2025-02-24T22:47:24","date_gmt":"2025-02-24T21:47:24","guid":{"rendered":"https:\/\/staviori.com.pl\/product\/naszyjnik-z-brylantami-nzd5900\/"},"modified":"2026-02-11T00:08:58","modified_gmt":"2026-02-10T23:08:58","slug":"naszyjnik-z-brylantami-nzd5900","status":"publish","type":"product","link":"https:\/\/staviori.com.pl\/en\/product\/naszyjnik-z-brylantami-nzd5900\/","title":{"rendered":"Gold necklace - delicate celebrity necklace with diamonds 40-43cm"},"content":{"rendered":"<p>Model: NZD5900<br \/>\nWeight approx. 0.59g<\/p>\n<p>Necklace 43 cm.<br \/>\nYellow gold 0.585.<br \/>\n6 Diamonds, brilliant cut, weighing 0.06ct, colour H, purity SI1-SI2.<\/p>\n<p>12 mm wide.<br \/>\nHeight 1.2 mm.<br \/>\nThickness 1 mm.<\/p>\n<p>Adjustable length of 40cm or 43cm.<\/p>\n<p>Produkt wy\u0142\u0105cznie na zam\u00f3wienie. Termin realizacji oko\u0142o 4 tygodni.<\/p>","protected":false},"excerpt":{"rendered":"<p>Delikatny naszyjnik wykonany z \u017c\u00f3\u0142tego z\u0142ota pr\u00f3by 0,585, ozdobiony sze\u015bcioma l\u015bni\u0105cymi brylantami o \u0142\u0105cznej masie 0,06 ct. Subtelna linia z diament\u00f3w w formie poziomej belki tworzy minimalistyczn\u0105, a zarazem wyrafinowan\u0105 ozdob\u0119. Regulowana d\u0142ugo\u015b\u0107 umo\u017cliwia idealne dopasowanie. To elegancka propozycja dla kobiet ceni\u0105cych ponadczasow\u0105 klasyk\u0119 z nut\u0105 luksusu.<\/p>","protected":false},"featured_media":3959,"comment_status":"closed","ping_status":"closed","template":"","meta":{"om_disable_all_campaigns":false},"product_brand":[2284],"product_cat":[1838,2120,719],"product_tag":[2663,2296,4177,4795,4308,4793,2291,4794,2599],"class_list":{"0":"post-14921","1":"product","2":"type-product","3":"status-publish","4":"has-post-thumbnail","6":"product_brand-staviori","7":"product_cat-diamenty","8":"product_cat-naszyjnik-z-brylantami","9":"product_cat-naszyjniki","10":"product_tag-bizuteria-z-brylantami","11":"product_tag-diamenty","12":"product_tag-elegancki-naszyjnik","13":"product_tag-naszyjnik-minimalistyczny","14":"product_tag-naszyjnik-zloty","15":"product_tag-nzd5900","16":"product_tag-prezent-dla-niej","17":"product_tag-zloty-naszyjnik-z-brylantami","18":"product_tag-zolte-zloto-585","19":"pa_barwa-h-2","20":"pa_czystosc-si1","21":"pa_dostawca-estrella","22":"pa_kamien-diamenty","23":"pa_kamien-brylanty","24":"pa_kolor-zolte","25":"pa_kruszec-zloto","26":"pa_proba-0-585","27":"pa_rozmiar-43cm","28":"pa_szerokosc-12mm","29":"pa_waga-0-59g","30":"pa_wysokosc-1-2mm","32":"first","33":"onbackorder","34":"purchasable","35":"product-type-simple"},"aioseo_notices":[],"_links":{"self":[{"href":"https:\/\/staviori.com.pl\/en\/wp-json\/wp\/v2\/product\/14921","targetHints":{"allow":["GET"]}}],"collection":[{"href":"https:\/\/staviori.com.pl\/en\/wp-json\/wp\/v2\/product"}],"about":[{"href":"https:\/\/staviori.com.pl\/en\/wp-json\/wp\/v2\/types\/product"}],"replies":[{"embeddable":true,"href":"https:\/\/staviori.com.pl\/en\/wp-json\/wp\/v2\/comments?post=14921"}],"wp:featuredmedia":[{"embeddable":true,"href":"https:\/\/staviori.com.pl\/en\/wp-json\/wp\/v2\/media\/3959"}],"wp:attachment":[{"href":"https:\/\/staviori.com.pl\/en\/wp-json\/wp\/v2\/media?parent=14921"}],"wp:term":[{"taxonomy":"product_brand","embeddable":true,"href":"https:\/\/staviori.com.pl\/en\/wp-json\/wp\/v2\/product_brand?post=14921"},{"taxonomy":"product_cat","embeddable":true,"href":"https:\/\/staviori.com.pl\/en\/wp-json\/wp\/v2\/product_cat?post=14921"},{"taxonomy":"product_tag","embeddable":true,"href":"https:\/\/staviori.com.pl\/en\/wp-json\/wp\/v2\/product_tag?post=14921"}],"curies":[{"name":"wp","href":"https:\/\/api.w.org\/{rel}","templated":true}]}}