{"id":14883,"date":"2025-02-24T22:47:24","date_gmt":"2025-02-24T21:47:24","guid":{"rendered":"https:\/\/staviori.com.pl\/product\/zlote-naszyjniki-nzc4943\/"},"modified":"2026-02-11T00:08:58","modified_gmt":"2026-02-10T23:08:58","slug":"zlote-naszyjniki-nzc4943","status":"publish","type":"product","link":"https:\/\/staviori.com.pl\/en\/product\/zlote-naszyjniki-nzc4943\/","title":{"rendered":"Gold necklace two linked circles 333"},"content":{"rendered":"<p>Model: NZC4943<br \/>\nWeight approx. 1.20g<\/p>\n<p>Necklace 45 cm.<br \/>\nYellow gold 0.333.<br \/>\n\u015arednica 11 mm.<br \/>\nAdjustable length 45cm or 42cm.<\/p>","protected":false},"excerpt":{"rendered":"<p>Model: NZC4943 Waga ok. 1,20g Naszyjnik 45 cm. \u017b\u00f3\u0142te Z\u0142oto 0,333. \u015arednica 11 mm. Mo\u017cliwo\u015b\u0107 regulacji d\u0142ugo\u015bci 45cm lub 42cm.<\/p>","protected":false},"featured_media":3866,"comment_status":"closed","ping_status":"closed","template":"","meta":{"om_disable_all_campaigns":false},"product_brand":[2284],"product_cat":[1384,719,2128,1930,176],"product_tag":[4330,4331,2518,2381],"class_list":{"0":"post-14883","1":"product","2":"type-product","3":"status-publish","4":"has-post-thumbnail","6":"product_brand-staviori","7":"product_cat-bizuteria","8":"product_cat-naszyjniki","9":"product_cat-zlote-naszyjniki","10":"product_cat-zloto-2","11":"product_cat-zloto","12":"product_tag-nzc4943","13":"product_tag-zlote-kolka","14":"product_tag-zloto-333","15":"product_tag-zloty-naszyjnik","16":"pa_kolor-zolte","17":"pa_kruszec-zloto","18":"pa_proba-0-333","19":"pa_rozmiar-45cm","20":"pa_srednica-11mm","21":"pa_waga-1-20g","23":"first","24":"instock","25":"purchasable","26":"product-type-simple"},"aioseo_notices":[],"_links":{"self":[{"href":"https:\/\/staviori.com.pl\/en\/wp-json\/wp\/v2\/product\/14883","targetHints":{"allow":["GET"]}}],"collection":[{"href":"https:\/\/staviori.com.pl\/en\/wp-json\/wp\/v2\/product"}],"about":[{"href":"https:\/\/staviori.com.pl\/en\/wp-json\/wp\/v2\/types\/product"}],"replies":[{"embeddable":true,"href":"https:\/\/staviori.com.pl\/en\/wp-json\/wp\/v2\/comments?post=14883"}],"wp:featuredmedia":[{"embeddable":true,"href":"https:\/\/staviori.com.pl\/en\/wp-json\/wp\/v2\/media\/3866"}],"wp:attachment":[{"href":"https:\/\/staviori.com.pl\/en\/wp-json\/wp\/v2\/media?parent=14883"}],"wp:term":[{"taxonomy":"product_brand","embeddable":true,"href":"https:\/\/staviori.com.pl\/en\/wp-json\/wp\/v2\/product_brand?post=14883"},{"taxonomy":"product_cat","embeddable":true,"href":"https:\/\/staviori.com.pl\/en\/wp-json\/wp\/v2\/product_cat?post=14883"},{"taxonomy":"product_tag","embeddable":true,"href":"https:\/\/staviori.com.pl\/en\/wp-json\/wp\/v2\/product_tag?post=14883"}],"curies":[{"name":"wp","href":"https:\/\/api.w.org\/{rel}","templated":true}]}}