{"id":14880,"date":"2025-02-24T22:47:20","date_gmt":"2025-02-24T21:47:20","guid":{"rendered":"https:\/\/staviori.com.pl\/product\/naszyjnik-z-brylantami-nxd4147\/"},"modified":"2026-02-11T00:08:58","modified_gmt":"2026-02-10T23:08:58","slug":"naszyjnik-z-brylantami-nxd4147","status":"publish","type":"product","link":"https:\/\/staviori.com.pl\/en\/product\/naszyjnik-z-brylantami-nxd4147\/","title":{"rendered":"Diamond heart infinity necklace rose gold"},"content":{"rendered":"<p>Model: NRD4147<br \/>\nWeight approx. 1.50g<\/p>\n<p>Necklace 42 cm.<br \/>\nWhite, Rose Gold 0.585.<br \/>\n11 Diament\u00f3w, szlif brylantowy, o masie 0,05ct, barwa H, czysto\u015b\u0107 SI1-SI2.<\/p>\n<p>Wymiary 22&#215;11 mm.<\/p>\n<p>Product available on request only, lead time approx. 4 weeks.<\/p>","protected":false},"excerpt":{"rendered":"<p>Zjawiskowy naszyjnik z bia\u0142ego i r\u00f3\u017cowego z\u0142ota pr\u00f3by 0,585, ozdobiony motywem serca splecionego z symbolem niesko\u0144czono\u015bci. Ca\u0142o\u015b\u0107 subtelnie roz\u015bwietlaj\u0105 naturalne diamenty o brylantowym szlifie, kt\u00f3re pi\u0119knie po\u0142yskuj\u0105 przy ka\u017cdym ruchu. Po\u0142\u0105czenie dw\u00f3ch kolor\u00f3w z\u0142ota i b\u0142yszcz\u0105cych kamieni nadaje bi\u017cuterii nowoczesnego i romantycznego charakteru. To wyj\u0105tkowa propozycja dla kobiet ceni\u0105cych oryginalny styl i ponadczasowe symbole. Idealny prezent dla ukochanej osoby lub na wa\u017cn\u0105 okazj\u0119.<\/p>","protected":false},"featured_media":3846,"comment_status":"closed","ping_status":"closed","template":"","meta":{"om_disable_all_campaigns":false},"product_brand":[2284],"product_cat":[1838,2120,719],"product_tag":[2308,3751,2296,3745,4279,4256,4280,2280,4283,3042,4284,4285,2291,4125,2336,1414,3777,4282,2381],"class_list":{"0":"post-14880","1":"product","2":"type-product","3":"status-publish","4":"has-post-thumbnail","6":"product_brand-staviori","7":"product_cat-diamenty","8":"product_cat-naszyjnik-z-brylantami","9":"product_cat-naszyjniki","10":"product_tag-biale-zloto","11":"product_tag-diamanty","12":"product_tag-diamenty","13":"product_tag-diamonds","14":"product_tag-gold-necklace","15":"product_tag-heart-jewelry","16":"product_tag-infinity-symbol","17":"product_tag-luksusowa-bizuteria","18":"product_tag-nekonecno","19":"product_tag-nieskonczonosc","20":"product_tag-nrd4147","21":"product_tag-nxd4147","22":"product_tag-prezent-dla-niej","23":"product_tag-rose-gold","24":"product_tag-rozowe-zloto","25":"product_tag-serce","26":"product_tag-white-gold","27":"product_tag-zlaty-nahrdelnik","28":"product_tag-zloty-naszyjnik","29":"pa_barwa-h-2","30":"pa_czystosc-si1","31":"pa_dostawca-estrella","32":"pa_kamien-brylanty","33":"pa_kolor-biale","34":"pa_kolor-rozowe","35":"pa_kruszec-zloto","36":"pa_motyw-nieskonczonosc","37":"pa_motyw-serce","38":"pa_proba-0-585","39":"pa_rozmiar-42cm","40":"pa_waga-1-50g","41":"pa_wymiary-22x11mm","43":"first","44":"onbackorder","45":"purchasable","46":"product-type-simple"},"aioseo_notices":[],"_links":{"self":[{"href":"https:\/\/staviori.com.pl\/en\/wp-json\/wp\/v2\/product\/14880","targetHints":{"allow":["GET"]}}],"collection":[{"href":"https:\/\/staviori.com.pl\/en\/wp-json\/wp\/v2\/product"}],"about":[{"href":"https:\/\/staviori.com.pl\/en\/wp-json\/wp\/v2\/types\/product"}],"replies":[{"embeddable":true,"href":"https:\/\/staviori.com.pl\/en\/wp-json\/wp\/v2\/comments?post=14880"}],"wp:featuredmedia":[{"embeddable":true,"href":"https:\/\/staviori.com.pl\/en\/wp-json\/wp\/v2\/media\/3846"}],"wp:attachment":[{"href":"https:\/\/staviori.com.pl\/en\/wp-json\/wp\/v2\/media?parent=14880"}],"wp:term":[{"taxonomy":"product_brand","embeddable":true,"href":"https:\/\/staviori.com.pl\/en\/wp-json\/wp\/v2\/product_brand?post=14880"},{"taxonomy":"product_cat","embeddable":true,"href":"https:\/\/staviori.com.pl\/en\/wp-json\/wp\/v2\/product_cat?post=14880"},{"taxonomy":"product_tag","embeddable":true,"href":"https:\/\/staviori.com.pl\/en\/wp-json\/wp\/v2\/product_tag?post=14880"}],"curies":[{"name":"wp","href":"https:\/\/api.w.org\/{rel}","templated":true}]}}