{"id":14857,"date":"2025-02-24T22:47:20","date_gmt":"2025-02-24T21:47:20","guid":{"rendered":"https:\/\/staviori.com.pl\/product\/srebrne-naszyjniki-nsx6041\/"},"modified":"2026-02-19T21:01:29","modified_gmt":"2026-02-19T20:01:29","slug":"srebrne-naszyjniki-nsx6041","status":"publish","type":"product","link":"https:\/\/staviori.com.pl\/en\/product\/srebrne-naszyjniki-nsx6041\/","title":{"rendered":"Silver minimalist cuboid necklace"},"content":{"rendered":"<p>Model: NSX6041<br \/>\nWeight approx. 2.15g<\/p>\n<p>Naszyjnik 40 cm.<br \/>\n0.925 silver.<\/p>\n<p>D\u0142ugo\u015b\u0107 26 mm.<br \/>\nGrubo\u015b\u0107 1.2 mm.<\/p>","protected":false},"excerpt":{"rendered":"<p>Minimalistyczny naszyjnik wykonany ze srebra pr\u00f3by 0,925, ozdobiony prost\u0105, smuk\u0142\u0105 zawieszk\u0105 o geometrycznym kszta\u0142cie. Subtelny i elegancki design sprawia, \u017ce bi\u017cuteria doskonale podkre\u015bli nowoczesny styl ka\u017cdej kobiety. \u015awietnie komponuje si\u0119 zar\u00f3wno z codziennymi, jak i bardziej formalnymi stylizacjami. To idealny wyb\u00f3r dla mi\u0142o\u015bniczek prostoty oraz ponadczasowej klasyki.<\/p>","protected":false},"featured_media":18906,"comment_status":"closed","ping_status":"closed","template":"","meta":{"om_disable_all_campaigns":false},"product_brand":[2284],"product_cat":[719,2133,1817],"product_tag":[3849,3933,4300,4296,3848,4299,4295,4298,4294,4297,4201,2427,4192],"class_list":{"0":"post-14857","1":"product","2":"type-product","3":"status-publish","4":"has-post-thumbnail","6":"product_brand-staviori","7":"product_cat-naszyjniki","8":"product_cat-srebrne-naszyjniki","9":"product_cat-srebro-2","10":"product_tag-classic-style","11":"product_tag-delikatny-naszyjnik","12":"product_tag-geometricky-privesek","13":"product_tag-geometryczna-bizuteria","14":"product_tag-minimalist-jewelry","15":"product_tag-minimalisticky-sperk","16":"product_tag-minimalistyczny-naszyjnik","17":"product_tag-modern-pendant","18":"product_tag-nsx6041","19":"product_tag-prosty-naszyjnik","20":"product_tag-silver-necklace","21":"product_tag-srebro-925","22":"product_tag-stribrny-nahrdelnik","23":"pa_dlugosc-26mm","24":"pa_grubosc-1-2mm","25":"pa_kruszec-srebro","26":"pa_proba-0-925","27":"pa_rozmiar-40cm","28":"pa_waga-2-15g","30":"first","31":"instock","32":"purchasable","33":"product-type-simple"},"aioseo_notices":[],"_links":{"self":[{"href":"https:\/\/staviori.com.pl\/en\/wp-json\/wp\/v2\/product\/14857","targetHints":{"allow":["GET"]}}],"collection":[{"href":"https:\/\/staviori.com.pl\/en\/wp-json\/wp\/v2\/product"}],"about":[{"href":"https:\/\/staviori.com.pl\/en\/wp-json\/wp\/v2\/types\/product"}],"replies":[{"embeddable":true,"href":"https:\/\/staviori.com.pl\/en\/wp-json\/wp\/v2\/comments?post=14857"}],"wp:featuredmedia":[{"embeddable":true,"href":"https:\/\/staviori.com.pl\/en\/wp-json\/wp\/v2\/media\/18906"}],"wp:attachment":[{"href":"https:\/\/staviori.com.pl\/en\/wp-json\/wp\/v2\/media?parent=14857"}],"wp:term":[{"taxonomy":"product_brand","embeddable":true,"href":"https:\/\/staviori.com.pl\/en\/wp-json\/wp\/v2\/product_brand?post=14857"},{"taxonomy":"product_cat","embeddable":true,"href":"https:\/\/staviori.com.pl\/en\/wp-json\/wp\/v2\/product_cat?post=14857"},{"taxonomy":"product_tag","embeddable":true,"href":"https:\/\/staviori.com.pl\/en\/wp-json\/wp\/v2\/product_tag?post=14857"}],"curies":[{"name":"wp","href":"https:\/\/api.w.org\/{rel}","templated":true}]}}