{"id":14840,"date":"2025-02-24T22:47:16","date_gmt":"2025-02-24T21:47:16","guid":{"rendered":"https:\/\/staviori.com.pl\/product\/perly-ze-srebrem-nsp6660y\/"},"modified":"2026-03-18T09:28:16","modified_gmt":"2026-03-18T08:28:16","slug":"perly-ze-srebrem-nsp6660y","status":"publish","type":"product","link":"https:\/\/staviori.com.pl\/en\/product\/perly-ze-srebrem-nsp6660y\/","title":{"rendered":"Silver plated gold plated necklace with natural pearl"},"content":{"rendered":"<p>Model: NSP6660Y<br \/>\nWaga ok. 5g<\/p>\n<p>Necklace 45 cm.<br \/>\nSilver 0.925 plated with yellow gold<br \/>\n1 Naturalna Per\u0142a hodowana s\u0142odkowodna.<br \/>\n\u015arednica pere\u0142 7-11 mm.<\/p>\n<p>Self-adjustable in length.<br \/>\nPoz\u0142acany naszyjnik srebrny pr\u00f3by 0,925 z bia\u0142\u0105 per\u0142\u0105 s\u0142odkowodn\u0105 o \u015brednicy 7-11 mm to kwintesencja elegancji i stylu. Regulowana d\u0142ugo\u015b\u0107 zapewnia komfort noszenia. Bi\u017cuteria przepi\u0119knie ozdobi dekolt ka\u017cdej kobiety<\/p>","protected":false},"excerpt":{"rendered":"<p>Zjawiskowy naszyjnik wykonany ze srebra pr\u00f3by 0,925 pokrytego \u017c\u00f3\u0142tym z\u0142otem, ozdobiony naturaln\u0105 per\u0142\u0105 s\u0142odkowodn\u0105 o \u015brednicy 7\u201311 mm. Jego nowoczesny design z modnym zapi\u0119ciem typu toggle \u0142\u0105czy w sobie elegancj\u0119 i wyrazisty styl. Regulowana d\u0142ugo\u015b\u0107 zapewnia idealne dopasowanie, a per\u0142a dodaje bi\u017cuterii subtelnego blasku. Doskona\u0142y wyb\u00f3r na prezent lub jako uzupe\u0142nienie codziennych stylizacji.<\/p>","protected":false},"featured_media":14841,"comment_status":"closed","ping_status":"closed","template":"","meta":{"om_disable_all_campaigns":false},"product_brand":[2284,2350],"product_cat":[1393,1919,1817],"product_tag":[3151,4177,4790,4791,4788,4789,4792,2532,2496,2291,2427],"class_list":{"0":"post-14840","1":"product","2":"type-product","3":"status-publish","4":"has-post-thumbnail","6":"product_brand-staviori","7":"product_brand-verona","8":"product_cat-perly","9":"product_cat-perly-ze-srebrem","10":"product_cat-srebro-2","11":"product_tag-bizuteria-z-perla","12":"product_tag-elegancki-naszyjnik","13":"product_tag-naszyjnik-z-perla","14":"product_tag-naszyjnik-z-perla-slodkowodna","15":"product_tag-ns53487","16":"product_tag-nsp6660y","17":"product_tag-perla-biala","18":"product_tag-perly-slodkowodne","19":"product_tag-pozlacane-srebro","20":"product_tag-prezent-dla-niej","21":"product_tag-srebro-925","22":"pa_kamien-naturalne-perly-hodowane-slodkowodne","23":"pa_kruszec-srebro","24":"pa_kruszec-srebro-pozlacane","25":"pa_proba-0-925","26":"pa_rozmiar-45cm","27":"pa_srednica-perel-7-11mm","28":"pa_waga-5g","30":"first","31":"instock","32":"purchasable","33":"product-type-simple"},"aioseo_notices":[],"_links":{"self":[{"href":"https:\/\/staviori.com.pl\/en\/wp-json\/wp\/v2\/product\/14840","targetHints":{"allow":["GET"]}}],"collection":[{"href":"https:\/\/staviori.com.pl\/en\/wp-json\/wp\/v2\/product"}],"about":[{"href":"https:\/\/staviori.com.pl\/en\/wp-json\/wp\/v2\/types\/product"}],"replies":[{"embeddable":true,"href":"https:\/\/staviori.com.pl\/en\/wp-json\/wp\/v2\/comments?post=14840"}],"wp:featuredmedia":[{"embeddable":true,"href":"https:\/\/staviori.com.pl\/en\/wp-json\/wp\/v2\/media\/14841"}],"wp:attachment":[{"href":"https:\/\/staviori.com.pl\/en\/wp-json\/wp\/v2\/media?parent=14840"}],"wp:term":[{"taxonomy":"product_brand","embeddable":true,"href":"https:\/\/staviori.com.pl\/en\/wp-json\/wp\/v2\/product_brand?post=14840"},{"taxonomy":"product_cat","embeddable":true,"href":"https:\/\/staviori.com.pl\/en\/wp-json\/wp\/v2\/product_cat?post=14840"},{"taxonomy":"product_tag","embeddable":true,"href":"https:\/\/staviori.com.pl\/en\/wp-json\/wp\/v2\/product_tag?post=14840"}],"curies":[{"name":"wp","href":"https:\/\/api.w.org\/{rel}","templated":true}]}}