{"id":14839,"date":"2025-02-24T22:47:16","date_gmt":"2025-02-24T21:47:16","guid":{"rendered":"https:\/\/staviori.com.pl\/product\/perly-ze-srebrem-nsn5700\/"},"modified":"2026-04-24T09:12:43","modified_gmt":"2026-04-24T07:12:43","slug":"perly-ze-srebrem-nsn5700","status":"publish","type":"product","link":"https:\/\/staviori.com.pl\/en\/product\/perly-ze-srebrem-nsn5700\/","title":{"rendered":"Beautiful classic necklace of natural pearls 120\/150 cm"},"content":{"rendered":"<p>Model: NSN5700<br \/>\nWaga ok. 100g<\/p>\n<p>Naszyjnik 120cm \/ 150cm<br \/>\nNatural Freshwater Cultured Pearls.<br \/>\n\u015arednica pere\u0142 8-8.5 mm.<\/p>\n<p>Please note that natural pearls and as a work of nature are not identical or perfect, and each pearl product may vary slightly.<\/p>\n<p>Pearls symbolise marital happiness and irrepressible faith. Their timeless character wonderfully complements classic jewellery. Designs with pearls will be the most beautiful gift you give to a loved one.<br \/>\nNecklace made of white and beige pearls, without a clasp.<br \/>\nPearls 8-8.5 mm in diameter.<\/p>\n<p>W przypadku braku na magazynie &#8211; mo\u017cliwo\u015b\u0107 zam\u00f3wienia &#8211; termin realizacji oko\u0142o 1 tygodnia.<\/p>","protected":false},"excerpt":{"rendered":"<p>Klasyczny, d\u0142ugi naszyjnik z naturalnych, hodowanych pere\u0142 s\u0142odkowodnych o \u015brednicy 8-8,5 mm. Ka\u017cda per\u0142a jest unikatowa, co nadaje bi\u017cuterii niepowtarzalny charakter i subtelny urok. Delikatny bia\u0142o-be\u017cowy odcie\u0144 podkre\u015bla ponadczasow\u0105 elegancj\u0119 tego modelu. Per\u0142y od wiek\u00f3w symbolizuj\u0105 szcz\u0119\u015bcie i trwa\u0142\u0105 wiar\u0119, a ich wyj\u0105tkowa forma sprawia, \u017ce naszyjnik doskonale uzupe\u0142ni zar\u00f3wno codzienne, jak i wieczorowe stylizacje. Idealny pomys\u0142 na wyj\u0105tkowy prezent dla bliskiej osoby.<\/p>","protected":false},"featured_media":18886,"comment_status":"closed","ping_status":"closed","template":"","meta":{"om_disable_all_campaigns":false},"product_brand":[2284,2350],"product_cat":[1393,1919,1817],"product_tag":[4274,4275,4230,4066,4276,4271,2603,4270,4038,4272,4273,4199,3399,2532,2291,3865,4269,4192],"class_list":{"0":"post-14839","1":"product","2":"type-product","3":"status-publish","4":"has-post-thumbnail","6":"product_brand-staviori","7":"product_brand-verona","8":"product_cat-perly","9":"product_cat-perly-ze-srebrem","10":"product_cat-srebro-2","11":"product_tag-120cm","12":"product_tag-150cm","13":"product_tag-classic-necklace","14":"product_tag-damska-bizuterie","15":"product_tag-dlugi-naszyjnik","16":"product_tag-freshwater-pearls","17":"product_tag-klasyczna-bizuteria","18":"product_tag-naszyjnik-z-perel","19":"product_tag-necklace","20":"product_tag-nsn5700","21":"product_tag-nsn5700l","22":"product_tag-pearl-jewelry","23":"product_tag-perly-naturalne","24":"product_tag-perly-slodkowodne","25":"product_tag-prezent-dla-niej","26":"product_tag-prirodni-perly","27":"product_tag-psb8p01","28":"product_tag-stribrny-nahrdelnik","29":"pa_kamien-naturalne-perly-hodowane-slodkowodne","30":"pa_rozmiar-120cm","31":"pa_rozmiar-150cm","32":"pa_srednica-perel-8-85mm","33":"pa_waga-100g","35":"first","36":"outofstock","37":"purchasable","38":"product-type-variable","39":"has-default-attributes"},"aioseo_notices":[],"_links":{"self":[{"href":"https:\/\/staviori.com.pl\/en\/wp-json\/wp\/v2\/product\/14839","targetHints":{"allow":["GET"]}}],"collection":[{"href":"https:\/\/staviori.com.pl\/en\/wp-json\/wp\/v2\/product"}],"about":[{"href":"https:\/\/staviori.com.pl\/en\/wp-json\/wp\/v2\/types\/product"}],"replies":[{"embeddable":true,"href":"https:\/\/staviori.com.pl\/en\/wp-json\/wp\/v2\/comments?post=14839"}],"wp:featuredmedia":[{"embeddable":true,"href":"https:\/\/staviori.com.pl\/en\/wp-json\/wp\/v2\/media\/18886"}],"wp:attachment":[{"href":"https:\/\/staviori.com.pl\/en\/wp-json\/wp\/v2\/media?parent=14839"}],"wp:term":[{"taxonomy":"product_brand","embeddable":true,"href":"https:\/\/staviori.com.pl\/en\/wp-json\/wp\/v2\/product_brand?post=14839"},{"taxonomy":"product_cat","embeddable":true,"href":"https:\/\/staviori.com.pl\/en\/wp-json\/wp\/v2\/product_cat?post=14839"},{"taxonomy":"product_tag","embeddable":true,"href":"https:\/\/staviori.com.pl\/en\/wp-json\/wp\/v2\/product_tag?post=14839"}],"curies":[{"name":"wp","href":"https:\/\/api.w.org\/{rel}","templated":true}]}}