{"id":14836,"date":"2025-02-24T22:47:16","date_gmt":"2025-02-24T21:47:16","guid":{"rendered":"https:\/\/staviori.com.pl\/product\/perly-ze-srebrem-nsn3453\/"},"modified":"2026-04-13T23:10:29","modified_gmt":"2026-04-13T21:10:29","slug":"perly-ze-srebrem-nsn3453","status":"publish","type":"product","link":"https:\/\/staviori.com.pl\/en\/product\/perly-ze-srebrem-nsn3453\/","title":{"rendered":"Natural pearls 8-9mm with silver NSN3453 | 42, 45, 50, 55 cm"},"content":{"rendered":"<p>Model: NSN3453<br \/>\nWaga ok. 30,00g<\/p>\n<p>Naszyjnik z per\u0142ami<br \/>\n0.925 rhodium-plated silver.<br \/>\nNatural Freshwater Cultured Pearls.<br \/>\nQuality B - white<br \/>\n8-9 mm diameter.<br \/>\nPlease note that natural pearls and as a work of nature are not identical or perfect, and each pearl product may vary slightly.<\/p>\n<p>Rozmiary: 42cm \/ 45 cm \/ 50 cm \/ 55 cm <\/p>","protected":false},"excerpt":{"rendered":"<p>Klasyczny naszyjnik z naturalnych pere\u0142 s\u0142odkowodnych to bi\u017cuteria, kt\u00f3ra nigdy nie wychodzi z mody. Bia\u0142e per\u0142y o \u015brednicy 8\u20139 mm, nawleczone na srebrn\u0105 ni\u0107 i wyko\u0144czone zapi\u0119ciem ze srebra rodowanego pr\u00f3by 0,925, emanuj\u0105 subtelnym blaskiem i naturalnym pi\u0119knem. Ka\u017cda per\u0142a jest unikalna \u2013 nieidealna, ale prawdziwa, co czyni ten naszyjnik wyj\u0105tkowym dodatkiem dla ka\u017cdej kobiety ceni\u0105cej autentyczno\u015b\u0107 i elegancj\u0119.<\/p>","protected":false},"featured_media":19150,"comment_status":"closed","ping_status":"closed","template":"","meta":{"om_disable_all_campaigns":false},"product_brand":[2284,2350],"product_cat":[1384,1393,1919,145,1817],"product_tag":[4632,3690,4631,4270,2513,4629,2532,3259,3101,4630],"class_list":{"0":"post-14836","1":"product","2":"type-product","3":"status-publish","4":"has-post-thumbnail","6":"product_brand-staviori","7":"product_brand-verona","8":"product_cat-bizuteria","9":"product_cat-perly","10":"product_cat-perly-ze-srebrem","11":"product_cat-srebro","12":"product_cat-srebro-2","13":"product_tag-bizuteria-z-perel","14":"product_tag-elegancki-prezent","15":"product_tag-klasyczny-naszyjnik","16":"product_tag-naszyjnik-z-perel","17":"product_tag-naturalne-perly","18":"product_tag-nsn3453","19":"product_tag-perly-slodkowodne","20":"product_tag-psb8s05","21":"product_tag-srebrna-bizuteria","22":"product_tag-srebro-0-925","23":"pa_kamien-naturalne-perly-hodowane-slodkowodne","24":"pa_kruszec-srebro-rodowane","25":"pa_proba-0-925","26":"pa_rozmiar-42cm","27":"pa_rozmiar-45cm","28":"pa_rozmiar-50cm","29":"pa_rozmiar-55cm","30":"pa_srednica-8-9mm","31":"pa_waga-30-00g","33":"first","34":"instock","35":"purchasable","36":"product-type-variable","37":"has-default-attributes"},"aioseo_notices":[],"_links":{"self":[{"href":"https:\/\/staviori.com.pl\/en\/wp-json\/wp\/v2\/product\/14836","targetHints":{"allow":["GET"]}}],"collection":[{"href":"https:\/\/staviori.com.pl\/en\/wp-json\/wp\/v2\/product"}],"about":[{"href":"https:\/\/staviori.com.pl\/en\/wp-json\/wp\/v2\/types\/product"}],"replies":[{"embeddable":true,"href":"https:\/\/staviori.com.pl\/en\/wp-json\/wp\/v2\/comments?post=14836"}],"wp:featuredmedia":[{"embeddable":true,"href":"https:\/\/staviori.com.pl\/en\/wp-json\/wp\/v2\/media\/19150"}],"wp:attachment":[{"href":"https:\/\/staviori.com.pl\/en\/wp-json\/wp\/v2\/media?parent=14836"}],"wp:term":[{"taxonomy":"product_brand","embeddable":true,"href":"https:\/\/staviori.com.pl\/en\/wp-json\/wp\/v2\/product_brand?post=14836"},{"taxonomy":"product_cat","embeddable":true,"href":"https:\/\/staviori.com.pl\/en\/wp-json\/wp\/v2\/product_cat?post=14836"},{"taxonomy":"product_tag","embeddable":true,"href":"https:\/\/staviori.com.pl\/en\/wp-json\/wp\/v2\/product_tag?post=14836"}],"curies":[{"name":"wp","href":"https:\/\/api.w.org\/{rel}","templated":true}]}}