{"id":14762,"date":"2025-02-24T22:47:11","date_gmt":"2025-02-24T21:47:11","guid":{"rendered":"https:\/\/staviori.com.pl\/product\/srebrne-naszyjniki-nsc6192\/"},"modified":"2026-02-11T00:08:56","modified_gmt":"2026-02-10T23:08:56","slug":"srebrne-naszyjniki-nsc6192","status":"publish","type":"product","link":"https:\/\/staviori.com.pl\/en\/product\/srebrne-naszyjniki-nsc6192\/","title":{"rendered":"Silver rhodium-plated minimalist necklace 47cm"},"content":{"rendered":"<p>Model: NSC6192<br \/>\nWeight approx. 2.10g<\/p>\n<p>Necklace 47 cm.<br \/>\n0.925 rhodium-plated silver.<\/p>","protected":false},"excerpt":{"rendered":"<p>Nowoczesny naszyjnik wykonany ze srebra rodowanego pr\u00f3by 0,925, zachwyca minimalistyczn\u0105 form\u0105 dw\u00f3ch po\u0142\u0105czonych, delikatnie zaokr\u0105glonych owalnych pier\u015bcieni. Prosty, a jednocze\u015bnie elegancki design doskonale podkre\u015bli indywidualny styl ka\u017cdej kobiety. Idealny zar\u00f3wno do codziennych, jak i bardziej wyrafinowanych stylizacji. Subtelny blask rodowanego srebra dodaje ca\u0142o\u015bci klasy i ponadczasowego charakteru.<\/p>","protected":false},"featured_media":3747,"comment_status":"closed","ping_status":"closed","template":"","meta":{"om_disable_all_campaigns":false},"product_brand":[2284,2350],"product_cat":[719,2133,1817],"product_tag":[2428,4066,3848,2384,4212,4214,4038,4215,4213,4217,4216,4111,3924,4192],"class_list":{"0":"post-14762","1":"product","2":"type-product","3":"status-publish","4":"has-post-thumbnail","6":"product_brand-staviori","7":"product_brand-verona","8":"product_cat-naszyjniki","9":"product_cat-srebrne-naszyjniki","10":"product_cat-srebro-2","11":"product_tag-bizuteria-srebrna","12":"product_tag-damska-bizuterie","13":"product_tag-minimalist-jewelry","14":"product_tag-minimalistyczna-bizuteria","15":"product_tag-n050079","16":"product_tag-naszyjnik-rodowany","17":"product_tag-necklace","18":"product_tag-nowoczesny-naszyjnik","19":"product_tag-nsc6192","20":"product_tag-rhodiovany-nahrdelnik","21":"product_tag-rhodium-plated","22":"product_tag-silver-jewelry","23":"product_tag-srebrny-naszyjnik","24":"product_tag-stribrny-nahrdelnik","25":"pa_kruszec-srebro-rodowane","26":"pa_proba-0-925","27":"pa_rozmiar-47cm","28":"pa_waga-210g","30":"first","31":"instock","32":"purchasable","33":"product-type-simple"},"aioseo_notices":[],"_links":{"self":[{"href":"https:\/\/staviori.com.pl\/en\/wp-json\/wp\/v2\/product\/14762","targetHints":{"allow":["GET"]}}],"collection":[{"href":"https:\/\/staviori.com.pl\/en\/wp-json\/wp\/v2\/product"}],"about":[{"href":"https:\/\/staviori.com.pl\/en\/wp-json\/wp\/v2\/types\/product"}],"replies":[{"embeddable":true,"href":"https:\/\/staviori.com.pl\/en\/wp-json\/wp\/v2\/comments?post=14762"}],"wp:featuredmedia":[{"embeddable":true,"href":"https:\/\/staviori.com.pl\/en\/wp-json\/wp\/v2\/media\/3747"}],"wp:attachment":[{"href":"https:\/\/staviori.com.pl\/en\/wp-json\/wp\/v2\/media?parent=14762"}],"wp:term":[{"taxonomy":"product_brand","embeddable":true,"href":"https:\/\/staviori.com.pl\/en\/wp-json\/wp\/v2\/product_brand?post=14762"},{"taxonomy":"product_cat","embeddable":true,"href":"https:\/\/staviori.com.pl\/en\/wp-json\/wp\/v2\/product_cat?post=14762"},{"taxonomy":"product_tag","embeddable":true,"href":"https:\/\/staviori.com.pl\/en\/wp-json\/wp\/v2\/product_tag?post=14762"}],"curies":[{"name":"wp","href":"https:\/\/api.w.org\/{rel}","templated":true}]}}