{"id":14748,"date":"2025-02-24T22:47:11","date_gmt":"2025-02-24T21:47:11","guid":{"rendered":"https:\/\/staviori.com.pl\/product\/zloty-lancuszek-nrx1000\/"},"modified":"2026-02-11T00:08:56","modified_gmt":"2026-02-10T23:08:56","slug":"zloty-lancuszek-nrx1000","status":"publish","type":"product","link":"https:\/\/staviori.com.pl\/en\/product\/zloty-lancuszek-nrx1000\/","title":{"rendered":"Gold delicate chain with length adjustment 40\/43cm rose gold"},"content":{"rendered":"<p>Model: NRX1000<br \/>\nWeight approx. 0.40g<\/p>\n<p>Necklace.<br \/>\nPink Gold 0.585.<br \/>\nAdjustable length of 40cm or 43cm.<br \/>\n1 mm wide.<\/p>\n<p>A rose gold chain \/ necklace - delicate as mist - which can be worn alone or matched with some delicate pendant.<\/p>","protected":false},"excerpt":{"rendered":"<p>Delikatny naszyjnik z r\u00f3\u017cowego z\u0142ota o subtelnym splocie, kt\u00f3ry pi\u0119knie podkre\u015bli dekolt i doda blasku ka\u017cdej stylizacji. \u0141a\u0144cuszek o lekkiej formie, niczym mgie\u0142ka, doskonale prezentuje si\u0119 zar\u00f3wno solo, jak i z ulubion\u0105 zawieszk\u0105. Idealny wyb\u00f3r dla kobiet ceni\u0105cych minimalizm i ponadczasow\u0105 elegancj\u0119.<\/p>","protected":false},"featured_media":3682,"comment_status":"closed","ping_status":"closed","template":"","meta":{"om_disable_all_campaigns":false},"product_brand":[2284],"product_cat":[690,1930,2072],"product_tag":[4175],"class_list":{"0":"post-14748","1":"product","2":"type-product","3":"status-publish","4":"has-post-thumbnail","6":"product_brand-staviori","7":"product_cat-lancuszki","8":"product_cat-zloto-2","9":"product_cat-zloty-lancuszek","10":"product_tag-nrx1000","11":"pa_kolor-rozowe","12":"pa_kruszec-zloto","13":"pa_proba-0-585","14":"pa_rozmiar-dlugosc-regulowana-40-lub-43cm","15":"pa_szerokosc-1mm","16":"pa_waga-040g","18":"first","19":"instock","20":"purchasable","21":"product-type-simple"},"aioseo_notices":[],"_links":{"self":[{"href":"https:\/\/staviori.com.pl\/en\/wp-json\/wp\/v2\/product\/14748","targetHints":{"allow":["GET"]}}],"collection":[{"href":"https:\/\/staviori.com.pl\/en\/wp-json\/wp\/v2\/product"}],"about":[{"href":"https:\/\/staviori.com.pl\/en\/wp-json\/wp\/v2\/types\/product"}],"replies":[{"embeddable":true,"href":"https:\/\/staviori.com.pl\/en\/wp-json\/wp\/v2\/comments?post=14748"}],"wp:featuredmedia":[{"embeddable":true,"href":"https:\/\/staviori.com.pl\/en\/wp-json\/wp\/v2\/media\/3682"}],"wp:attachment":[{"href":"https:\/\/staviori.com.pl\/en\/wp-json\/wp\/v2\/media?parent=14748"}],"wp:term":[{"taxonomy":"product_brand","embeddable":true,"href":"https:\/\/staviori.com.pl\/en\/wp-json\/wp\/v2\/product_brand?post=14748"},{"taxonomy":"product_cat","embeddable":true,"href":"https:\/\/staviori.com.pl\/en\/wp-json\/wp\/v2\/product_cat?post=14748"},{"taxonomy":"product_tag","embeddable":true,"href":"https:\/\/staviori.com.pl\/en\/wp-json\/wp\/v2\/product_tag?post=14748"}],"curies":[{"name":"wp","href":"https:\/\/api.w.org\/{rel}","templated":true}]}}