{"id":14741,"date":"2025-02-24T22:47:07","date_gmt":"2025-02-24T21:47:07","guid":{"rendered":"https:\/\/staviori.com.pl\/product\/srebrne-naszyjniki-ndm4109\/"},"modified":"2026-02-11T00:08:56","modified_gmt":"2026-02-10T23:08:56","slug":"srebrne-naszyjniki-ndm4109","status":"publish","type":"product","link":"https:\/\/staviori.com.pl\/en\/product\/srebrne-naszyjniki-ndm4109\/","title":{"rendered":"Silver necklace with flowers and marcasites"},"content":{"rendered":"<p>Model: NDM4109<br \/>\nWaga ok. 11,40g<\/p>\n<p>Necklace 45 cm.<br \/>\nSrebro rodowane, oksydowane 0,925.<br \/>\nMarcasites.<\/p>\n<p>\u015arednica 9.2 mm.<br \/>\nD\u0142ugo\u015b\u0107 130 mm.<\/p>","protected":false},"excerpt":{"rendered":"<p>Wyj\u0105tkowy, d\u0142ugi naszyjnik z rodowanego srebra pr\u00f3by 0,925, ozdobiony subtelnymi kwiatkami wysadzanymi markazytami. Finezyjny splot i kwiatowy motyw nadaj\u0105 ca\u0142o\u015bci romantycznego i kobiecego charakteru, idealnego zar\u00f3wno do codziennych stylizacji, jak i na wyj\u0105tkowe okazje. Delikatna forma i efektowne wyko\u0144czenie sprawiaj\u0105, \u017ce naszyjnik pi\u0119knie uk\u0142ada si\u0119 na dekolcie, przyci\u0105gaj\u0105c wzrok niepowtarzalnym blaskiem i oryginalno\u015bci\u0105.<\/p>","protected":false},"featured_media":3614,"comment_status":"closed","ping_status":"closed","template":"","meta":{"om_disable_all_campaigns":false},"product_brand":[2284],"product_cat":[719,2133,1817],"product_tag":[2541,3933,3779,4117,3748,4115,4118,2425,4114,4113,2332,4116,4119,2426,4120],"class_list":{"0":"post-14741","1":"product","2":"type-product","3":"status-publish","4":"has-post-thumbnail","6":"product_brand-staviori","7":"product_cat-naszyjniki","8":"product_cat-srebrne-naszyjniki","9":"product_cat-srebro-2","10":"product_tag-bizuteria-damska","11":"product_tag-delikatny-naszyjnik","12":"product_tag-elegant","13":"product_tag-floral-necklace","14":"product_tag-gift","15":"product_tag-kwiaty","16":"product_tag-marcasite-jewelry","17":"product_tag-markazyty","18":"product_tag-naszyjnik-srebrny","19":"product_tag-ndm4109","20":"product_tag-prezent","21":"product_tag-romantyczny-styl","22":"product_tag-silver-chain","23":"product_tag-srebro-rodowane","24":"product_tag-woman","25":"pa_dlugosc-130mm","26":"pa_dostawca-markazyty-hong","27":"pa_kamien-markazyty","28":"pa_kruszec-srebro-rodowane","29":"pa_motyw-kwiatek","30":"pa_proba-0-925","31":"pa_srednica-9-2mm","32":"pa_waga-11-40g","34":"first","35":"instock","36":"purchasable","37":"product-type-simple"},"aioseo_notices":[],"_links":{"self":[{"href":"https:\/\/staviori.com.pl\/en\/wp-json\/wp\/v2\/product\/14741","targetHints":{"allow":["GET"]}}],"collection":[{"href":"https:\/\/staviori.com.pl\/en\/wp-json\/wp\/v2\/product"}],"about":[{"href":"https:\/\/staviori.com.pl\/en\/wp-json\/wp\/v2\/types\/product"}],"replies":[{"embeddable":true,"href":"https:\/\/staviori.com.pl\/en\/wp-json\/wp\/v2\/comments?post=14741"}],"wp:featuredmedia":[{"embeddable":true,"href":"https:\/\/staviori.com.pl\/en\/wp-json\/wp\/v2\/media\/3614"}],"wp:attachment":[{"href":"https:\/\/staviori.com.pl\/en\/wp-json\/wp\/v2\/media?parent=14741"}],"wp:term":[{"taxonomy":"product_brand","embeddable":true,"href":"https:\/\/staviori.com.pl\/en\/wp-json\/wp\/v2\/product_brand?post=14741"},{"taxonomy":"product_cat","embeddable":true,"href":"https:\/\/staviori.com.pl\/en\/wp-json\/wp\/v2\/product_cat?post=14741"},{"taxonomy":"product_tag","embeddable":true,"href":"https:\/\/staviori.com.pl\/en\/wp-json\/wp\/v2\/product_tag?post=14741"}],"curies":[{"name":"wp","href":"https:\/\/api.w.org\/{rel}","templated":true}]}}