{"id":14735,"date":"2025-02-24T22:47:07","date_gmt":"2025-02-24T21:47:07","guid":{"rendered":"https:\/\/staviori.com.pl\/product\/zloty-lancuszek-nbx1000\/"},"modified":"2026-02-11T00:08:55","modified_gmt":"2026-02-10T23:08:55","slug":"zloty-lancuszek-nbx1000","status":"publish","type":"product","link":"https:\/\/staviori.com.pl\/en\/product\/zloty-lancuszek-nbx1000\/","title":{"rendered":"Gold delicate chain with length adjustment 40\/43cm"},"content":{"rendered":"<p>Model: NBX1000<br \/>\nWeight approx. 0.40g<\/p>\n<p>Necklace.<br \/>\nWhite gold 0.585.<br \/>\nAdjustable length of 40cm or 43cm.<br \/>\n1 mm wide.<\/p>\n<p>A chain \/ necklace - delicate as mist - which can be worn alone or matched with some delicate pendant.<\/p>","protected":false},"excerpt":{"rendered":"<p>Delikatny jak mgie\u0142ka \u0142a\u0144cuszek z bia\u0142ego z\u0142ota pr\u00f3by 0,585 to klasyka, kt\u00f3ra nigdy nie wychodzi z mody. Idealnie sprawdzi si\u0119 zar\u00f3wno noszony solo, jak i w po\u0142\u0105czeniu z ulubion\u0105 zawieszk\u0105, podkre\u015blaj\u0105c subtelny styl ka\u017cdej kobiety. Jego uniwersalny charakter sprawia, \u017ce b\u0119dzie doskona\u0142ym wyborem na ka\u017cd\u0105 okazj\u0119.<\/p>","protected":false},"featured_media":3584,"comment_status":"closed","ping_status":"closed","template":"","meta":{"om_disable_all_campaigns":false},"product_brand":[2284],"product_cat":[690,1930,2072],"product_tag":[2308,3933,3717,3807,2384,4168,2332,4004],"class_list":{"0":"post-14735","1":"product","2":"type-product","3":"status-publish","4":"has-post-thumbnail","6":"product_brand-staviori","7":"product_cat-lancuszki","8":"product_cat-zloto-2","9":"product_cat-zloty-lancuszek","10":"product_tag-biale-zloto","11":"product_tag-delikatny-naszyjnik","12":"product_tag-klasyka","13":"product_tag-lancuszek","14":"product_tag-minimalistyczna-bizuteria","15":"product_tag-nbx1000","16":"product_tag-prezent","17":"product_tag-zloty-lancuszek","18":"pa_dostawca-denise","19":"pa_kolor-biale","20":"pa_kruszec-zloto","21":"pa_proba-0-585","22":"pa_szerokosc-1mm","23":"pa_waga-040g","25":"first","26":"instock","27":"purchasable","28":"product-type-simple"},"aioseo_notices":[],"_links":{"self":[{"href":"https:\/\/staviori.com.pl\/en\/wp-json\/wp\/v2\/product\/14735","targetHints":{"allow":["GET"]}}],"collection":[{"href":"https:\/\/staviori.com.pl\/en\/wp-json\/wp\/v2\/product"}],"about":[{"href":"https:\/\/staviori.com.pl\/en\/wp-json\/wp\/v2\/types\/product"}],"replies":[{"embeddable":true,"href":"https:\/\/staviori.com.pl\/en\/wp-json\/wp\/v2\/comments?post=14735"}],"wp:featuredmedia":[{"embeddable":true,"href":"https:\/\/staviori.com.pl\/en\/wp-json\/wp\/v2\/media\/3584"}],"wp:attachment":[{"href":"https:\/\/staviori.com.pl\/en\/wp-json\/wp\/v2\/media?parent=14735"}],"wp:term":[{"taxonomy":"product_brand","embeddable":true,"href":"https:\/\/staviori.com.pl\/en\/wp-json\/wp\/v2\/product_brand?post=14735"},{"taxonomy":"product_cat","embeddable":true,"href":"https:\/\/staviori.com.pl\/en\/wp-json\/wp\/v2\/product_cat?post=14735"},{"taxonomy":"product_tag","embeddable":true,"href":"https:\/\/staviori.com.pl\/en\/wp-json\/wp\/v2\/product_tag?post=14735"}],"curies":[{"name":"wp","href":"https:\/\/api.w.org\/{rel}","templated":true}]}}